{"id":82629,"date":"2024-04-20T01:33:23","date_gmt":"2024-04-20T01:33:23","guid":{"rendered":"https:\/\/onlinehardwareshop.de\/index.php\/produkt\/epson-expression-home-xp-3200-1-satz-zustzliche-xl-patronen-2\/"},"modified":"2025-05-14T16:45:57","modified_gmt":"2025-05-14T16:45:57","slug":"epson-expression-home-xp-3200-1-satz-zustzliche-xl-patronen","status":"publish","type":"product","link":"https:\/\/onlinehardwareshop.de\/index.php\/produkt\/epson-expression-home-xp-3200-1-satz-zustzliche-xl-patronen\/","title":{"rendered":"Epson Expression Home XP-3200 + 1 Satz zus&#xE4;tzliche XL-Patronen"},"content":{"rendered":"<p>Mit diesem Set aus Epson Expression Home XP-3200 + 1 Satz XL-Reservetinte legst du dir zu deinem Drucker jeweils eine Schwarz-Wei\u00df- und eine Farbpatrone zu. Mit den XL-Patronen druckst du bis zu 350 Seiten in Farbe und 500 Seiten in Schwarz-Wei\u00df, sodass du f\u00fcrs Erste mit gen\u00fcgend Tinte versorgt bist. Der Epson XP-3200 ist ein Multifunktions-Tintenstrahldrucker f\u00fcr dein Zuhause, mit dem du Dokumente druckst, scannst und kopierst. Durch die hohe Aufl\u00f6sung von 5.760\u00a0x 1.440\u00a0dpi werden deine Abbildungen und Grafiken scharf ausgedruckt. Dieses Ger\u00e4t druckt automatisch beidseitig. Dadurch sparst du Zeit, weil du das Papier nicht erst selbst umdrehst. Mit den zwei separaten Papierkassetten bewahrst du Fotopapier und Standardpapier getrennt voneinander auf. Mit dem eingebauten WLAN druckst du \u00fcber Apple AirPrint und E-Mail. Der XP-3200 hat ein kompaktes Format, womit er auf jeden Schreibtisch passt.    Dieser Drucker eignet sich f\u00fcr Epson ReadyPrint. Epson ReadyPrint ist ein monatlich k\u00fcndbares Tintenabo. Dein Drucker bestellt automatisch neue Patronen bei Epson, sobald deine Tinte beinahe aufgebraucht ist. So geht dir nie mehr die Tinte aus. M\u00f6chtest du gerne mehr erfahren \u00fcber Epson ReadyPrint? Sieh dir unseren Beratungsartikel an.<\/p>\n","protected":false},"excerpt":{"rendered":"<p>Mit diesem Set aus Epson Expression Home XP-3200 + 1 Satz XL-Reservetinte legst du dir zu deinem Drucker jeweils eine Schwarz-Wei\u00df- und eine Farbpatrone zu. Mit den XL-Patronen druckst du bis zu 350 Seiten in Farbe und 500 Seiten in Schwarz-Wei\u00df, sodass du f\u00fcrs Erste mit gen\u00fcgend Tinte versorgt bist. Der Epson XP-3200 ist ein Multifunktions-Tintenstrahldrucker f\u00fcr dein Zuhause, mit dem du Dokumente druckst, scannst und kopierst. Durch die hohe Aufl\u00f6sung von 5.760\u00a0x 1.440\u00a0dpi werden deine Abbildungen und Grafiken scharf ausgedruckt. Dieses Ger\u00e4t druckt automatisch beidseitig. Dadurch sparst du Zeit, weil du das Papier nicht erst selbst umdrehst. Mit den zwei separaten Papierkassetten bewahrst du Fotopapier und Standardpapier getrennt voneinander auf. Mit dem eingebauten WLAN druckst du \u00fcber Apple AirPrint und E-Mail. Der XP-3200 hat ein kompaktes Format, womit er auf jeden Schreibtisch passt.    Dieser Drucker eignet sich f\u00fcr Epson ReadyPrint. Epson ReadyPrint ist ein monatlich k\u00fcndbares Tintenabo. Dein Drucker bestellt automatisch neue Patronen bei Epson, sobald deine Tinte beinahe aufgebraucht ist. So geht dir nie mehr die Tinte aus. M\u00f6chtest du gerne mehr erfahren \u00fcber Epson ReadyPrint? Sieh dir unseren Beratungsartikel an.<\/p>\n","protected":false},"featured_media":0,"comment_status":"closed","ping_status":"open","template":"","meta":{"_acf_changed":false},"brand":[267],"product_brand":[],"product_cat":[2205],"product_tag":[2206],"class_list":{"0":"post-82629","1":"product","2":"type-product","3":"status-publish","5":"brand-epson","6":"product_cat-drucker","7":"product_tag-inkjetprinters","8":"pa_condition-new","9":"pa_coolblue-de-verzending-morgen-gratis-geliefert","10":"pa_ean-25798","12":"first","13":"instock","14":"product-type-external"},"acf":[],"_links":{"self":[{"href":"https:\/\/onlinehardwareshop.de\/index.php\/wp-json\/wp\/v2\/product\/82629","targetHints":{"allow":["GET"]}}],"collection":[{"href":"https:\/\/onlinehardwareshop.de\/index.php\/wp-json\/wp\/v2\/product"}],"about":[{"href":"https:\/\/onlinehardwareshop.de\/index.php\/wp-json\/wp\/v2\/types\/product"}],"replies":[{"embeddable":true,"href":"https:\/\/onlinehardwareshop.de\/index.php\/wp-json\/wp\/v2\/comments?post=82629"}],"wp:attachment":[{"href":"https:\/\/onlinehardwareshop.de\/index.php\/wp-json\/wp\/v2\/media?parent=82629"}],"wp:term":[{"taxonomy":"brand","embeddable":true,"href":"https:\/\/onlinehardwareshop.de\/index.php\/wp-json\/wp\/v2\/brand?post=82629"},{"taxonomy":"product_brand","embeddable":true,"href":"https:\/\/onlinehardwareshop.de\/index.php\/wp-json\/wp\/v2\/product_brand?post=82629"},{"taxonomy":"product_cat","embeddable":true,"href":"https:\/\/onlinehardwareshop.de\/index.php\/wp-json\/wp\/v2\/product_cat?post=82629"},{"taxonomy":"product_tag","embeddable":true,"href":"https:\/\/onlinehardwareshop.de\/index.php\/wp-json\/wp\/v2\/product_tag?post=82629"}],"curies":[{"name":"wp","href":"https:\/\/api.w.org\/{rel}","templated":true}]}}