{"id":82606,"date":"2024-06-06T20:22:30","date_gmt":"2024-06-06T20:22:30","guid":{"rendered":"https:\/\/onlinehardwareshop.de\/index.php\/produkt\/bosch-nkn645ga2e-herdgesteuert-2\/"},"modified":"2025-05-14T16:44:14","modified_gmt":"2025-05-14T16:44:14","slug":"bosch-nkn645ga2e-herdgesteuert","status":"publish","type":"product","link":"https:\/\/onlinehardwareshop.de\/index.php\/produkt\/bosch-nkn645ga2e-herdgesteuert\/","title":{"rendered":"Bosch NKN645GA2E &#8211; herdgesteuert"},"content":{"rendered":"<p>Du entfaltest deine Kochk\u00fcnste mit dem Bosch NKN645GA2E Einbau Glaskeramikkochfeld. Wenn du gerne sonntags f\u00fcr die ganze Familie kochst, dann nutzt du die Br\u00e4terzone. Diese schaltest du hinzu, um eine der Kochzonen zu vergr\u00f6\u00dfern. So schaffst du Platz f\u00fcr eine l\u00e4ngliche Pfanne oder einen Br\u00e4ter. Falls das Nudelwasser in einem unbeobachteten Moment \u00fcberkocht, schaltet sich die Kochzone automatisch ab. Das verhindert unsch\u00f6ne, eingebrannte Essensreste auf der Oberfl\u00e4che. Nach dem Abendessen wei\u00dft du genau, wann das Kochfeld ausreichend abgek\u00fchlt ist. Denn die Restw\u00e4rmeanzeige verhindert, dass du dir bei der Reinigung aus Versehen die Finger verbrennst. Du steuerst das Kochfeld \u00fcber die Bedienknebel auf der Vorderseite des dazugeh\u00f6rigen Einbauherds.<\/p>\n","protected":false},"excerpt":{"rendered":"<p>Du entfaltest deine Kochk\u00fcnste mit dem Bosch NKN645GA2E Einbau Glaskeramikkochfeld. Wenn du gerne sonntags f\u00fcr die ganze Familie kochst, dann nutzt du die Br\u00e4terzone. Diese schaltest du hinzu, um eine der Kochzonen zu vergr\u00f6\u00dfern. So schaffst du Platz f\u00fcr eine l\u00e4ngliche Pfanne oder einen Br\u00e4ter. Falls das Nudelwasser in einem unbeobachteten Moment \u00fcberkocht, schaltet sich die Kochzone automatisch ab. Das verhindert unsch\u00f6ne, eingebrannte Essensreste auf der Oberfl\u00e4che. Nach dem Abendessen wei\u00dft du genau, wann das Kochfeld ausreichend abgek\u00fchlt ist. Denn die Restw\u00e4rmeanzeige verhindert, dass du dir bei der Reinigung aus Versehen die Finger verbrennst. Du steuerst das Kochfeld \u00fcber die Bedienknebel auf der Vorderseite des dazugeh\u00f6rigen Einbauherds.<\/p>\n","protected":false},"featured_media":0,"comment_status":"closed","ping_status":"open","template":"","meta":{"_acf_changed":false},"brand":[250],"product_brand":[],"product_cat":[2595],"product_tag":[2596],"class_list":{"0":"post-82606","1":"product","2":"type-product","3":"status-publish","5":"brand-bosch","6":"product_cat-kochfelder","7":"product_tag-inbouw-keramische-kookplaten","8":"pa_condition-new","9":"pa_coolblue-de-verzending-morgen-gratis-geliefert","10":"pa_ean-25768","11":"pa_mpn-nkn645ga2e","13":"first","14":"instock","15":"product-type-external"},"acf":[],"_links":{"self":[{"href":"https:\/\/onlinehardwareshop.de\/index.php\/wp-json\/wp\/v2\/product\/82606","targetHints":{"allow":["GET"]}}],"collection":[{"href":"https:\/\/onlinehardwareshop.de\/index.php\/wp-json\/wp\/v2\/product"}],"about":[{"href":"https:\/\/onlinehardwareshop.de\/index.php\/wp-json\/wp\/v2\/types\/product"}],"replies":[{"embeddable":true,"href":"https:\/\/onlinehardwareshop.de\/index.php\/wp-json\/wp\/v2\/comments?post=82606"}],"wp:attachment":[{"href":"https:\/\/onlinehardwareshop.de\/index.php\/wp-json\/wp\/v2\/media?parent=82606"}],"wp:term":[{"taxonomy":"brand","embeddable":true,"href":"https:\/\/onlinehardwareshop.de\/index.php\/wp-json\/wp\/v2\/brand?post=82606"},{"taxonomy":"product_brand","embeddable":true,"href":"https:\/\/onlinehardwareshop.de\/index.php\/wp-json\/wp\/v2\/product_brand?post=82606"},{"taxonomy":"product_cat","embeddable":true,"href":"https:\/\/onlinehardwareshop.de\/index.php\/wp-json\/wp\/v2\/product_cat?post=82606"},{"taxonomy":"product_tag","embeddable":true,"href":"https:\/\/onlinehardwareshop.de\/index.php\/wp-json\/wp\/v2\/product_tag?post=82606"}],"curies":[{"name":"wp","href":"https:\/\/api.w.org\/{rel}","templated":true}]}}