{"id":82591,"date":"2025-02-12T01:38:38","date_gmt":"2025-02-12T01:38:38","guid":{"rendered":"https:\/\/onlinehardwareshop.de\/index.php\/produkt\/hp-everyday-16-odyssey-gray-laptop-briefcase-2\/"},"modified":"2025-05-14T16:42:53","modified_gmt":"2025-05-14T16:42:53","slug":"hp-everyday-16-odyssey-gray-laptop-briefcase","status":"publish","type":"product","link":"https:\/\/onlinehardwareshop.de\/index.php\/produkt\/hp-everyday-16-odyssey-gray-laptop-briefcase\/","title":{"rendered":"HP Everyday 16 Odyssey Gray Laptop Briefcase"},"content":{"rendered":"<p>Im HP Everyday 16 Zoll Odyssey Gray Laptop Briefcase wird dein 16-Zoll-Laptop gut vor Besch\u00e4digungen gesch\u00fctzt und nimmst du ihn m\u00fchelos unterwegs mit. Mit dem inbegriffenen Schulterband tr\u00e4gst du diese Tasche problemlos \u00fcber deine Schulter. Am Band befindet sich ein gepolstertes Schulterpad, sodass du die Tasche unterwegs komfortabel tr\u00e4gst. Das Laptopfach hat einen Klettbandverschluss, weshalb dein Laptop an Ort und Stelle bleibt. Dadurch fliegt dein Laptop nicht in der Tasche herum, wenn du deine Tasche zum Beispiel verschiebst. F\u00e4hrst du oft mit dem Fahrrad zur Arbeit? Kein Problem, denn die Tasche hat eine wasserabweisende Beschichtung, sodass dein Laptop gesch\u00fctzt wird, wenn du beispielsweise durch Regen f\u00e4hrst. Zudem gibt es ein zus\u00e4tzliches Fach f\u00fcr Zubeh\u00f6r wie deine Maus, dein Ladeger\u00e4t oder dein Notizheft. Diese Laptoptasche gesteht aus recyceltem Kunststoff, weshalb du eine nachhaltige Wahl triffst.   Die Innenma\u00dfe dieser Laptoph\u00fclle betragen 5 x 40,5 x 30,5\u00a0cm.<\/p>\n","protected":false},"excerpt":{"rendered":"<p>Im HP Everyday 16 Zoll Odyssey Gray Laptop Briefcase wird dein 16-Zoll-Laptop gut vor Besch\u00e4digungen gesch\u00fctzt und nimmst du ihn m\u00fchelos unterwegs mit. Mit dem inbegriffenen Schulterband tr\u00e4gst du diese Tasche problemlos \u00fcber deine Schulter. Am Band befindet sich ein gepolstertes Schulterpad, sodass du die Tasche unterwegs komfortabel tr\u00e4gst. Das Laptopfach hat einen Klettbandverschluss, weshalb dein Laptop an Ort und Stelle bleibt. Dadurch fliegt dein Laptop nicht in der Tasche herum, wenn du deine Tasche zum Beispiel verschiebst. F\u00e4hrst du oft mit dem Fahrrad zur Arbeit? Kein Problem, denn die Tasche hat eine wasserabweisende Beschichtung, sodass dein Laptop gesch\u00fctzt wird, wenn du beispielsweise durch Regen f\u00e4hrst. Zudem gibt es ein zus\u00e4tzliches Fach f\u00fcr Zubeh\u00f6r wie deine Maus, dein Ladeger\u00e4t oder dein Notizheft. Diese Laptoptasche gesteht aus recyceltem Kunststoff, weshalb du eine nachhaltige Wahl triffst.   Die Innenma\u00dfe dieser Laptoph\u00fclle betragen 5 x 40,5 x 30,5\u00a0cm.<\/p>\n","protected":false},"featured_media":0,"comment_status":"closed","ping_status":"open","template":"","meta":{"_acf_changed":false},"brand":[90],"product_brand":[],"product_cat":[431],"product_tag":[432],"class_list":{"0":"post-82591","1":"product","2":"type-product","3":"status-publish","5":"brand-hp","6":"product_cat-umhngetaschen","7":"product_tag-niet-leren-schoudertassen","8":"pa_condition-new","9":"pa_coolblue-de-verzending-morgen-gratis-geliefert","10":"pa_ean-25739","11":"pa_mpn-a08jtaa","13":"first","14":"instock","15":"product-type-external"},"acf":[],"_links":{"self":[{"href":"https:\/\/onlinehardwareshop.de\/index.php\/wp-json\/wp\/v2\/product\/82591","targetHints":{"allow":["GET"]}}],"collection":[{"href":"https:\/\/onlinehardwareshop.de\/index.php\/wp-json\/wp\/v2\/product"}],"about":[{"href":"https:\/\/onlinehardwareshop.de\/index.php\/wp-json\/wp\/v2\/types\/product"}],"replies":[{"embeddable":true,"href":"https:\/\/onlinehardwareshop.de\/index.php\/wp-json\/wp\/v2\/comments?post=82591"}],"wp:attachment":[{"href":"https:\/\/onlinehardwareshop.de\/index.php\/wp-json\/wp\/v2\/media?parent=82591"}],"wp:term":[{"taxonomy":"brand","embeddable":true,"href":"https:\/\/onlinehardwareshop.de\/index.php\/wp-json\/wp\/v2\/brand?post=82591"},{"taxonomy":"product_brand","embeddable":true,"href":"https:\/\/onlinehardwareshop.de\/index.php\/wp-json\/wp\/v2\/product_brand?post=82591"},{"taxonomy":"product_cat","embeddable":true,"href":"https:\/\/onlinehardwareshop.de\/index.php\/wp-json\/wp\/v2\/product_cat?post=82591"},{"taxonomy":"product_tag","embeddable":true,"href":"https:\/\/onlinehardwareshop.de\/index.php\/wp-json\/wp\/v2\/product_tag?post=82591"}],"curies":[{"name":"wp","href":"https:\/\/api.w.org\/{rel}","templated":true}]}}