{"id":82543,"date":"2024-07-06T22:09:59","date_gmt":"2024-07-06T22:09:59","guid":{"rendered":"https:\/\/onlinehardwareshop.de\/index.php\/produkt\/bluebuilt-kobo-clara-bw-colour-book-case-grn-2\/"},"modified":"2025-05-14T16:37:56","modified_gmt":"2025-05-14T16:37:56","slug":"bluebuilt-kobo-clara-bw-colour-book-case-grn","status":"publish","type":"product","link":"https:\/\/onlinehardwareshop.de\/index.php\/produkt\/bluebuilt-kobo-clara-bw-colour-book-case-grn\/","title":{"rendered":"BlueBuilt Kobo Clara BW \/ Colour Book Case Gr&#xFC;n"},"content":{"rendered":"<p>Mit dem BlueBuilt Kobo Clara BW \/ Colour Book Case Gr\u00fcn bleibt dein Kobo Clara BW oder Colour m\u00f6glichst lange wie neu. Das Book Case sch\u00fctzt die Vorder- und R\u00fcckseite sowie die Seiten deines eBook-Readers. Die H\u00fclle h\u00e4lt dein Display frei von Schmutz und Kratzern, sodass du deinen eBook-Reader unbesorgt in dieselbe Tasche steckst wie deine Schl\u00fcssel. Die H\u00fclle geht auch nicht einfach so auf, weil sie mit einem Magnetverschluss geschlossen bleibt. Keine Lust, deinen eBook-Reader beim Lesen festzuhalten? Dann falte die Frontklappe zu einem St\u00e4nder, auf dem du deinen eBook-Reader aufrecht hinstellst. Wenn du die H\u00fclle aufklappst, schaltet sich der eBook-Reader sofort ein. Sobald du sie schlie\u00dft, wird das Ger\u00e4t in den Ruhemodus versetzt. Du erh\u00e4ltst 5 Jahre Garantie auf diese BlueBuilt H\u00fclle.<\/p>\n","protected":false},"excerpt":{"rendered":"<p>Mit dem BlueBuilt Kobo Clara BW \/ Colour Book Case Gr\u00fcn bleibt dein Kobo Clara BW oder Colour m\u00f6glichst lange wie neu. Das Book Case sch\u00fctzt die Vorder- und R\u00fcckseite sowie die Seiten deines eBook-Readers. Die H\u00fclle h\u00e4lt dein Display frei von Schmutz und Kratzern, sodass du deinen eBook-Reader unbesorgt in dieselbe Tasche steckst wie deine Schl\u00fcssel. Die H\u00fclle geht auch nicht einfach so auf, weil sie mit einem Magnetverschluss geschlossen bleibt. Keine Lust, deinen eBook-Reader beim Lesen festzuhalten? Dann falte die Frontklappe zu einem St\u00e4nder, auf dem du deinen eBook-Reader aufrecht hinstellst. Wenn du die H\u00fclle aufklappst, schaltet sich der eBook-Reader sofort ein. Sobald du sie schlie\u00dft, wird das Ger\u00e4t in den Ruhemodus versetzt. Du erh\u00e4ltst 5 Jahre Garantie auf diese BlueBuilt H\u00fclle.<\/p>\n","protected":false},"featured_media":0,"comment_status":"closed","ping_status":"open","template":"","meta":{"_acf_changed":false},"brand":[5893],"product_brand":[],"product_cat":[13328],"product_tag":[13329],"class_list":{"0":"post-82543","1":"product","2":"type-product","3":"status-publish","5":"brand-bluebuilt","6":"product_cat-hllen-fr-ebook-reader","7":"product_tag-cases-e-readers","8":"pa_condition-new","9":"pa_coolblue-de-verzending-morgen-gratis-geliefert","10":"pa_ean-25646","11":"pa_mpn-bberccbwcc003","13":"first","14":"instock","15":"product-type-external"},"acf":[],"_links":{"self":[{"href":"https:\/\/onlinehardwareshop.de\/index.php\/wp-json\/wp\/v2\/product\/82543","targetHints":{"allow":["GET"]}}],"collection":[{"href":"https:\/\/onlinehardwareshop.de\/index.php\/wp-json\/wp\/v2\/product"}],"about":[{"href":"https:\/\/onlinehardwareshop.de\/index.php\/wp-json\/wp\/v2\/types\/product"}],"replies":[{"embeddable":true,"href":"https:\/\/onlinehardwareshop.de\/index.php\/wp-json\/wp\/v2\/comments?post=82543"}],"wp:attachment":[{"href":"https:\/\/onlinehardwareshop.de\/index.php\/wp-json\/wp\/v2\/media?parent=82543"}],"wp:term":[{"taxonomy":"brand","embeddable":true,"href":"https:\/\/onlinehardwareshop.de\/index.php\/wp-json\/wp\/v2\/brand?post=82543"},{"taxonomy":"product_brand","embeddable":true,"href":"https:\/\/onlinehardwareshop.de\/index.php\/wp-json\/wp\/v2\/product_brand?post=82543"},{"taxonomy":"product_cat","embeddable":true,"href":"https:\/\/onlinehardwareshop.de\/index.php\/wp-json\/wp\/v2\/product_cat?post=82543"},{"taxonomy":"product_tag","embeddable":true,"href":"https:\/\/onlinehardwareshop.de\/index.php\/wp-json\/wp\/v2\/product_tag?post=82543"}],"curies":[{"name":"wp","href":"https:\/\/api.w.org\/{rel}","templated":true}]}}