{"id":82533,"date":"2024-07-11T14:53:06","date_gmt":"2024-07-11T14:53:06","guid":{"rendered":"https:\/\/onlinehardwareshop.de\/index.php\/produkt\/dji-mic-mini-charging-case-2\/"},"modified":"2025-05-14T16:37:07","modified_gmt":"2025-05-14T16:37:07","slug":"dji-mic-mini-charging-case","status":"publish","type":"product","link":"https:\/\/onlinehardwareshop.de\/index.php\/produkt\/dji-mic-mini-charging-case\/","title":{"rendered":"DJI Mic Mini Charging Case"},"content":{"rendered":"<p>Im DJI Mic Mini Charging Case l\u00e4dst du deinen DJI Mic Mini Empf\u00e4nger und bis zu zwei Sender kabellos auf. Das ist praktisch, wenn die Akkus an einem langen Drehtag leer werden. Nach f\u00fcnf Minuten Ladezeit nimmst du bereits bis zu einer weiteren Stunde Audio mit dem Mikrofon auf. Insgesamt l\u00e4dst du die Mikrofone 3,5 Mal in diesem Ladecase auf. Anschlie\u00dfend musst du das Ladecase aufladen.<\/p>\n","protected":false},"excerpt":{"rendered":"<p>Im DJI Mic Mini Charging Case l\u00e4dst du deinen DJI Mic Mini Empf\u00e4nger und bis zu zwei Sender kabellos auf. Das ist praktisch, wenn die Akkus an einem langen Drehtag leer werden. Nach f\u00fcnf Minuten Ladezeit nimmst du bereits bis zu einer weiteren Stunde Audio mit dem Mikrofon auf. Insgesamt l\u00e4dst du die Mikrofone 3,5 Mal in diesem Ladecase auf. Anschlie\u00dfend musst du das Ladecase aufladen.<\/p>\n","protected":false},"featured_media":0,"comment_status":"closed","ping_status":"open","template":"","meta":{"_acf_changed":false},"brand":[3664],"product_brand":[],"product_cat":[1570],"product_tag":[1571],"class_list":{"0":"post-82533","1":"product","2":"type-product","3":"status-publish","5":"brand-dji","6":"product_cat-kameramikrofone","7":"product_tag-cameramicrofoons","8":"pa_condition-new","9":"pa_coolblue-de-verzending-morgen-gratis-geliefert","10":"pa_ean-25626","11":"pa_mpn-cp-rn-00000428-01","13":"first","14":"instock","15":"product-type-external"},"acf":[],"_links":{"self":[{"href":"https:\/\/onlinehardwareshop.de\/index.php\/wp-json\/wp\/v2\/product\/82533","targetHints":{"allow":["GET"]}}],"collection":[{"href":"https:\/\/onlinehardwareshop.de\/index.php\/wp-json\/wp\/v2\/product"}],"about":[{"href":"https:\/\/onlinehardwareshop.de\/index.php\/wp-json\/wp\/v2\/types\/product"}],"replies":[{"embeddable":true,"href":"https:\/\/onlinehardwareshop.de\/index.php\/wp-json\/wp\/v2\/comments?post=82533"}],"wp:attachment":[{"href":"https:\/\/onlinehardwareshop.de\/index.php\/wp-json\/wp\/v2\/media?parent=82533"}],"wp:term":[{"taxonomy":"brand","embeddable":true,"href":"https:\/\/onlinehardwareshop.de\/index.php\/wp-json\/wp\/v2\/brand?post=82533"},{"taxonomy":"product_brand","embeddable":true,"href":"https:\/\/onlinehardwareshop.de\/index.php\/wp-json\/wp\/v2\/product_brand?post=82533"},{"taxonomy":"product_cat","embeddable":true,"href":"https:\/\/onlinehardwareshop.de\/index.php\/wp-json\/wp\/v2\/product_cat?post=82533"},{"taxonomy":"product_tag","embeddable":true,"href":"https:\/\/onlinehardwareshop.de\/index.php\/wp-json\/wp\/v2\/product_tag?post=82533"}],"curies":[{"name":"wp","href":"https:\/\/api.w.org\/{rel}","templated":true}]}}