{"id":82532,"date":"2024-10-11T22:56:18","date_gmt":"2024-10-11T22:56:18","guid":{"rendered":"https:\/\/onlinehardwareshop.de\/index.php\/produkt\/dji-mic-mini-ladecase-2\/"},"modified":"2025-05-14T16:36:57","modified_gmt":"2025-05-14T16:36:57","slug":"dji-mic-mini-ladecase","status":"publish","type":"product","link":"https:\/\/onlinehardwareshop.de\/index.php\/produkt\/dji-mic-mini-ladecase\/","title":{"rendered":"DJI Mic Mini + Ladecase"},"content":{"rendered":"<p>Das Set aus DJI Mic Mini + Ladecase ist ein vollst\u00e4ndiges Set f\u00fcr Vlogs, TikTok oder journalistische Aufnahmen. Du erh\u00e4ltst zwei Sender mit integriertem Mikrofon, einen Empf\u00e4nger und ein praktisches Ladecase. Verbessere zum Beispiel ganz einfach die Tonqualit\u00e4t von Videos, die du mit deinem Smartphone oder deiner Kamera aufnimmst. Die Sender haben eine Akkulaufzeit von 11,5 Stunden. Im Ladecase l\u00e4dst du sie bis zu 3,5 Mal auf. So nimmst du mindestens 40 Stunden lang Audio auf. Das ist praktisch, wenn ein paar lange Drehtage bevorstehen. Die Mikrofone haben ein kompaktes Design und fallen daher bei der Aufnahme kaum auf. Du klemmst sie mit dem Clip einfach an die Hals\u00f6ffnung deiner Kleidung. Wenn du drau\u00dfen filmst, nutzt du den mitgelieferten Windschutz. Damit verhinderst du Windrauschen, sodass deine Aufnahmen deutlich klingen.<\/p>\n","protected":false},"excerpt":{"rendered":"<p>Das Set aus DJI Mic Mini + Ladecase ist ein vollst\u00e4ndiges Set f\u00fcr Vlogs, TikTok oder journalistische Aufnahmen. Du erh\u00e4ltst zwei Sender mit integriertem Mikrofon, einen Empf\u00e4nger und ein praktisches Ladecase. Verbessere zum Beispiel ganz einfach die Tonqualit\u00e4t von Videos, die du mit deinem Smartphone oder deiner Kamera aufnimmst. Die Sender haben eine Akkulaufzeit von 11,5 Stunden. Im Ladecase l\u00e4dst du sie bis zu 3,5 Mal auf. So nimmst du mindestens 40 Stunden lang Audio auf. Das ist praktisch, wenn ein paar lange Drehtage bevorstehen. Die Mikrofone haben ein kompaktes Design und fallen daher bei der Aufnahme kaum auf. Du klemmst sie mit dem Clip einfach an die Hals\u00f6ffnung deiner Kleidung. Wenn du drau\u00dfen filmst, nutzt du den mitgelieferten Windschutz. Damit verhinderst du Windrauschen, sodass deine Aufnahmen deutlich klingen.<\/p>\n","protected":false},"featured_media":0,"comment_status":"closed","ping_status":"open","template":"","meta":{"_acf_changed":false},"brand":[3664],"product_brand":[],"product_cat":[1570],"product_tag":[1571],"class_list":{"0":"post-82532","1":"product","2":"type-product","3":"status-publish","5":"brand-dji","6":"product_cat-kameramikrofone","7":"product_tag-cameramicrofoons","8":"pa_condition-new","9":"pa_coolblue-de-verzending-morgen-gratis-geliefert","10":"pa_ean-29037","11":"pa_mpn-cp-rn-00000433-01","13":"first","14":"instock","15":"product-type-external"},"acf":[],"_links":{"self":[{"href":"https:\/\/onlinehardwareshop.de\/index.php\/wp-json\/wp\/v2\/product\/82532","targetHints":{"allow":["GET"]}}],"collection":[{"href":"https:\/\/onlinehardwareshop.de\/index.php\/wp-json\/wp\/v2\/product"}],"about":[{"href":"https:\/\/onlinehardwareshop.de\/index.php\/wp-json\/wp\/v2\/types\/product"}],"replies":[{"embeddable":true,"href":"https:\/\/onlinehardwareshop.de\/index.php\/wp-json\/wp\/v2\/comments?post=82532"}],"wp:attachment":[{"href":"https:\/\/onlinehardwareshop.de\/index.php\/wp-json\/wp\/v2\/media?parent=82532"}],"wp:term":[{"taxonomy":"brand","embeddable":true,"href":"https:\/\/onlinehardwareshop.de\/index.php\/wp-json\/wp\/v2\/brand?post=82532"},{"taxonomy":"product_brand","embeddable":true,"href":"https:\/\/onlinehardwareshop.de\/index.php\/wp-json\/wp\/v2\/product_brand?post=82532"},{"taxonomy":"product_cat","embeddable":true,"href":"https:\/\/onlinehardwareshop.de\/index.php\/wp-json\/wp\/v2\/product_cat?post=82532"},{"taxonomy":"product_tag","embeddable":true,"href":"https:\/\/onlinehardwareshop.de\/index.php\/wp-json\/wp\/v2\/product_tag?post=82532"}],"curies":[{"name":"wp","href":"https:\/\/api.w.org\/{rel}","templated":true}]}}