{"id":82519,"date":"2025-04-14T10:36:08","date_gmt":"2025-04-14T10:36:08","guid":{"rendered":"https:\/\/onlinehardwareshop.de\/index.php\/produkt\/rode-xlr-6m-schwarz-2\/"},"modified":"2025-05-14T16:26:04","modified_gmt":"2025-05-14T16:26:04","slug":"rode-xlr-6m-schwarz","status":"publish","type":"product","link":"https:\/\/onlinehardwareshop.de\/index.php\/produkt\/rode-xlr-6m-schwarz\/","title":{"rendered":"Rode XLR 6M Schwarz"},"content":{"rendered":"<p>Verbinde dein Mikrofon \u00fcber das Rode XLR 6M Schwarz mit deinen Audioger\u00e4ten. Schlie\u00dfe dein Mikrofon mit diesem Kabel zum Beispiel an ein Audiomischpult an, wenn du Podcasts aufnimmst. Das Kabel erzeugt dank des professionellen Materials wenig Rauschen, sodass du klare Tonaufnahmen machst. Du benutzt das Kabel unter anderem f\u00fcr Verst\u00e4rker, Lautsprecher und Aufnahmeger\u00e4te.<\/p>\n","protected":false},"excerpt":{"rendered":"<p>Verbinde dein Mikrofon \u00fcber das Rode XLR 6M Schwarz mit deinen Audioger\u00e4ten. Schlie\u00dfe dein Mikrofon mit diesem Kabel zum Beispiel an ein Audiomischpult an, wenn du Podcasts aufnimmst. Das Kabel erzeugt dank des professionellen Materials wenig Rauschen, sodass du klare Tonaufnahmen machst. Du benutzt das Kabel unter anderem f\u00fcr Verst\u00e4rker, Lautsprecher und Aufnahmeger\u00e4te.<\/p>\n","protected":false},"featured_media":0,"comment_status":"closed","ping_status":"open","template":"","meta":{"_acf_changed":false},"brand":[1569],"product_brand":[],"product_cat":[1804],"product_tag":[1805],"class_list":{"0":"post-82519","1":"product","2":"type-product","3":"status-publish","5":"brand-rode-microphones","6":"product_cat-av-kabel","7":"product_tag-kabels-overig","8":"pa_condition-new","9":"pa_coolblue-de-verzending-morgen-gratis-geliefert","10":"pa_ean-25598","11":"pa_mpn-rd115667","13":"first","14":"instock","15":"product-type-external"},"acf":[],"_links":{"self":[{"href":"https:\/\/onlinehardwareshop.de\/index.php\/wp-json\/wp\/v2\/product\/82519","targetHints":{"allow":["GET"]}}],"collection":[{"href":"https:\/\/onlinehardwareshop.de\/index.php\/wp-json\/wp\/v2\/product"}],"about":[{"href":"https:\/\/onlinehardwareshop.de\/index.php\/wp-json\/wp\/v2\/types\/product"}],"replies":[{"embeddable":true,"href":"https:\/\/onlinehardwareshop.de\/index.php\/wp-json\/wp\/v2\/comments?post=82519"}],"wp:attachment":[{"href":"https:\/\/onlinehardwareshop.de\/index.php\/wp-json\/wp\/v2\/media?parent=82519"}],"wp:term":[{"taxonomy":"brand","embeddable":true,"href":"https:\/\/onlinehardwareshop.de\/index.php\/wp-json\/wp\/v2\/brand?post=82519"},{"taxonomy":"product_brand","embeddable":true,"href":"https:\/\/onlinehardwareshop.de\/index.php\/wp-json\/wp\/v2\/product_brand?post=82519"},{"taxonomy":"product_cat","embeddable":true,"href":"https:\/\/onlinehardwareshop.de\/index.php\/wp-json\/wp\/v2\/product_cat?post=82519"},{"taxonomy":"product_tag","embeddable":true,"href":"https:\/\/onlinehardwareshop.de\/index.php\/wp-json\/wp\/v2\/product_tag?post=82519"}],"curies":[{"name":"wp","href":"https:\/\/api.w.org\/{rel}","templated":true}]}}