{"id":82476,"date":"2025-01-11T21:54:45","date_gmt":"2025-01-11T21:54:45","guid":{"rendered":"https:\/\/onlinehardwareshop.de\/index.php\/produkt\/lexar-go-portable-ssd-sl400-1tb-2\/"},"modified":"2025-05-14T16:22:05","modified_gmt":"2025-05-14T16:22:05","slug":"lexar-go-portable-ssd-sl400-1tb","status":"publish","type":"product","link":"https:\/\/onlinehardwareshop.de\/index.php\/produkt\/lexar-go-portable-ssd-sl400-1tb\/","title":{"rendered":"Lexar Go Portable SSD SL400 1TB"},"content":{"rendered":"<p>Mit der Lexar Go Portable SSD SL400 1\u00a0TB speicherst du all deine Dateien wie Fotos und Videos. Diese externe Festplatte ist klein im Format, sodass du sie ganz einfach \u00fcberallhin mitnimmst. Unter anderem schlie\u00dft du sie dank des USB-C-Anschlusses an dein iPhone\u00a015 oder 16 an. So machst du Apple ProRes Fotos oder Videos in 4K. Auf dem 1\u00a0TB gro\u00dfen Speicher dieser Festplatte ist genug Platz f\u00fcr 100.000 Fotos oder 32 Stunden an 4K-Bildmaterial. Die Go Portable SSD SL400 hat eine Lesegeschwindigkeit von 1.050\u00a0MB\/s und eine Schreibgeschwindigkeit von 1.000\u00a0MB\/s. Daher \u00f6ffnest und \u00fcbertr\u00e4gst du Dateien blitzschnell. Zudem ist diese SSD spritzwasser- und staubgesch\u00fctzt. Dank der Datenverschl\u00fcsselung sind deine Dateien gut gesch\u00fctzt. Au\u00dferdem ist die SSD dank des Metallgeh\u00e4uses besonders stabil. Du erh\u00e4ltst von Lexar f\u00fcnf Jahre Garantie auf diese externe SSD.<\/p>\n","protected":false},"excerpt":{"rendered":"<p>Mit der Lexar Go Portable SSD SL400 1\u00a0TB speicherst du all deine Dateien wie Fotos und Videos. Diese externe Festplatte ist klein im Format, sodass du sie ganz einfach \u00fcberallhin mitnimmst. Unter anderem schlie\u00dft du sie dank des USB-C-Anschlusses an dein iPhone\u00a015 oder 16 an. So machst du Apple ProRes Fotos oder Videos in 4K. Auf dem 1\u00a0TB gro\u00dfen Speicher dieser Festplatte ist genug Platz f\u00fcr 100.000 Fotos oder 32 Stunden an 4K-Bildmaterial. Die Go Portable SSD SL400 hat eine Lesegeschwindigkeit von 1.050\u00a0MB\/s und eine Schreibgeschwindigkeit von 1.000\u00a0MB\/s. Daher \u00f6ffnest und \u00fcbertr\u00e4gst du Dateien blitzschnell. Zudem ist diese SSD spritzwasser- und staubgesch\u00fctzt. Dank der Datenverschl\u00fcsselung sind deine Dateien gut gesch\u00fctzt. Au\u00dferdem ist die SSD dank des Metallgeh\u00e4uses besonders stabil. Du erh\u00e4ltst von Lexar f\u00fcnf Jahre Garantie auf diese externe SSD.<\/p>\n","protected":false},"featured_media":0,"comment_status":"closed","ping_status":"open","template":"","meta":{"_acf_changed":false},"brand":[12499],"product_brand":[],"product_cat":[4819],"product_tag":[4820],"class_list":{"0":"post-82476","1":"product","2":"type-product","3":"status-publish","5":"brand-lexar","6":"product_cat-externe-ssds","7":"product_tag-harde-schijven-extern-ssd","8":"pa_condition-new","9":"pa_coolblue-de-verzending-morgen-gratis-geliefert","10":"pa_ean-25544","11":"pa_mpn-25545","13":"first","14":"instock","15":"product-type-external"},"acf":[],"_links":{"self":[{"href":"https:\/\/onlinehardwareshop.de\/index.php\/wp-json\/wp\/v2\/product\/82476","targetHints":{"allow":["GET"]}}],"collection":[{"href":"https:\/\/onlinehardwareshop.de\/index.php\/wp-json\/wp\/v2\/product"}],"about":[{"href":"https:\/\/onlinehardwareshop.de\/index.php\/wp-json\/wp\/v2\/types\/product"}],"replies":[{"embeddable":true,"href":"https:\/\/onlinehardwareshop.de\/index.php\/wp-json\/wp\/v2\/comments?post=82476"}],"wp:attachment":[{"href":"https:\/\/onlinehardwareshop.de\/index.php\/wp-json\/wp\/v2\/media?parent=82476"}],"wp:term":[{"taxonomy":"brand","embeddable":true,"href":"https:\/\/onlinehardwareshop.de\/index.php\/wp-json\/wp\/v2\/brand?post=82476"},{"taxonomy":"product_brand","embeddable":true,"href":"https:\/\/onlinehardwareshop.de\/index.php\/wp-json\/wp\/v2\/product_brand?post=82476"},{"taxonomy":"product_cat","embeddable":true,"href":"https:\/\/onlinehardwareshop.de\/index.php\/wp-json\/wp\/v2\/product_cat?post=82476"},{"taxonomy":"product_tag","embeddable":true,"href":"https:\/\/onlinehardwareshop.de\/index.php\/wp-json\/wp\/v2\/product_tag?post=82476"}],"curies":[{"name":"wp","href":"https:\/\/api.w.org\/{rel}","templated":true}]}}