{"id":82473,"date":"2025-03-19T03:59:58","date_gmt":"2025-03-19T03:59:58","guid":{"rendered":"https:\/\/onlinehardwareshop.de\/index.php\/produkt\/apple-macbook-pro-14-m4-pro-12-core-cpu-16-core-gpu-24gb-1tb-space-schwarz-qwertz\/"},"modified":"2025-05-14T16:21:54","modified_gmt":"2025-05-14T16:21:54","slug":"apple-macbook-pro-14-m4-pro-12-core-cpu-16-core-gpu-24gb-1tb-space-schwarz-qwertz","status":"publish","type":"product","link":"https:\/\/onlinehardwareshop.de\/index.php\/produkt\/apple-macbook-pro-14-m4-pro-12-core-cpu-16-core-gpu-24gb-1tb-space-schwarz-qwertz\/","title":{"rendered":"Apple MacBook Pro 14&#34; M4 Pro (12 core CPU\/16 core GPU) 24GB\/1TB Space Schwarz QWERTZ"},"content":{"rendered":"<p>Mit dem Apple MacBook Pro 14 Zoll M4 Pro (12 Core CPU\/16 Core GPU) 24GB \/ 1TB in Space Schwarz bearbeitest du m\u00fchelos gro\u00dfe Videodateien in anspruchsvollen Programmen wie Final Cut Pro. W\u00e4hrend dein Video gerendert wird, bearbeitest du Fotos in Adobe Photoshop. Daf\u00fcr sorgen der leistungsstarke Apple M4 Pro Chip, 24 Gigabyte Arbeitsspeicher und die 16 Core NPU. Deine Dateien speicherst du bequem auf der gro\u00dfz\u00fcgigen 1 Terabyte Festplatte. Du arbeitest problemlos in hell beleuchteten R\u00e4umen, genie\u00dft realistische Farben und erkennst jedes Detail auf dem 1600 Nits Liquid Retina XDR Display. Brauchst du mehr Bildschirmfl\u00e4che? Kein Problem, du schlie\u00dft ganz einfach 2 zus\u00e4tzliche hochaufl\u00f6sende Monitore an. Du arbeitest den ganzen Tag ohne Unterbrechung an deinen Projekten arbeiten, denn mit einer vollst\u00e4ndig aufgeladenen MacBook Pro h\u00e4lt der Akku bis zu 24 Stunden. Und dank der Mittelpunkt Technologie bleibst du bei Videogespr\u00e4chen immer im Fokus, auch wenn du dich im Raum bewegst.<\/p>\n<p> Ratschlag unseres Apple Spezialisten<br \/>\n Im Internet surfen, E-Mails schreiben &#038; Textverarbeitung: geeignet<br \/>\n Filme &#038; Serien schauen: geeignet<br \/>\n Fotos bearbeiten: geeignet<br \/>\n Videos bearbeiten: geeignet<br \/>\n 3D Designs erstellen und rendern: m\u00f6glich, aber schneller mit M4 Max<br \/>\n Apps in Xcode entwickeln: ungeeignet, mindestens M4 Max und 36 Gigabyte Arbeitsspeicher erforderlich<br \/>\n Gaming: m\u00f6glich, aber vor allem leichte Spiele. Alle Spiele von Apple Arcade sind jedoch geeignet<\/p>\n","protected":false},"excerpt":{"rendered":"<p>Mit dem Apple MacBook Pro 14 Zoll M4 Pro (12 Core CPU\/16 Core GPU) 24GB \/ 1TB in Space Schwarz bearbeitest du m\u00fchelos gro\u00dfe Videodateien in anspruchsvollen Programmen wie Final Cut Pro. W\u00e4hrend dein Video gerendert wird, bearbeitest du Fotos in Adobe Photoshop. Daf\u00fcr sorgen der leistungsstarke Apple M4 Pro Chip, 24 Gigabyte Arbeitsspeicher und die 16 Core NPU. Deine Dateien speicherst du bequem auf der gro\u00dfz\u00fcgigen 1 Terabyte Festplatte. Du arbeitest problemlos in hell beleuchteten R\u00e4umen, genie\u00dft realistische Farben und erkennst jedes Detail auf dem 1600 Nits Liquid Retina XDR Display. Brauchst du mehr Bildschirmfl\u00e4che? Kein Problem, du schlie\u00dft ganz einfach 2 zus\u00e4tzliche hochaufl\u00f6sende Monitore an. Du arbeitest den ganzen Tag ohne Unterbrechung an deinen Projekten arbeiten, denn mit einer vollst\u00e4ndig aufgeladenen MacBook Pro h\u00e4lt der Akku bis zu 24 Stunden. Und dank der Mittelpunkt Technologie bleibst du bei Videogespr\u00e4chen immer im Fokus, auch wenn du dich im Raum bewegst.<\/p>\n<p> Ratschlag unseres Apple Spezialisten<br \/>\n Im Internet surfen, E-Mails schreiben &#038; Textverarbeitung: geeignet<br \/>\n Filme &#038; Serien schauen: geeignet<br \/>\n Fotos bearbeiten: geeignet<br \/>\n Videos bearbeiten: geeignet<br \/>\n 3D Designs erstellen und rendern: m\u00f6glich, aber schneller mit M4 Max<br \/>\n Apps in Xcode entwickeln: ungeeignet, mindestens M4 Max und 36 Gigabyte Arbeitsspeicher erforderlich<br \/>\n Gaming: m\u00f6glich, aber vor allem leichte Spiele. Alle Spiele von Apple Arcade sind jedoch geeignet<\/p>\n","protected":false},"featured_media":0,"comment_status":"closed","ping_status":"open","template":"","meta":{"_acf_changed":false},"brand":[148],"product_brand":[],"product_cat":[8884],"product_tag":[8885],"class_list":{"0":"post-82473","1":"product","2":"type-product","3":"status-publish","5":"brand-apple","6":"product_cat-laptops","7":"product_tag-macbooks-qwertz","8":"pa_condition-new","9":"pa_coolblue-de-verzending-morgen-gratis-geliefert","10":"pa_ean-25530","11":"pa_mpn-z1fe_2965_de_cto","13":"first","14":"instock","15":"product-type-external"},"acf":[],"_links":{"self":[{"href":"https:\/\/onlinehardwareshop.de\/index.php\/wp-json\/wp\/v2\/product\/82473","targetHints":{"allow":["GET"]}}],"collection":[{"href":"https:\/\/onlinehardwareshop.de\/index.php\/wp-json\/wp\/v2\/product"}],"about":[{"href":"https:\/\/onlinehardwareshop.de\/index.php\/wp-json\/wp\/v2\/types\/product"}],"replies":[{"embeddable":true,"href":"https:\/\/onlinehardwareshop.de\/index.php\/wp-json\/wp\/v2\/comments?post=82473"}],"wp:attachment":[{"href":"https:\/\/onlinehardwareshop.de\/index.php\/wp-json\/wp\/v2\/media?parent=82473"}],"wp:term":[{"taxonomy":"brand","embeddable":true,"href":"https:\/\/onlinehardwareshop.de\/index.php\/wp-json\/wp\/v2\/brand?post=82473"},{"taxonomy":"product_brand","embeddable":true,"href":"https:\/\/onlinehardwareshop.de\/index.php\/wp-json\/wp\/v2\/product_brand?post=82473"},{"taxonomy":"product_cat","embeddable":true,"href":"https:\/\/onlinehardwareshop.de\/index.php\/wp-json\/wp\/v2\/product_cat?post=82473"},{"taxonomy":"product_tag","embeddable":true,"href":"https:\/\/onlinehardwareshop.de\/index.php\/wp-json\/wp\/v2\/product_tag?post=82473"}],"curies":[{"name":"wp","href":"https:\/\/api.w.org\/{rel}","templated":true}]}}