{"id":82417,"date":"2024-03-08T22:55:18","date_gmt":"2024-03-08T22:55:18","guid":{"rendered":"https:\/\/onlinehardwareshop.de\/index.php\/produkt\/rode-videomic-go-ii-helix-2\/"},"modified":"2025-05-14T16:16:12","modified_gmt":"2025-05-14T16:16:12","slug":"rode-videomic-go-ii-helix","status":"publish","type":"product","link":"https:\/\/onlinehardwareshop.de\/index.php\/produkt\/rode-videomic-go-ii-helix\/","title":{"rendered":"Rode VideoMic GO II Helix"},"content":{"rendered":"<p>Mit dem Rode VideoMic GO II Helix verbesserst du die Tonqualit\u00e4t deiner Videos. Das Richtmikrofon befestigst du mit einer speziellen Helix\u00a0Halterung auf deiner Kamera. Diese Halterung reduziert St\u00f6\u00dfe und Vibrationen, wodurch deine Aufnahmen deutlich klingen. Dies ist zum Beispiel praktisch, wenn du mit der Kamera heruml\u00e4ufst. \u00dcber den 3,5-mm-Klinkenanschluss schlie\u00dft du das Mikrofon an eine Kamera, einen Laptop oder ein Smartphone an. Dadurch ist das Mikrofon vielseitig einsetzbar. Durch seine Supernierencharakteristik nimmt das Mikrofon den Ton gezielt von vorne auf. So nimmt es nur wenig Umgebungsger\u00e4usche auf, was beispielsweise bei Stra\u00dfenreportagen von Vorteil ist.<\/p>\n","protected":false},"excerpt":{"rendered":"<p>Mit dem Rode VideoMic GO II Helix verbesserst du die Tonqualit\u00e4t deiner Videos. Das Richtmikrofon befestigst du mit einer speziellen Helix\u00a0Halterung auf deiner Kamera. Diese Halterung reduziert St\u00f6\u00dfe und Vibrationen, wodurch deine Aufnahmen deutlich klingen. Dies ist zum Beispiel praktisch, wenn du mit der Kamera heruml\u00e4ufst. \u00dcber den 3,5-mm-Klinkenanschluss schlie\u00dft du das Mikrofon an eine Kamera, einen Laptop oder ein Smartphone an. Dadurch ist das Mikrofon vielseitig einsetzbar. Durch seine Supernierencharakteristik nimmt das Mikrofon den Ton gezielt von vorne auf. So nimmt es nur wenig Umgebungsger\u00e4usche auf, was beispielsweise bei Stra\u00dfenreportagen von Vorteil ist.<\/p>\n","protected":false},"featured_media":0,"comment_status":"closed","ping_status":"open","template":"","meta":{"_acf_changed":false},"brand":[1569],"product_brand":[],"product_cat":[1570],"product_tag":[1571],"class_list":{"0":"post-82417","1":"product","2":"type-product","3":"status-publish","5":"brand-rode-microphones","6":"product_cat-kameramikrofone","7":"product_tag-cameramicrofoons","8":"pa_condition-new","9":"pa_coolblue-de-verzending-morgen-gratis-geliefert","10":"pa_ean-25417","11":"pa_mpn-rd119191","13":"first","14":"instock","15":"product-type-external"},"acf":[],"_links":{"self":[{"href":"https:\/\/onlinehardwareshop.de\/index.php\/wp-json\/wp\/v2\/product\/82417","targetHints":{"allow":["GET"]}}],"collection":[{"href":"https:\/\/onlinehardwareshop.de\/index.php\/wp-json\/wp\/v2\/product"}],"about":[{"href":"https:\/\/onlinehardwareshop.de\/index.php\/wp-json\/wp\/v2\/types\/product"}],"replies":[{"embeddable":true,"href":"https:\/\/onlinehardwareshop.de\/index.php\/wp-json\/wp\/v2\/comments?post=82417"}],"wp:attachment":[{"href":"https:\/\/onlinehardwareshop.de\/index.php\/wp-json\/wp\/v2\/media?parent=82417"}],"wp:term":[{"taxonomy":"brand","embeddable":true,"href":"https:\/\/onlinehardwareshop.de\/index.php\/wp-json\/wp\/v2\/brand?post=82417"},{"taxonomy":"product_brand","embeddable":true,"href":"https:\/\/onlinehardwareshop.de\/index.php\/wp-json\/wp\/v2\/product_brand?post=82417"},{"taxonomy":"product_cat","embeddable":true,"href":"https:\/\/onlinehardwareshop.de\/index.php\/wp-json\/wp\/v2\/product_cat?post=82417"},{"taxonomy":"product_tag","embeddable":true,"href":"https:\/\/onlinehardwareshop.de\/index.php\/wp-json\/wp\/v2\/product_tag?post=82417"}],"curies":[{"name":"wp","href":"https:\/\/api.w.org\/{rel}","templated":true}]}}