{"id":82415,"date":"2024-03-09T10:43:25","date_gmt":"2024-03-09T10:43:25","guid":{"rendered":"https:\/\/onlinehardwareshop.de\/index.php\/produkt\/bosch-professional-gst-18v-125-b-ohne-akku-4\/"},"modified":"2025-05-14T16:16:02","modified_gmt":"2025-05-14T16:16:02","slug":"bosch-professional-gst-18v-125-b-ohne-akku-2","status":"publish","type":"product","link":"https:\/\/onlinehardwareshop.de\/index.php\/produkt\/bosch-professional-gst-18v-125-b-ohne-akku-2\/","title":{"rendered":"Bosch Professional GST 18V-125 B (ohne Akku)"},"content":{"rendered":"<p>Mit der Bosch Professional GST 18V-125 B (ohne Akku) s\u00e4gst du ganz einfach kurvige Formen bis zu einer Tiefe von 125\u00a0mm in Holz. Die Stichs\u00e4ge hat einen D-Griff und ist akkubetrieben (Akku nicht im Lieferumfang enthalten). Daher entsteht kein Kabelsalat und du arbeitest an Orten ohne Steckdose. Au\u00dferdem s\u00e4gst du schr\u00e4g (auf Gehrung). Mit den vier Pendelstufen passt du die S\u00e4gegeschwindigkeit an deine Arbeit an. F\u00fcr hartes Holz w\u00e4hlst du zum Beispiel eine niedrige Stufe, um Brandflecken zu vermeiden. Die Stichs\u00e4ge ist Teil des Bosch Professional 18V Akkusystems. Hast du bereits einen Akku dieses Systems zu Hause? Dann nutzt du ihn auch f\u00fcr dieses Ger\u00e4t.<\/p>\n","protected":false},"excerpt":{"rendered":"<p>Mit der Bosch Professional GST 18V-125 B (ohne Akku) s\u00e4gst du ganz einfach kurvige Formen bis zu einer Tiefe von 125\u00a0mm in Holz. Die Stichs\u00e4ge hat einen D-Griff und ist akkubetrieben (Akku nicht im Lieferumfang enthalten). Daher entsteht kein Kabelsalat und du arbeitest an Orten ohne Steckdose. Au\u00dferdem s\u00e4gst du schr\u00e4g (auf Gehrung). Mit den vier Pendelstufen passt du die S\u00e4gegeschwindigkeit an deine Arbeit an. F\u00fcr hartes Holz w\u00e4hlst du zum Beispiel eine niedrige Stufe, um Brandflecken zu vermeiden. Die Stichs\u00e4ge ist Teil des Bosch Professional 18V Akkusystems. Hast du bereits einen Akku dieses Systems zu Hause? Dann nutzt du ihn auch f\u00fcr dieses Ger\u00e4t.<\/p>\n","protected":false},"featured_media":0,"comment_status":"closed","ping_status":"open","template":"","meta":{"_acf_changed":false},"brand":[332],"product_brand":[],"product_cat":[43],"product_tag":[2773],"class_list":{"0":"post-82415","1":"product","2":"type-product","3":"status-publish","5":"brand-bosch-professional","6":"product_cat-stichsgen","7":"product_tag-accu-decoupeerzagen","8":"pa_condition-new","9":"pa_coolblue-de-verzending-morgen-gratis-geliefert","10":"pa_ean-25413","11":"pa_mpn-06015b3000","13":"first","14":"instock","15":"product-type-external"},"acf":[],"_links":{"self":[{"href":"https:\/\/onlinehardwareshop.de\/index.php\/wp-json\/wp\/v2\/product\/82415","targetHints":{"allow":["GET"]}}],"collection":[{"href":"https:\/\/onlinehardwareshop.de\/index.php\/wp-json\/wp\/v2\/product"}],"about":[{"href":"https:\/\/onlinehardwareshop.de\/index.php\/wp-json\/wp\/v2\/types\/product"}],"replies":[{"embeddable":true,"href":"https:\/\/onlinehardwareshop.de\/index.php\/wp-json\/wp\/v2\/comments?post=82415"}],"wp:attachment":[{"href":"https:\/\/onlinehardwareshop.de\/index.php\/wp-json\/wp\/v2\/media?parent=82415"}],"wp:term":[{"taxonomy":"brand","embeddable":true,"href":"https:\/\/onlinehardwareshop.de\/index.php\/wp-json\/wp\/v2\/brand?post=82415"},{"taxonomy":"product_brand","embeddable":true,"href":"https:\/\/onlinehardwareshop.de\/index.php\/wp-json\/wp\/v2\/product_brand?post=82415"},{"taxonomy":"product_cat","embeddable":true,"href":"https:\/\/onlinehardwareshop.de\/index.php\/wp-json\/wp\/v2\/product_cat?post=82415"},{"taxonomy":"product_tag","embeddable":true,"href":"https:\/\/onlinehardwareshop.de\/index.php\/wp-json\/wp\/v2\/product_tag?post=82415"}],"curies":[{"name":"wp","href":"https:\/\/api.w.org\/{rel}","templated":true}]}}