{"id":82409,"date":"2024-06-25T04:42:42","date_gmt":"2024-06-25T04:42:42","guid":{"rendered":"https:\/\/onlinehardwareshop.de\/index.php\/produkt\/bosch-professional-gbh-18v-22-ohne-akku-2\/"},"modified":"2025-05-14T16:15:43","modified_gmt":"2025-05-14T16:15:43","slug":"bosch-professional-gbh-18v-22-ohne-akku","status":"publish","type":"product","link":"https:\/\/onlinehardwareshop.de\/index.php\/produkt\/bosch-professional-gbh-18v-22-ohne-akku\/","title":{"rendered":"Bosch Professional GBH 18V-22 (ohne Akku)"},"content":{"rendered":"<p>Der Bosch Professional GBH 18V-22 (ohne Akku) ist ein Kombihammer in schlankem Design, mit dem du komfortabel arbeitest. Mit der Hammerfunktion bohrst du in (Back-)Stein und Beton. Der Bohrhammer wiegt 2\u00a0kg, weshalb du ihn problemlos lange Zeit am St\u00fcck nutzt. Die KickBack Control und die Vibration Control reduzieren dabei die Belastung, die auf deine H\u00e4nde und Arme ausge\u00fcbt wird. Schlie\u00dfe den Bohrhammer an die GDE 18V-12 Staubabsaugung an und sorge so f\u00fcr einen sauberen Arbeitsplatz und weniger Unterbrechungen. In der L-BOXX nimmst du deine Maschine sicher verstaut mit. Der Kombihammer ist Teil des Bosch Professional 18V Akkusystems. Besitzt du bereits einen Akku dieses Systems? Dann nutzt du ihn auch in dieser Maschine.<\/p>\n","protected":false},"excerpt":{"rendered":"<p>Der Bosch Professional GBH 18V-22 (ohne Akku) ist ein Kombihammer in schlankem Design, mit dem du komfortabel arbeitest. Mit der Hammerfunktion bohrst du in (Back-)Stein und Beton. Der Bohrhammer wiegt 2\u00a0kg, weshalb du ihn problemlos lange Zeit am St\u00fcck nutzt. Die KickBack Control und die Vibration Control reduzieren dabei die Belastung, die auf deine H\u00e4nde und Arme ausge\u00fcbt wird. Schlie\u00dfe den Bohrhammer an die GDE 18V-12 Staubabsaugung an und sorge so f\u00fcr einen sauberen Arbeitsplatz und weniger Unterbrechungen. In der L-BOXX nimmst du deine Maschine sicher verstaut mit. Der Kombihammer ist Teil des Bosch Professional 18V Akkusystems. Besitzt du bereits einen Akku dieses Systems? Dann nutzt du ihn auch in dieser Maschine.<\/p>\n","protected":false},"featured_media":0,"comment_status":"closed","ping_status":"open","template":"","meta":{"_acf_changed":false},"brand":[332],"product_brand":[],"product_cat":[261],"product_tag":[262],"class_list":{"0":"post-82409","1":"product","2":"type-product","3":"status-publish","5":"brand-bosch-professional","6":"product_cat-bohrmaschinen","7":"product_tag-boorhamers","8":"pa_condition-new","9":"pa_coolblue-de-verzending-morgen-gratis-geliefert","10":"pa_ean-30326","11":"pa_mpn-30327","13":"first","14":"instock","15":"product-type-external"},"acf":[],"_links":{"self":[{"href":"https:\/\/onlinehardwareshop.de\/index.php\/wp-json\/wp\/v2\/product\/82409","targetHints":{"allow":["GET"]}}],"collection":[{"href":"https:\/\/onlinehardwareshop.de\/index.php\/wp-json\/wp\/v2\/product"}],"about":[{"href":"https:\/\/onlinehardwareshop.de\/index.php\/wp-json\/wp\/v2\/types\/product"}],"replies":[{"embeddable":true,"href":"https:\/\/onlinehardwareshop.de\/index.php\/wp-json\/wp\/v2\/comments?post=82409"}],"wp:attachment":[{"href":"https:\/\/onlinehardwareshop.de\/index.php\/wp-json\/wp\/v2\/media?parent=82409"}],"wp:term":[{"taxonomy":"brand","embeddable":true,"href":"https:\/\/onlinehardwareshop.de\/index.php\/wp-json\/wp\/v2\/brand?post=82409"},{"taxonomy":"product_brand","embeddable":true,"href":"https:\/\/onlinehardwareshop.de\/index.php\/wp-json\/wp\/v2\/product_brand?post=82409"},{"taxonomy":"product_cat","embeddable":true,"href":"https:\/\/onlinehardwareshop.de\/index.php\/wp-json\/wp\/v2\/product_cat?post=82409"},{"taxonomy":"product_tag","embeddable":true,"href":"https:\/\/onlinehardwareshop.de\/index.php\/wp-json\/wp\/v2\/product_tag?post=82409"}],"curies":[{"name":"wp","href":"https:\/\/api.w.org\/{rel}","templated":true}]}}