{"id":82393,"date":"2024-07-07T19:28:24","date_gmt":"2024-07-07T19:28:24","guid":{"rendered":"https:\/\/onlinehardwareshop.de\/index.php\/produkt\/epson-ecotank-et-2850-epson-102-tintenflaschen-kombipack-farbe-2\/"},"modified":"2025-05-14T16:14:18","modified_gmt":"2025-05-14T16:14:18","slug":"epson-ecotank-et-2850-epson-102-tintenflaschen-kombipack-farbe","status":"publish","type":"product","link":"https:\/\/onlinehardwareshop.de\/index.php\/produkt\/epson-ecotank-et-2850-epson-102-tintenflaschen-kombipack-farbe\/","title":{"rendered":"Epson EcoTank ET-2850 + Epson 102 Tintenflaschen Kombipack Farbe"},"content":{"rendered":"<p>Mit dem Epson EcoTank ET-2850 Multifunktionsdrucker + Epson 102 Tintenflaschen Kombipack Farbe druckst du l\u00e4nger, bevor du ihn nachf\u00fcllst. Der EcoTank Multifunktionsdrucker druckt automatisch doppelseitig, scannt und kopiert. Ein Tintenset reicht f\u00fcr bis zu 7500 Schwarz-Wei\u00df Seiten und 6000 Farbseiten. Leere Patronen geh\u00f6ren der Vergangenheit an, denn du f\u00fcllst einfach die Tinte aus dem Epson 102 Tintenflaschen Kombipack nach. Die Papierkassette fasst bis zu 100 Blatt. Du verbindest den Drucker \u00fcber WLAN oder WiFi Direct. Mit WiFi Direct vernetzt du dein Handy direkt mit dem Drucker, ohne Modem. So nutzt du deinen Epson Multifunktionsdrucker auch an Orten ohne WLAN. Das Tintenflaschenset enth\u00e4lt Schwarz, Magenta, Cyan und Gelb.<\/p>\n","protected":false},"excerpt":{"rendered":"<p>Mit dem Epson EcoTank ET-2850 Multifunktionsdrucker + Epson 102 Tintenflaschen Kombipack Farbe druckst du l\u00e4nger, bevor du ihn nachf\u00fcllst. Der EcoTank Multifunktionsdrucker druckt automatisch doppelseitig, scannt und kopiert. Ein Tintenset reicht f\u00fcr bis zu 7500 Schwarz-Wei\u00df Seiten und 6000 Farbseiten. Leere Patronen geh\u00f6ren der Vergangenheit an, denn du f\u00fcllst einfach die Tinte aus dem Epson 102 Tintenflaschen Kombipack nach. Die Papierkassette fasst bis zu 100 Blatt. Du verbindest den Drucker \u00fcber WLAN oder WiFi Direct. Mit WiFi Direct vernetzt du dein Handy direkt mit dem Drucker, ohne Modem. So nutzt du deinen Epson Multifunktionsdrucker auch an Orten ohne WLAN. Das Tintenflaschenset enth\u00e4lt Schwarz, Magenta, Cyan und Gelb.<\/p>\n","protected":false},"featured_media":0,"comment_status":"closed","ping_status":"open","template":"","meta":{"_acf_changed":false},"brand":[267],"product_brand":[],"product_cat":[2205],"product_tag":[4745],"class_list":{"0":"post-82393","1":"product","2":"type-product","3":"status-publish","5":"brand-epson","6":"product_cat-drucker","7":"product_tag-inkttank-printers","8":"pa_condition-new","9":"pa_coolblue-de-verzending-morgen-gratis-geliefert","10":"pa_ean-25367","12":"first","13":"instock","14":"product-type-external"},"acf":[],"_links":{"self":[{"href":"https:\/\/onlinehardwareshop.de\/index.php\/wp-json\/wp\/v2\/product\/82393","targetHints":{"allow":["GET"]}}],"collection":[{"href":"https:\/\/onlinehardwareshop.de\/index.php\/wp-json\/wp\/v2\/product"}],"about":[{"href":"https:\/\/onlinehardwareshop.de\/index.php\/wp-json\/wp\/v2\/types\/product"}],"replies":[{"embeddable":true,"href":"https:\/\/onlinehardwareshop.de\/index.php\/wp-json\/wp\/v2\/comments?post=82393"}],"wp:attachment":[{"href":"https:\/\/onlinehardwareshop.de\/index.php\/wp-json\/wp\/v2\/media?parent=82393"}],"wp:term":[{"taxonomy":"brand","embeddable":true,"href":"https:\/\/onlinehardwareshop.de\/index.php\/wp-json\/wp\/v2\/brand?post=82393"},{"taxonomy":"product_brand","embeddable":true,"href":"https:\/\/onlinehardwareshop.de\/index.php\/wp-json\/wp\/v2\/product_brand?post=82393"},{"taxonomy":"product_cat","embeddable":true,"href":"https:\/\/onlinehardwareshop.de\/index.php\/wp-json\/wp\/v2\/product_cat?post=82393"},{"taxonomy":"product_tag","embeddable":true,"href":"https:\/\/onlinehardwareshop.de\/index.php\/wp-json\/wp\/v2\/product_tag?post=82393"}],"curies":[{"name":"wp","href":"https:\/\/api.w.org\/{rel}","templated":true}]}}