{"id":82391,"date":"2024-04-16T17:12:00","date_gmt":"2024-04-16T17:12:00","guid":{"rendered":"https:\/\/onlinehardwareshop.de\/index.php\/produkt\/bosch-mum58359-2\/"},"modified":"2025-05-14T16:13:27","modified_gmt":"2025-05-14T16:13:27","slug":"bosch-mum58359","status":"publish","type":"product","link":"https:\/\/onlinehardwareshop.de\/index.php\/produkt\/bosch-mum58359\/","title":{"rendered":"Bosch MUM58359"},"content":{"rendered":"<p>Mit der Bosch MUM58359 K\u00fcchenmaschine bereitest du viele unterschiedliche Rezepte zu. Dank des mitgelieferten Zubeh\u00f6rs machst du schnell Smoothies, zerkleinerst Fleisch und schneidest Gem\u00fcse im Handumdrehen. Du knetest auch schweren Teig wie Brot- oder Pizzateig m\u00fchelos. Reibe M\u00f6hren f\u00fcr einen frischen Salat oder schneide Zwiebeln und Paprika f\u00fcr eine schnelle Wok-Mahlzeit. Du nutzt die K\u00fcchenmaschine auch f\u00fcr kleinere Zubereitungen wie etwa zum Schlagen von Eischnee oder f\u00fcr einen kleinen Kuchenteig. Dank des Sanftanlaufs erh\u00f6ht der Mixer die Geschwindigkeit langsam, sodass die Zutaten nicht durch die Luft fliegen. Du verstaust alles in der mitgelieferten Aufbewahrungstasche, sodass deine K\u00fcche ordentlich und organisiert bleibt. So sparst du Zeit und Platz, wodurch du noch mehr Freude am Kochen und Backen hast.<\/p>\n","protected":false},"excerpt":{"rendered":"<p>Mit der Bosch MUM58359 K\u00fcchenmaschine bereitest du viele unterschiedliche Rezepte zu. Dank des mitgelieferten Zubeh\u00f6rs machst du schnell Smoothies, zerkleinerst Fleisch und schneidest Gem\u00fcse im Handumdrehen. Du knetest auch schweren Teig wie Brot- oder Pizzateig m\u00fchelos. Reibe M\u00f6hren f\u00fcr einen frischen Salat oder schneide Zwiebeln und Paprika f\u00fcr eine schnelle Wok-Mahlzeit. Du nutzt die K\u00fcchenmaschine auch f\u00fcr kleinere Zubereitungen wie etwa zum Schlagen von Eischnee oder f\u00fcr einen kleinen Kuchenteig. Dank des Sanftanlaufs erh\u00f6ht der Mixer die Geschwindigkeit langsam, sodass die Zutaten nicht durch die Luft fliegen. Du verstaust alles in der mitgelieferten Aufbewahrungstasche, sodass deine K\u00fcche ordentlich und organisiert bleibt. So sparst du Zeit und Platz, wodurch du noch mehr Freude am Kochen und Backen hast.<\/p>\n","protected":false},"featured_media":0,"comment_status":"closed","ping_status":"open","template":"","meta":{"_acf_changed":false},"brand":[250],"product_brand":[],"product_cat":[2306],"product_tag":[2307],"class_list":{"0":"post-82391","1":"product","2":"type-product","3":"status-publish","5":"brand-bosch","6":"product_cat-kchenmaschinen","7":"product_tag-keukenmixers","8":"pa_condition-new","9":"pa_coolblue-de-verzending-morgen-gratis-geliefert","10":"pa_ean-25355","11":"pa_mpn-mum58359","13":"first","14":"instock","15":"product-type-external"},"acf":[],"_links":{"self":[{"href":"https:\/\/onlinehardwareshop.de\/index.php\/wp-json\/wp\/v2\/product\/82391","targetHints":{"allow":["GET"]}}],"collection":[{"href":"https:\/\/onlinehardwareshop.de\/index.php\/wp-json\/wp\/v2\/product"}],"about":[{"href":"https:\/\/onlinehardwareshop.de\/index.php\/wp-json\/wp\/v2\/types\/product"}],"replies":[{"embeddable":true,"href":"https:\/\/onlinehardwareshop.de\/index.php\/wp-json\/wp\/v2\/comments?post=82391"}],"wp:attachment":[{"href":"https:\/\/onlinehardwareshop.de\/index.php\/wp-json\/wp\/v2\/media?parent=82391"}],"wp:term":[{"taxonomy":"brand","embeddable":true,"href":"https:\/\/onlinehardwareshop.de\/index.php\/wp-json\/wp\/v2\/brand?post=82391"},{"taxonomy":"product_brand","embeddable":true,"href":"https:\/\/onlinehardwareshop.de\/index.php\/wp-json\/wp\/v2\/product_brand?post=82391"},{"taxonomy":"product_cat","embeddable":true,"href":"https:\/\/onlinehardwareshop.de\/index.php\/wp-json\/wp\/v2\/product_cat?post=82391"},{"taxonomy":"product_tag","embeddable":true,"href":"https:\/\/onlinehardwareshop.de\/index.php\/wp-json\/wp\/v2\/product_tag?post=82391"}],"curies":[{"name":"wp","href":"https:\/\/api.w.org\/{rel}","templated":true}]}}