{"id":82354,"date":"2024-02-20T19:14:47","date_gmt":"2024-02-20T19:14:47","guid":{"rendered":"https:\/\/onlinehardwareshop.de\/index.php\/produkt\/einhell-te-ap-18-22-li-solo-40-ah-akku-2x-e-case-s-f-starterset-2\/"},"modified":"2025-05-14T16:09:08","modified_gmt":"2025-05-14T16:09:08","slug":"einhell-te-ap-18-22-li-solo-40-ah-akku-2x-e-case-s-f-starterset","status":"publish","type":"product","link":"https:\/\/onlinehardwareshop.de\/index.php\/produkt\/einhell-te-ap-18-22-li-solo-40-ah-akku-2x-e-case-s-f-starterset\/","title":{"rendered":"Einhell TE-AP 18\/22 Li Solo 4,0-Ah-Akku (2x) E-Case S-F Starterset"},"content":{"rendered":"<p>Mit diesem Einhell TE-AP 18\/22 Li Solo 4,0-Ah-Akku (2x) E-Case S-F Starterset arbeitest du ohne Unterbrechungen mit deiner S\u00e4bels\u00e4ge und nimmst sie bequem \u00fcberallhin mit. Diese S\u00e4ge wiegt 1,6 Kilogramm und ist kleiner als die meisten S\u00e4bels\u00e4gen. Au\u00dferdem sparst du dir bei der Arbeit den Kabelsalat, denn diese S\u00e4ge ist akkubetrieben. Du s\u00e4gst problemlos Holz mit einer Dicke von bis zu 100\u00a0mm. Bei Metall schafft die S\u00e4ge 6\u00a0mm. Der mitgelieferte Werkzeugkoffer bietet dir Platz f\u00fcr 25 Kilogramm an Werkzeug. Die Innenseite des Koffers besteht aus Schaumstoff und sch\u00fctzt die Maschine vor Kratzerm und St\u00f6\u00dfen. Die S\u00e4bels\u00e4ge und die mitgelieferten Akkus sind Teil des Einhell Power X-Change 18V Akkusystems. Daher verwendest du die Akkus auch in anderen (Garten-)Werkzeugen dieses Systems.<\/p>\n","protected":false},"excerpt":{"rendered":"<p>Mit diesem Einhell TE-AP 18\/22 Li Solo 4,0-Ah-Akku (2x) E-Case S-F Starterset arbeitest du ohne Unterbrechungen mit deiner S\u00e4bels\u00e4ge und nimmst sie bequem \u00fcberallhin mit. Diese S\u00e4ge wiegt 1,6 Kilogramm und ist kleiner als die meisten S\u00e4bels\u00e4gen. Au\u00dferdem sparst du dir bei der Arbeit den Kabelsalat, denn diese S\u00e4ge ist akkubetrieben. Du s\u00e4gst problemlos Holz mit einer Dicke von bis zu 100\u00a0mm. Bei Metall schafft die S\u00e4ge 6\u00a0mm. Der mitgelieferte Werkzeugkoffer bietet dir Platz f\u00fcr 25 Kilogramm an Werkzeug. Die Innenseite des Koffers besteht aus Schaumstoff und sch\u00fctzt die Maschine vor Kratzerm und St\u00f6\u00dfen. Die S\u00e4bels\u00e4ge und die mitgelieferten Akkus sind Teil des Einhell Power X-Change 18V Akkusystems. Daher verwendest du die Akkus auch in anderen (Garten-)Werkzeugen dieses Systems.<\/p>\n","protected":false},"featured_media":0,"comment_status":"closed","ping_status":"open","template":"","meta":{"_acf_changed":false},"brand":[1564],"product_brand":[],"product_cat":[585],"product_tag":[2028],"class_list":{"0":"post-82354","1":"product","2":"type-product","3":"status-publish","5":"brand-einhell","6":"product_cat-sbelsgen","7":"product_tag-accu-reciprozagen","8":"pa_condition-new","9":"pa_coolblue-de-verzending-morgen-gratis-geliefert","10":"pa_ean-25280","12":"first","13":"instock","14":"product-type-external"},"acf":[],"_links":{"self":[{"href":"https:\/\/onlinehardwareshop.de\/index.php\/wp-json\/wp\/v2\/product\/82354","targetHints":{"allow":["GET"]}}],"collection":[{"href":"https:\/\/onlinehardwareshop.de\/index.php\/wp-json\/wp\/v2\/product"}],"about":[{"href":"https:\/\/onlinehardwareshop.de\/index.php\/wp-json\/wp\/v2\/types\/product"}],"replies":[{"embeddable":true,"href":"https:\/\/onlinehardwareshop.de\/index.php\/wp-json\/wp\/v2\/comments?post=82354"}],"wp:attachment":[{"href":"https:\/\/onlinehardwareshop.de\/index.php\/wp-json\/wp\/v2\/media?parent=82354"}],"wp:term":[{"taxonomy":"brand","embeddable":true,"href":"https:\/\/onlinehardwareshop.de\/index.php\/wp-json\/wp\/v2\/brand?post=82354"},{"taxonomy":"product_brand","embeddable":true,"href":"https:\/\/onlinehardwareshop.de\/index.php\/wp-json\/wp\/v2\/product_brand?post=82354"},{"taxonomy":"product_cat","embeddable":true,"href":"https:\/\/onlinehardwareshop.de\/index.php\/wp-json\/wp\/v2\/product_cat?post=82354"},{"taxonomy":"product_tag","embeddable":true,"href":"https:\/\/onlinehardwareshop.de\/index.php\/wp-json\/wp\/v2\/product_tag?post=82354"}],"curies":[{"name":"wp","href":"https:\/\/api.w.org\/{rel}","templated":true}]}}