{"id":82353,"date":"2025-02-12T02:54:45","date_gmt":"2025-02-12T02:54:45","guid":{"rendered":"https:\/\/onlinehardwareshop.de\/index.php\/produkt\/einhell-te-ap-18-22-li-solo-40-ah-akku-2x-starterset-2\/"},"modified":"2025-05-14T16:09:03","modified_gmt":"2025-05-14T16:09:03","slug":"einhell-te-ap-18-22-li-solo-40-ah-akku-2x-starterset","status":"publish","type":"product","link":"https:\/\/onlinehardwareshop.de\/index.php\/produkt\/einhell-te-ap-18-22-li-solo-40-ah-akku-2x-starterset\/","title":{"rendered":"Einhell TE-AP 18\/22 Li Solo 4,0-Ah-Akku (2x) Starterset"},"content":{"rendered":"<p>Mit dem Einhell TE-AP 18\/22 Li Solo 4,0-Ah-Akku (2x) Starterset arbeitest du ohne Unterbrechungen. Diese S\u00e4ge wiegt 1,6 Kilogramm und ist kleiner als die meisten S\u00e4bels\u00e4gen. Au\u00dferdem sparst du dir bei der Arbeit den Kabelsalat, denn diese S\u00e4ge ist akkubetrieben. Du s\u00e4gst problemlos Holz mit einer Dicke von bis zu 100\u00a0mm. Bei Metall schafft die S\u00e4ge 6\u00a0mm. Ben\u00f6tigst du ein neues S\u00e4geblatt? Dann tausche das alte schnell und ohne zus\u00e4tzliches Werkzeug einfach durch ein neues aus. Die S\u00e4bels\u00e4ge und die mitgelieferten Akkus sind Teil des Einhell Power X-Change 18V Akkusystems. Daher verwendest du die Akkus auch in anderen (Garten-)Werkzeugen dieses Systems.<\/p>\n","protected":false},"excerpt":{"rendered":"<p>Mit dem Einhell TE-AP 18\/22 Li Solo 4,0-Ah-Akku (2x) Starterset arbeitest du ohne Unterbrechungen. Diese S\u00e4ge wiegt 1,6 Kilogramm und ist kleiner als die meisten S\u00e4bels\u00e4gen. Au\u00dferdem sparst du dir bei der Arbeit den Kabelsalat, denn diese S\u00e4ge ist akkubetrieben. Du s\u00e4gst problemlos Holz mit einer Dicke von bis zu 100\u00a0mm. Bei Metall schafft die S\u00e4ge 6\u00a0mm. Ben\u00f6tigst du ein neues S\u00e4geblatt? Dann tausche das alte schnell und ohne zus\u00e4tzliches Werkzeug einfach durch ein neues aus. Die S\u00e4bels\u00e4ge und die mitgelieferten Akkus sind Teil des Einhell Power X-Change 18V Akkusystems. Daher verwendest du die Akkus auch in anderen (Garten-)Werkzeugen dieses Systems.<\/p>\n","protected":false},"featured_media":0,"comment_status":"closed","ping_status":"open","template":"","meta":{"_acf_changed":false},"brand":[1564],"product_brand":[],"product_cat":[585],"product_tag":[2028],"class_list":{"0":"post-82353","1":"product","2":"type-product","3":"status-publish","5":"brand-einhell","6":"product_cat-sbelsgen","7":"product_tag-accu-reciprozagen","8":"pa_condition-new","9":"pa_coolblue-de-verzending-morgen-gratis-geliefert","10":"pa_ean-25277","12":"first","13":"instock","14":"product-type-external"},"acf":[],"_links":{"self":[{"href":"https:\/\/onlinehardwareshop.de\/index.php\/wp-json\/wp\/v2\/product\/82353","targetHints":{"allow":["GET"]}}],"collection":[{"href":"https:\/\/onlinehardwareshop.de\/index.php\/wp-json\/wp\/v2\/product"}],"about":[{"href":"https:\/\/onlinehardwareshop.de\/index.php\/wp-json\/wp\/v2\/types\/product"}],"replies":[{"embeddable":true,"href":"https:\/\/onlinehardwareshop.de\/index.php\/wp-json\/wp\/v2\/comments?post=82353"}],"wp:attachment":[{"href":"https:\/\/onlinehardwareshop.de\/index.php\/wp-json\/wp\/v2\/media?parent=82353"}],"wp:term":[{"taxonomy":"brand","embeddable":true,"href":"https:\/\/onlinehardwareshop.de\/index.php\/wp-json\/wp\/v2\/brand?post=82353"},{"taxonomy":"product_brand","embeddable":true,"href":"https:\/\/onlinehardwareshop.de\/index.php\/wp-json\/wp\/v2\/product_brand?post=82353"},{"taxonomy":"product_cat","embeddable":true,"href":"https:\/\/onlinehardwareshop.de\/index.php\/wp-json\/wp\/v2\/product_cat?post=82353"},{"taxonomy":"product_tag","embeddable":true,"href":"https:\/\/onlinehardwareshop.de\/index.php\/wp-json\/wp\/v2\/product_tag?post=82353"}],"curies":[{"name":"wp","href":"https:\/\/api.w.org\/{rel}","templated":true}]}}