{"id":82350,"date":"2025-04-30T03:59:13","date_gmt":"2025-04-30T03:59:13","guid":{"rendered":"https:\/\/onlinehardwareshop.de\/index.php\/produkt\/einhell-te-ap-18-22-li-solo-40-ah-akku-e-case-s-f-starterset-2\/"},"modified":"2025-05-14T16:08:41","modified_gmt":"2025-05-14T16:08:41","slug":"einhell-te-ap-18-22-li-solo-40-ah-akku-e-case-s-f-starterset","status":"publish","type":"product","link":"https:\/\/onlinehardwareshop.de\/index.php\/produkt\/einhell-te-ap-18-22-li-solo-40-ah-akku-e-case-s-f-starterset\/","title":{"rendered":"Einhell TE-AP 18\/22 Li Solo 4,0-Ah-Akku E-Case S-F Starterset"},"content":{"rendered":"<p>Mit diesem Einhell TE-AP 18\/22 Li Solo 4,0-Ah-Akku E-Case S-F Starterset bringst du deine S\u00e4bels\u00e4ge direkt ans Laufen und nimmst sie bequem \u00fcberallhin mit. Diese S\u00e4ge ist mit einem Gewicht von 1,6 Kilogramm leicht und auch kleiner als die meisten S\u00e4bels\u00e4gen. Sie funktioniert mit einem Akku (nicht mitgeliefert), sodass du vollkommen kabellos arbeitest. Mit dieser S\u00e4ge s\u00e4gst du problemlos bis zu 100\u00a0mm dicke Zweige durch. Bei Metall betr\u00e4gt die maximale Dicke 6\u00a0mm. Der Werkzeugkoffer bietet dir Platz f\u00fcr 25 Kilogramm an Werkzeug. Die S\u00e4bels\u00e4ge und der mitgelieferte Akku geh\u00f6ren zum Einhell Power X-Change 18V Akkusystem. Du verwendest den Akku daher auch in anderen (Garten-)Werkzeugen desselben Systems.<\/p>\n","protected":false},"excerpt":{"rendered":"<p>Mit diesem Einhell TE-AP 18\/22 Li Solo 4,0-Ah-Akku E-Case S-F Starterset bringst du deine S\u00e4bels\u00e4ge direkt ans Laufen und nimmst sie bequem \u00fcberallhin mit. Diese S\u00e4ge ist mit einem Gewicht von 1,6 Kilogramm leicht und auch kleiner als die meisten S\u00e4bels\u00e4gen. Sie funktioniert mit einem Akku (nicht mitgeliefert), sodass du vollkommen kabellos arbeitest. Mit dieser S\u00e4ge s\u00e4gst du problemlos bis zu 100\u00a0mm dicke Zweige durch. Bei Metall betr\u00e4gt die maximale Dicke 6\u00a0mm. Der Werkzeugkoffer bietet dir Platz f\u00fcr 25 Kilogramm an Werkzeug. Die S\u00e4bels\u00e4ge und der mitgelieferte Akku geh\u00f6ren zum Einhell Power X-Change 18V Akkusystem. Du verwendest den Akku daher auch in anderen (Garten-)Werkzeugen desselben Systems.<\/p>\n","protected":false},"featured_media":0,"comment_status":"closed","ping_status":"open","template":"","meta":{"_acf_changed":false},"brand":[1564],"product_brand":[],"product_cat":[585],"product_tag":[2028],"class_list":{"0":"post-82350","1":"product","2":"type-product","3":"status-publish","5":"brand-einhell","6":"product_cat-sbelsgen","7":"product_tag-accu-reciprozagen","8":"pa_condition-new","9":"pa_coolblue-de-verzending-morgen-gratis-geliefert","10":"pa_ean-25272","12":"first","13":"instock","14":"product-type-external"},"acf":[],"_links":{"self":[{"href":"https:\/\/onlinehardwareshop.de\/index.php\/wp-json\/wp\/v2\/product\/82350","targetHints":{"allow":["GET"]}}],"collection":[{"href":"https:\/\/onlinehardwareshop.de\/index.php\/wp-json\/wp\/v2\/product"}],"about":[{"href":"https:\/\/onlinehardwareshop.de\/index.php\/wp-json\/wp\/v2\/types\/product"}],"replies":[{"embeddable":true,"href":"https:\/\/onlinehardwareshop.de\/index.php\/wp-json\/wp\/v2\/comments?post=82350"}],"wp:attachment":[{"href":"https:\/\/onlinehardwareshop.de\/index.php\/wp-json\/wp\/v2\/media?parent=82350"}],"wp:term":[{"taxonomy":"brand","embeddable":true,"href":"https:\/\/onlinehardwareshop.de\/index.php\/wp-json\/wp\/v2\/brand?post=82350"},{"taxonomy":"product_brand","embeddable":true,"href":"https:\/\/onlinehardwareshop.de\/index.php\/wp-json\/wp\/v2\/product_brand?post=82350"},{"taxonomy":"product_cat","embeddable":true,"href":"https:\/\/onlinehardwareshop.de\/index.php\/wp-json\/wp\/v2\/product_cat?post=82350"},{"taxonomy":"product_tag","embeddable":true,"href":"https:\/\/onlinehardwareshop.de\/index.php\/wp-json\/wp\/v2\/product_tag?post=82350"}],"curies":[{"name":"wp","href":"https:\/\/api.w.org\/{rel}","templated":true}]}}