{"id":82349,"date":"2024-01-24T11:31:22","date_gmt":"2024-01-24T11:31:22","guid":{"rendered":"https:\/\/onlinehardwareshop.de\/index.php\/produkt\/einhell-te-ap-18-22-li-solo-einhell-18v-40ah-starterset-power-x-change-2\/"},"modified":"2025-05-14T16:08:36","modified_gmt":"2025-05-14T16:08:36","slug":"einhell-te-ap-18-22-li-solo-einhell-18v-40ah-starterset-power-x-change","status":"publish","type":"product","link":"https:\/\/onlinehardwareshop.de\/index.php\/produkt\/einhell-te-ap-18-22-li-solo-einhell-18v-40ah-starterset-power-x-change\/","title":{"rendered":"Einhell TE-AP 18\/22 Li Solo + Einhell 18&#xA0;V\/4,0&#xA0;Ah Starterset &#8211; Power X-Change"},"content":{"rendered":"<p>Mit diesem Einhell TE-AP 18\/22 Li Solo + Einhell 18\u00a0V\/4,0\u00a0Ah Starterset &#8211; Power X-Change bringst du deine S\u00e4bels\u00e4ge direkt ans Laufen. Diese S\u00e4ge ist kleiner als die meisten S\u00e4bels\u00e4gen und wiegt nur 1,6 Kilogramm. Da sie akkubetrieben ist, arbeitest du kabellos. Mit dieser S\u00e4ge s\u00e4gst du problemlos bis zu 100\u00a0mm dickes Holz oder auch Metall mit einer Dicke von bis zu 6\u00a0mm, wie zum Beispiel Metallrohre. Ist es Zeit, das S\u00e4geblatt auszutauschen? Dann klemmst du schnell und ohne zus\u00e4tzliches Werkzeug einfach ein neues S\u00e4geblatt an die S\u00e4ge. Die S\u00e4bels\u00e4ge und der mitgelieferte Akku sind Teil des Einhell Power X-Change 18V Akkusystems. Dadurch verwendest du den Akku auch in anderen (Garten-)Werkzeugen.<\/p>\n","protected":false},"excerpt":{"rendered":"<p>Mit diesem Einhell TE-AP 18\/22 Li Solo + Einhell 18\u00a0V\/4,0\u00a0Ah Starterset &#8211; Power X-Change bringst du deine S\u00e4bels\u00e4ge direkt ans Laufen. Diese S\u00e4ge ist kleiner als die meisten S\u00e4bels\u00e4gen und wiegt nur 1,6 Kilogramm. Da sie akkubetrieben ist, arbeitest du kabellos. Mit dieser S\u00e4ge s\u00e4gst du problemlos bis zu 100\u00a0mm dickes Holz oder auch Metall mit einer Dicke von bis zu 6\u00a0mm, wie zum Beispiel Metallrohre. Ist es Zeit, das S\u00e4geblatt auszutauschen? Dann klemmst du schnell und ohne zus\u00e4tzliches Werkzeug einfach ein neues S\u00e4geblatt an die S\u00e4ge. Die S\u00e4bels\u00e4ge und der mitgelieferte Akku sind Teil des Einhell Power X-Change 18V Akkusystems. Dadurch verwendest du den Akku auch in anderen (Garten-)Werkzeugen.<\/p>\n","protected":false},"featured_media":0,"comment_status":"closed","ping_status":"open","template":"","meta":{"_acf_changed":false},"brand":[1564],"product_brand":[],"product_cat":[585],"product_tag":[2028],"class_list":{"0":"post-82349","1":"product","2":"type-product","3":"status-publish","5":"brand-einhell","6":"product_cat-sbelsgen","7":"product_tag-accu-reciprozagen","8":"pa_condition-new","9":"pa_coolblue-de-verzending-morgen-gratis-geliefert","10":"pa_ean-25271","12":"first","13":"instock","14":"product-type-external"},"acf":[],"_links":{"self":[{"href":"https:\/\/onlinehardwareshop.de\/index.php\/wp-json\/wp\/v2\/product\/82349","targetHints":{"allow":["GET"]}}],"collection":[{"href":"https:\/\/onlinehardwareshop.de\/index.php\/wp-json\/wp\/v2\/product"}],"about":[{"href":"https:\/\/onlinehardwareshop.de\/index.php\/wp-json\/wp\/v2\/types\/product"}],"replies":[{"embeddable":true,"href":"https:\/\/onlinehardwareshop.de\/index.php\/wp-json\/wp\/v2\/comments?post=82349"}],"wp:attachment":[{"href":"https:\/\/onlinehardwareshop.de\/index.php\/wp-json\/wp\/v2\/media?parent=82349"}],"wp:term":[{"taxonomy":"brand","embeddable":true,"href":"https:\/\/onlinehardwareshop.de\/index.php\/wp-json\/wp\/v2\/brand?post=82349"},{"taxonomy":"product_brand","embeddable":true,"href":"https:\/\/onlinehardwareshop.de\/index.php\/wp-json\/wp\/v2\/product_brand?post=82349"},{"taxonomy":"product_cat","embeddable":true,"href":"https:\/\/onlinehardwareshop.de\/index.php\/wp-json\/wp\/v2\/product_cat?post=82349"},{"taxonomy":"product_tag","embeddable":true,"href":"https:\/\/onlinehardwareshop.de\/index.php\/wp-json\/wp\/v2\/product_tag?post=82349"}],"curies":[{"name":"wp","href":"https:\/\/api.w.org\/{rel}","templated":true}]}}