{"id":82348,"date":"2024-01-12T10:48:33","date_gmt":"2024-01-12T10:48:33","guid":{"rendered":"https:\/\/onlinehardwareshop.de\/index.php\/produkt\/einhell-te-ap-18-22-li-solo-ohne-akku-einhell-e-case-s-f-2\/"},"modified":"2025-05-14T16:08:31","modified_gmt":"2025-05-14T16:08:31","slug":"einhell-te-ap-18-22-li-solo-ohne-akku-einhell-e-case-s-f","status":"publish","type":"product","link":"https:\/\/onlinehardwareshop.de\/index.php\/produkt\/einhell-te-ap-18-22-li-solo-ohne-akku-einhell-e-case-s-f\/","title":{"rendered":"Einhell TE-AP 18\/22 Li Solo (ohne Akku) + Einhell E-Case S-F"},"content":{"rendered":"<p>Mit diesem Set aus Einhell TE-AP 18\/22 Li Solo (ohne Akku) + Einhell E-Case S-F nimmst du deine S\u00e4bels\u00e4ge einfach auf jede Baustelle mit. Diese S\u00e4ge wiegt 1,6 Kilogramm und ist kleiner als die meisten S\u00e4bels\u00e4gen. Du arbeitest au\u00dferdem kabellos, da diese S\u00e4ge akkubetrieben ist (nicht mitgeliefert). Mit dieser S\u00e4ge s\u00e4gst du Holz mit einer Dicke von bis zu 100\u00a0mm und Metall mit einer Dicke von bis zu 6\u00a0mm. Der mitgelieferte Werkzeugkoffer bietet dir Platz f\u00fcr bis zu 25 Kilogramm an Werkzeug. Er besteht zudem aus Polypropylen und ist dadurch robust sowie sto\u00dffest. Diese S\u00e4bels\u00e4ge geh\u00f6rt zum Einhell Power X-Change 18V Akkusystem. Besitzt du bereits einen Akku dieser Plattform? Dann verwendest du ihn auch in dieser S\u00e4bels\u00e4ge.<\/p>\n","protected":false},"excerpt":{"rendered":"<p>Mit diesem Set aus Einhell TE-AP 18\/22 Li Solo (ohne Akku) + Einhell E-Case S-F nimmst du deine S\u00e4bels\u00e4ge einfach auf jede Baustelle mit. Diese S\u00e4ge wiegt 1,6 Kilogramm und ist kleiner als die meisten S\u00e4bels\u00e4gen. Du arbeitest au\u00dferdem kabellos, da diese S\u00e4ge akkubetrieben ist (nicht mitgeliefert). Mit dieser S\u00e4ge s\u00e4gst du Holz mit einer Dicke von bis zu 100\u00a0mm und Metall mit einer Dicke von bis zu 6\u00a0mm. Der mitgelieferte Werkzeugkoffer bietet dir Platz f\u00fcr bis zu 25 Kilogramm an Werkzeug. Er besteht zudem aus Polypropylen und ist dadurch robust sowie sto\u00dffest. Diese S\u00e4bels\u00e4ge geh\u00f6rt zum Einhell Power X-Change 18V Akkusystem. Besitzt du bereits einen Akku dieser Plattform? Dann verwendest du ihn auch in dieser S\u00e4bels\u00e4ge.<\/p>\n","protected":false},"featured_media":0,"comment_status":"closed","ping_status":"open","template":"","meta":{"_acf_changed":false},"brand":[1564],"product_brand":[],"product_cat":[585],"product_tag":[2028],"class_list":{"0":"post-82348","1":"product","2":"type-product","3":"status-publish","5":"brand-einhell","6":"product_cat-sbelsgen","7":"product_tag-accu-reciprozagen","8":"pa_condition-new","9":"pa_coolblue-de-verzending-morgen-gratis-geliefert","10":"pa_ean-25270","12":"first","13":"instock","14":"product-type-external"},"acf":[],"_links":{"self":[{"href":"https:\/\/onlinehardwareshop.de\/index.php\/wp-json\/wp\/v2\/product\/82348","targetHints":{"allow":["GET"]}}],"collection":[{"href":"https:\/\/onlinehardwareshop.de\/index.php\/wp-json\/wp\/v2\/product"}],"about":[{"href":"https:\/\/onlinehardwareshop.de\/index.php\/wp-json\/wp\/v2\/types\/product"}],"replies":[{"embeddable":true,"href":"https:\/\/onlinehardwareshop.de\/index.php\/wp-json\/wp\/v2\/comments?post=82348"}],"wp:attachment":[{"href":"https:\/\/onlinehardwareshop.de\/index.php\/wp-json\/wp\/v2\/media?parent=82348"}],"wp:term":[{"taxonomy":"brand","embeddable":true,"href":"https:\/\/onlinehardwareshop.de\/index.php\/wp-json\/wp\/v2\/brand?post=82348"},{"taxonomy":"product_brand","embeddable":true,"href":"https:\/\/onlinehardwareshop.de\/index.php\/wp-json\/wp\/v2\/product_brand?post=82348"},{"taxonomy":"product_cat","embeddable":true,"href":"https:\/\/onlinehardwareshop.de\/index.php\/wp-json\/wp\/v2\/product_cat?post=82348"},{"taxonomy":"product_tag","embeddable":true,"href":"https:\/\/onlinehardwareshop.de\/index.php\/wp-json\/wp\/v2\/product_tag?post=82348"}],"curies":[{"name":"wp","href":"https:\/\/api.w.org\/{rel}","templated":true}]}}