{"id":82328,"date":"2024-09-27T19:24:52","date_gmt":"2024-09-27T19:24:52","guid":{"rendered":"https:\/\/onlinehardwareshop.de\/index.php\/produkt\/einhell-tp-jst-18-135-li-bl-solo-40ah-akku-2x-starterset-2\/"},"modified":"2025-05-14T16:06:28","modified_gmt":"2025-05-14T16:06:28","slug":"einhell-tp-jst-18-135-li-bl-solo-40ah-akku-2x-starterset","status":"publish","type":"product","link":"https:\/\/onlinehardwareshop.de\/index.php\/produkt\/einhell-tp-jst-18-135-li-bl-solo-40ah-akku-2x-starterset\/","title":{"rendered":"Einhell TP-JST 18\/135 Li BL Solo 4,0&#xA0;Ah Akku (2x) Starterset"},"content":{"rendered":"<p>Mit dem Einhell TP-JST 18\/135 Li BL Solo 4,0\u00a0Ah Akku (2x) Starterset s\u00e4gst du ohne Unterbrechungen. Du erh\u00e4ltst zwei Akkus, sodass du immer einen in Reserve hast. Diese Stichs\u00e4ge s\u00e4gt bis zu 135\u00a0mm tief in Holz und bis zu 10\u00a0mm tief in Stahl. Du s\u00e4gst gerade und schr\u00e4g (auf Gehrung), sodass du viele verschiedene Arbeiten erledigst. Mit der Blasfunktion h\u00e4ltst du deinen Arbeitsbereich sauber und sorgst f\u00fcr gute Sicht. Dank der integrierten Beleuchtung arbeitest du problemlos in dunklen R\u00e4umen. Die S\u00e4gebl\u00e4tter lassen sich schnell und einfach ohne zus\u00e4tzliches Werkzeug wechseln. Die Akkus sind Teil des Einhell Power X-Change 18V Akkusystems. Du nutzt die Akkus auch f\u00fcr andere (Garten-)Ger\u00e4te desselben Systems.<\/p>\n","protected":false},"excerpt":{"rendered":"<p>Mit dem Einhell TP-JST 18\/135 Li BL Solo 4,0\u00a0Ah Akku (2x) Starterset s\u00e4gst du ohne Unterbrechungen. Du erh\u00e4ltst zwei Akkus, sodass du immer einen in Reserve hast. Diese Stichs\u00e4ge s\u00e4gt bis zu 135\u00a0mm tief in Holz und bis zu 10\u00a0mm tief in Stahl. Du s\u00e4gst gerade und schr\u00e4g (auf Gehrung), sodass du viele verschiedene Arbeiten erledigst. Mit der Blasfunktion h\u00e4ltst du deinen Arbeitsbereich sauber und sorgst f\u00fcr gute Sicht. Dank der integrierten Beleuchtung arbeitest du problemlos in dunklen R\u00e4umen. Die S\u00e4gebl\u00e4tter lassen sich schnell und einfach ohne zus\u00e4tzliches Werkzeug wechseln. Die Akkus sind Teil des Einhell Power X-Change 18V Akkusystems. Du nutzt die Akkus auch f\u00fcr andere (Garten-)Ger\u00e4te desselben Systems.<\/p>\n","protected":false},"featured_media":0,"comment_status":"closed","ping_status":"open","template":"","meta":{"_acf_changed":false},"brand":[1564],"product_brand":[],"product_cat":[43],"product_tag":[2773],"class_list":{"0":"post-82328","1":"product","2":"type-product","3":"status-publish","5":"brand-einhell","6":"product_cat-stichsgen","7":"product_tag-accu-decoupeerzagen","8":"pa_condition-new","9":"pa_coolblue-de-verzending-morgen-gratis-geliefert","10":"pa_ean-25240","12":"first","13":"instock","14":"product-type-external"},"acf":[],"_links":{"self":[{"href":"https:\/\/onlinehardwareshop.de\/index.php\/wp-json\/wp\/v2\/product\/82328","targetHints":{"allow":["GET"]}}],"collection":[{"href":"https:\/\/onlinehardwareshop.de\/index.php\/wp-json\/wp\/v2\/product"}],"about":[{"href":"https:\/\/onlinehardwareshop.de\/index.php\/wp-json\/wp\/v2\/types\/product"}],"replies":[{"embeddable":true,"href":"https:\/\/onlinehardwareshop.de\/index.php\/wp-json\/wp\/v2\/comments?post=82328"}],"wp:attachment":[{"href":"https:\/\/onlinehardwareshop.de\/index.php\/wp-json\/wp\/v2\/media?parent=82328"}],"wp:term":[{"taxonomy":"brand","embeddable":true,"href":"https:\/\/onlinehardwareshop.de\/index.php\/wp-json\/wp\/v2\/brand?post=82328"},{"taxonomy":"product_brand","embeddable":true,"href":"https:\/\/onlinehardwareshop.de\/index.php\/wp-json\/wp\/v2\/product_brand?post=82328"},{"taxonomy":"product_cat","embeddable":true,"href":"https:\/\/onlinehardwareshop.de\/index.php\/wp-json\/wp\/v2\/product_cat?post=82328"},{"taxonomy":"product_tag","embeddable":true,"href":"https:\/\/onlinehardwareshop.de\/index.php\/wp-json\/wp\/v2\/product_tag?post=82328"}],"curies":[{"name":"wp","href":"https:\/\/api.w.org\/{rel}","templated":true}]}}