{"id":82276,"date":"2024-03-19T20:02:18","date_gmt":"2024-03-19T20:02:18","guid":{"rendered":"https:\/\/onlinehardwareshop.de\/index.php\/produkt\/targus-173-zoll-geolite-ecosmart-essential-laptoptasche-2\/"},"modified":"2025-05-14T16:01:12","modified_gmt":"2025-05-14T16:01:12","slug":"targus-173-zoll-geolite-ecosmart-essential-laptoptasche","status":"publish","type":"product","link":"https:\/\/onlinehardwareshop.de\/index.php\/produkt\/targus-173-zoll-geolite-ecosmart-essential-laptoptasche\/","title":{"rendered":"Targus 17,3 Zoll GeoLite EcoSmart Essential Laptoptasche"},"content":{"rendered":"<p>Nimm deinen 17 Zoll gro\u00dfen Laptop in der Targus 17,3 Zoll GeoLite EcoSmart Essential Laptoptasche einfach \u00fcberallhin mit. Diese Tasche besteht aus recyceltem Material und ist damit eine nachhaltigere Wahl. Sie sch\u00fctzt deinen Laptop vor leichten St\u00f6\u00dfen und Spritzwasser, sodass du diese Tasche auch auf dem Fahrrad mitnimmst oder w\u00e4hrend du durch den Regen l\u00e4ufst. Der Schultergurt l\u00e4sst sich f\u00fcr mehr Tragekomfort einfach auf die richtige L\u00e4nge einstellen. So musst du auch keine Sorge haben, dass die Tasche beim Laufen st\u00e4ndig verrutscht. Der Schultergurt ist gepolstert und liegt dadurch bequem auf deiner Schulter auf. Die Tasche ist au\u00dferdem mit verschiedenen F\u00e4chern versehen, in denen du Zubeh\u00f6r wie dein Ladeger\u00e4t aufbewahrst.   Die Innenabmessungen dieser Laptoph\u00fclle betragen 6\u00a0x 46\u00a0x 34\u00a0cm.<\/p>\n","protected":false},"excerpt":{"rendered":"<p>Nimm deinen 17 Zoll gro\u00dfen Laptop in der Targus 17,3 Zoll GeoLite EcoSmart Essential Laptoptasche einfach \u00fcberallhin mit. Diese Tasche besteht aus recyceltem Material und ist damit eine nachhaltigere Wahl. Sie sch\u00fctzt deinen Laptop vor leichten St\u00f6\u00dfen und Spritzwasser, sodass du diese Tasche auch auf dem Fahrrad mitnimmst oder w\u00e4hrend du durch den Regen l\u00e4ufst. Der Schultergurt l\u00e4sst sich f\u00fcr mehr Tragekomfort einfach auf die richtige L\u00e4nge einstellen. So musst du auch keine Sorge haben, dass die Tasche beim Laufen st\u00e4ndig verrutscht. Der Schultergurt ist gepolstert und liegt dadurch bequem auf deiner Schulter auf. Die Tasche ist au\u00dferdem mit verschiedenen F\u00e4chern versehen, in denen du Zubeh\u00f6r wie dein Ladeger\u00e4t aufbewahrst.   Die Innenabmessungen dieser Laptoph\u00fclle betragen 6\u00a0x 46\u00a0x 34\u00a0cm.<\/p>\n","protected":false},"featured_media":0,"comment_status":"closed","ping_status":"open","template":"","meta":{"_acf_changed":false},"brand":[1610],"product_brand":[],"product_cat":[431],"product_tag":[432],"class_list":{"0":"post-82276","1":"product","2":"type-product","3":"status-publish","5":"brand-targus","6":"product_cat-umhngetaschen","7":"product_tag-niet-leren-schoudertassen","8":"pa_condition-new","9":"pa_coolblue-de-verzending-morgen-gratis-geliefert","10":"pa_ean-29863","11":"pa_mpn-tss991gl","13":"first","14":"instock","15":"product-type-external"},"acf":[],"_links":{"self":[{"href":"https:\/\/onlinehardwareshop.de\/index.php\/wp-json\/wp\/v2\/product\/82276","targetHints":{"allow":["GET"]}}],"collection":[{"href":"https:\/\/onlinehardwareshop.de\/index.php\/wp-json\/wp\/v2\/product"}],"about":[{"href":"https:\/\/onlinehardwareshop.de\/index.php\/wp-json\/wp\/v2\/types\/product"}],"replies":[{"embeddable":true,"href":"https:\/\/onlinehardwareshop.de\/index.php\/wp-json\/wp\/v2\/comments?post=82276"}],"wp:attachment":[{"href":"https:\/\/onlinehardwareshop.de\/index.php\/wp-json\/wp\/v2\/media?parent=82276"}],"wp:term":[{"taxonomy":"brand","embeddable":true,"href":"https:\/\/onlinehardwareshop.de\/index.php\/wp-json\/wp\/v2\/brand?post=82276"},{"taxonomy":"product_brand","embeddable":true,"href":"https:\/\/onlinehardwareshop.de\/index.php\/wp-json\/wp\/v2\/product_brand?post=82276"},{"taxonomy":"product_cat","embeddable":true,"href":"https:\/\/onlinehardwareshop.de\/index.php\/wp-json\/wp\/v2\/product_cat?post=82276"},{"taxonomy":"product_tag","embeddable":true,"href":"https:\/\/onlinehardwareshop.de\/index.php\/wp-json\/wp\/v2\/product_tag?post=82276"}],"curies":[{"name":"wp","href":"https:\/\/api.w.org\/{rel}","templated":true}]}}