{"id":82274,"date":"2024-09-22T01:32:36","date_gmt":"2024-09-22T01:32:36","guid":{"rendered":"https:\/\/onlinehardwareshop.de\/index.php\/produkt\/act-usb-c-m-2-nvme-pcie-ssd-gehuse-2\/"},"modified":"2025-05-14T16:00:35","modified_gmt":"2025-05-14T16:00:35","slug":"act-usb-c-m-2-nvme-pcie-ssd-gehuse","status":"publish","type":"product","link":"https:\/\/onlinehardwareshop.de\/index.php\/produkt\/act-usb-c-m-2-nvme-pcie-ssd-gehuse\/","title":{"rendered":"ACT USB-C M.2 NVMe \/ PCIe SSD Geh&#xE4;use"},"content":{"rendered":"<p>Sch\u00fctze deine M.2 NVMe\/PCIe SSD mit dem ACT USB-C M.2 NVMe \/ PCIe SSD Geh\u00e4use. Du nutzt dieses Geh\u00e4use f\u00fcr eine NVMe oder PCIe SSD mit M-Key oder B+M-Key. Das Geh\u00e4use ist mit 1,20\u00a0x 3,60\u00a0cm recht klein und wiegt 40 Gramm. Daher nimmst du es einfach mit zur Arbeit. Zudem hat dieses Case ein Aluminiumgeh\u00e4use. Das sorgt f\u00fcr eine bessere W\u00e4rmeleitung. Das Case unterst\u00fctzt USB\u00a03.2 und UASP f\u00fcr eine \u00dcbertragungsrate von 10\u00a0Gbit\/s. Au\u00dferdem verf\u00fcgt das Geh\u00e4use \u00fcber zwei USB-C-Anschl\u00fcsse. Dar\u00fcber schlie\u00dft du es an deinen Laptop oder Computer an.<\/p>\n","protected":false},"excerpt":{"rendered":"<p>Sch\u00fctze deine M.2 NVMe\/PCIe SSD mit dem ACT USB-C M.2 NVMe \/ PCIe SSD Geh\u00e4use. Du nutzt dieses Geh\u00e4use f\u00fcr eine NVMe oder PCIe SSD mit M-Key oder B+M-Key. Das Geh\u00e4use ist mit 1,20\u00a0x 3,60\u00a0cm recht klein und wiegt 40 Gramm. Daher nimmst du es einfach mit zur Arbeit. Zudem hat dieses Case ein Aluminiumgeh\u00e4use. Das sorgt f\u00fcr eine bessere W\u00e4rmeleitung. Das Case unterst\u00fctzt USB\u00a03.2 und UASP f\u00fcr eine \u00dcbertragungsrate von 10\u00a0Gbit\/s. Au\u00dferdem verf\u00fcgt das Geh\u00e4use \u00fcber zwei USB-C-Anschl\u00fcsse. Dar\u00fcber schlie\u00dft du es an deinen Laptop oder Computer an.<\/p>\n","protected":false},"featured_media":0,"comment_status":"closed","ping_status":"open","template":"","meta":{"_acf_changed":false},"brand":[4758],"product_brand":[],"product_cat":[9339],"product_tag":[9340],"class_list":{"0":"post-82274","1":"product","2":"type-product","3":"status-publish","5":"brand-act","6":"product_cat-festplattengehaeuse","7":"product_tag-hardeschijfbehuizingen","8":"pa_condition-new","9":"pa_coolblue-de-verzending-morgen-gratis-geliefert","10":"pa_ean-25200","11":"pa_mpn-ac1615","13":"first","14":"instock","15":"product-type-external"},"acf":[],"_links":{"self":[{"href":"https:\/\/onlinehardwareshop.de\/index.php\/wp-json\/wp\/v2\/product\/82274","targetHints":{"allow":["GET"]}}],"collection":[{"href":"https:\/\/onlinehardwareshop.de\/index.php\/wp-json\/wp\/v2\/product"}],"about":[{"href":"https:\/\/onlinehardwareshop.de\/index.php\/wp-json\/wp\/v2\/types\/product"}],"replies":[{"embeddable":true,"href":"https:\/\/onlinehardwareshop.de\/index.php\/wp-json\/wp\/v2\/comments?post=82274"}],"wp:attachment":[{"href":"https:\/\/onlinehardwareshop.de\/index.php\/wp-json\/wp\/v2\/media?parent=82274"}],"wp:term":[{"taxonomy":"brand","embeddable":true,"href":"https:\/\/onlinehardwareshop.de\/index.php\/wp-json\/wp\/v2\/brand?post=82274"},{"taxonomy":"product_brand","embeddable":true,"href":"https:\/\/onlinehardwareshop.de\/index.php\/wp-json\/wp\/v2\/product_brand?post=82274"},{"taxonomy":"product_cat","embeddable":true,"href":"https:\/\/onlinehardwareshop.de\/index.php\/wp-json\/wp\/v2\/product_cat?post=82274"},{"taxonomy":"product_tag","embeddable":true,"href":"https:\/\/onlinehardwareshop.de\/index.php\/wp-json\/wp\/v2\/product_tag?post=82274"}],"curies":[{"name":"wp","href":"https:\/\/api.w.org\/{rel}","templated":true}]}}