{"id":82247,"date":"2024-05-10T13:03:22","date_gmt":"2024-05-10T13:03:22","guid":{"rendered":"https:\/\/onlinehardwareshop.de\/index.php\/produkt\/apple-macbook-air-13-2024-m3-8-core-cpu-10-core-gpu-24gb-512gb-silber-2\/"},"modified":"2025-05-14T15:58:08","modified_gmt":"2025-05-14T15:58:08","slug":"apple-macbook-air-13-2024-m3-8-core-cpu-10-core-gpu-24gb-512gb-silber","status":"publish","type":"product","link":"https:\/\/onlinehardwareshop.de\/index.php\/produkt\/apple-macbook-air-13-2024-m3-8-core-cpu-10-core-gpu-24gb-512gb-silber\/","title":{"rendered":"Apple MacBook Air 13&#34; (2024) M3 (8-Core-CPU\/10-Core-GPU) 24GB\/512GB Silber"},"content":{"rendered":"<p>Mit dem Apple MacBook Air 13 Zoll (2024) M3 (8-Core-CPU \/ 10-Core-GPU) 24\u00a0GB \/ 512\u00a0GB Silber arbeitest du problemlos an gro\u00dfen Filmprojekten und deine Videos rendern schnell. In der Zwischenzeit shoppst du online dein neues Outfit, schreibst Berichte in Pages und schaust deine Lieblingsserie. Der leistungsstarke M3 Chip und 24\u00a0GB Arbeitsspeicher erm\u00f6glichen dies. Es spielt keine Rolle, wo du das alles tust, denn dank des geringen Gewichts von 1,2\u00a0kg l\u00e4sst sich das MacBook \u00fcberallhin mitnehmen. Egal, an welchem Projekt du arbeitest, Multitasking f\u00e4llt jetzt noch leichter. Am zugeklappten MacBook schlie\u00dft du zwei externe Bildschirme an. Dank Wi-Fi\u00a06E profitierst du von einem stabileren Netzwerk und arbeitest online ohne Verbindungsprobleme. \u00dcber zwischenzeitliches Laden musst du dir keine Gedanken machen, denn ein vollst\u00e4ndig aufgeladenes MacBook Air h\u00e4lt 18 Stunden oder l\u00e4nger durch.  Empfehlung unseres Apple Experten Internet, E-Mail und Textverarbeitung: geeignet Filme und Serien ansehen: geeignet Fotobearbeitung: geeignet Videobearbeitung: geeignet 3D-Entw\u00fcrfe erstellen und rendern: ungeeignet, mindestens ein M3 Pro und 18\u00a0GB Arbeitsspeicher erforderlich Entwicklung von Apps in Xcode: ungeeignet, mindestens ein M3 Max Chip und 36\u00a0GB Arbeitsspeicher erforderlich Gaming: m\u00f6glich, aber haupts\u00e4chlich Low-End-Games. Es k\u00f6nnen aber alle Spiele von Apple Arcade gespielt werden.<\/p>\n","protected":false},"excerpt":{"rendered":"<p>Mit dem Apple MacBook Air 13 Zoll (2024) M3 (8-Core-CPU \/ 10-Core-GPU) 24\u00a0GB \/ 512\u00a0GB Silber arbeitest du problemlos an gro\u00dfen Filmprojekten und deine Videos rendern schnell. In der Zwischenzeit shoppst du online dein neues Outfit, schreibst Berichte in Pages und schaust deine Lieblingsserie. Der leistungsstarke M3 Chip und 24\u00a0GB Arbeitsspeicher erm\u00f6glichen dies. Es spielt keine Rolle, wo du das alles tust, denn dank des geringen Gewichts von 1,2\u00a0kg l\u00e4sst sich das MacBook \u00fcberallhin mitnehmen. Egal, an welchem Projekt du arbeitest, Multitasking f\u00e4llt jetzt noch leichter. Am zugeklappten MacBook schlie\u00dft du zwei externe Bildschirme an. Dank Wi-Fi\u00a06E profitierst du von einem stabileren Netzwerk und arbeitest online ohne Verbindungsprobleme. \u00dcber zwischenzeitliches Laden musst du dir keine Gedanken machen, denn ein vollst\u00e4ndig aufgeladenes MacBook Air h\u00e4lt 18 Stunden oder l\u00e4nger durch.  Empfehlung unseres Apple Experten Internet, E-Mail und Textverarbeitung: geeignet Filme und Serien ansehen: geeignet Fotobearbeitung: geeignet Videobearbeitung: geeignet 3D-Entw\u00fcrfe erstellen und rendern: ungeeignet, mindestens ein M3 Pro und 18\u00a0GB Arbeitsspeicher erforderlich Entwicklung von Apps in Xcode: ungeeignet, mindestens ein M3 Max Chip und 36\u00a0GB Arbeitsspeicher erforderlich Gaming: m\u00f6glich, aber haupts\u00e4chlich Low-End-Games. Es k\u00f6nnen aber alle Spiele von Apple Arcade gespielt werden.<\/p>\n","protected":false},"featured_media":0,"comment_status":"closed","ping_status":"open","template":"","meta":{"_acf_changed":false},"brand":[148],"product_brand":[],"product_cat":[8884],"product_tag":[8885],"class_list":{"0":"post-82247","1":"product","2":"type-product","3":"status-publish","5":"brand-apple","6":"product_cat-laptops","7":"product_tag-macbooks-qwertz","8":"pa_condition-new","9":"pa_coolblue-de-verzending-morgen-gratis-geliefert","10":"pa_ean-25154","11":"pa_mpn-mc8n4d-a","13":"first","14":"instock","15":"product-type-external"},"acf":[],"_links":{"self":[{"href":"https:\/\/onlinehardwareshop.de\/index.php\/wp-json\/wp\/v2\/product\/82247","targetHints":{"allow":["GET"]}}],"collection":[{"href":"https:\/\/onlinehardwareshop.de\/index.php\/wp-json\/wp\/v2\/product"}],"about":[{"href":"https:\/\/onlinehardwareshop.de\/index.php\/wp-json\/wp\/v2\/types\/product"}],"replies":[{"embeddable":true,"href":"https:\/\/onlinehardwareshop.de\/index.php\/wp-json\/wp\/v2\/comments?post=82247"}],"wp:attachment":[{"href":"https:\/\/onlinehardwareshop.de\/index.php\/wp-json\/wp\/v2\/media?parent=82247"}],"wp:term":[{"taxonomy":"brand","embeddable":true,"href":"https:\/\/onlinehardwareshop.de\/index.php\/wp-json\/wp\/v2\/brand?post=82247"},{"taxonomy":"product_brand","embeddable":true,"href":"https:\/\/onlinehardwareshop.de\/index.php\/wp-json\/wp\/v2\/product_brand?post=82247"},{"taxonomy":"product_cat","embeddable":true,"href":"https:\/\/onlinehardwareshop.de\/index.php\/wp-json\/wp\/v2\/product_cat?post=82247"},{"taxonomy":"product_tag","embeddable":true,"href":"https:\/\/onlinehardwareshop.de\/index.php\/wp-json\/wp\/v2\/product_tag?post=82247"}],"curies":[{"name":"wp","href":"https:\/\/api.w.org\/{rel}","templated":true}]}}