{"id":82243,"date":"2024-08-18T21:05:41","date_gmt":"2024-08-18T21:05:41","guid":{"rendered":"https:\/\/onlinehardwareshop.de\/index.php\/produkt\/apple-macbook-air-2022-apple-m2-8-core-cpu-8-core-gpu-16gb-256gb-silber-2\/"},"modified":"2025-05-14T15:57:46","modified_gmt":"2025-05-14T15:57:46","slug":"apple-macbook-air-2022-apple-m2-8-core-cpu-8-core-gpu-16gb-256gb-silber","status":"publish","type":"product","link":"https:\/\/onlinehardwareshop.de\/index.php\/produkt\/apple-macbook-air-2022-apple-m2-8-core-cpu-8-core-gpu-16gb-256gb-silber\/","title":{"rendered":"Apple MacBook Air (2022) Apple M2 (8-Core-CPU\/8-Core-GPU) 16GB\/256GB Silber"},"content":{"rendered":"<p>Mit dem 13,6 Zoll Apple MacBook Air (2022) M2 (8-Core-CPU \/ 8-Core-GPU) 16\u00a0GB \/ 256\u00a0GB Silber betreibst du problemlos Multitasking mit leistungshungrigen Programmen wie Final Cut Pro, ohne dass dein MacBook warm wird. Au\u00dferdem wiegt dieses MacBook nur 1,24\u00a0kg und ist damit leicht zu transportieren. Der Liquid-Retina-Bildschirm mit 500\u00a0Nits zeigt satte Kontraste und viele Details. Das ist nicht nur bei der Bearbeitung, sondern auch beim Anschauen deiner Lieblingsserie sehr angenehm. Mit den vier Dolby Atmos Lautsprechern umgibt dich der Sound und du erlebst Filme und Serien noch realistischer. Du kommst problemlos einen ganzen Tag ohne Ladeger\u00e4t aus, denn ein voll aufgeladenes MacBook Air h\u00e4lt bis zu 18 Stunden oder l\u00e4nger durch. Hast du auch ein iPhone oder iPad? Das macOS \u00d6kosystem macht es einfach, mit allen anderen Apple Produkten zu arbeiten.  Empfehlung unseres Apple Experten Internet, E-Mail und Textverarbeitung: geeignet Filme und Serien ansehen: geeignet Fotobearbeitung: geeignet Videobearbeitung: geeignet 3D-Designs erstellen und rendern: m\u00f6glich, aber schneller mit dem Apple MacBook Pro Apps in Xcode entwickeln: ungeeignet, mindestens ein M2 Max Chip und 32\u00a0GB Arbeitsspeicher erforderlich Gaming: m\u00f6glich, aber haupts\u00e4chlich Low-End-Games. Es k\u00f6nnen aber alle Spiele von Apple Arcade gespielt werden.  Einen Tag nach dem Kauf erh\u00e4ltst du eine E-Mail mit einem pers\u00f6nlichen Vouchercode f\u00fcr ein Jahr Norton 360 Deluxe Antivirus kostenlos.<\/p>\n","protected":false},"excerpt":{"rendered":"<p>Mit dem 13,6 Zoll Apple MacBook Air (2022) M2 (8-Core-CPU \/ 8-Core-GPU) 16\u00a0GB \/ 256\u00a0GB Silber betreibst du problemlos Multitasking mit leistungshungrigen Programmen wie Final Cut Pro, ohne dass dein MacBook warm wird. Au\u00dferdem wiegt dieses MacBook nur 1,24\u00a0kg und ist damit leicht zu transportieren. Der Liquid-Retina-Bildschirm mit 500\u00a0Nits zeigt satte Kontraste und viele Details. Das ist nicht nur bei der Bearbeitung, sondern auch beim Anschauen deiner Lieblingsserie sehr angenehm. Mit den vier Dolby Atmos Lautsprechern umgibt dich der Sound und du erlebst Filme und Serien noch realistischer. Du kommst problemlos einen ganzen Tag ohne Ladeger\u00e4t aus, denn ein voll aufgeladenes MacBook Air h\u00e4lt bis zu 18 Stunden oder l\u00e4nger durch. Hast du auch ein iPhone oder iPad? Das macOS \u00d6kosystem macht es einfach, mit allen anderen Apple Produkten zu arbeiten.  Empfehlung unseres Apple Experten Internet, E-Mail und Textverarbeitung: geeignet Filme und Serien ansehen: geeignet Fotobearbeitung: geeignet Videobearbeitung: geeignet 3D-Designs erstellen und rendern: m\u00f6glich, aber schneller mit dem Apple MacBook Pro Apps in Xcode entwickeln: ungeeignet, mindestens ein M2 Max Chip und 32\u00a0GB Arbeitsspeicher erforderlich Gaming: m\u00f6glich, aber haupts\u00e4chlich Low-End-Games. Es k\u00f6nnen aber alle Spiele von Apple Arcade gespielt werden.  Einen Tag nach dem Kauf erh\u00e4ltst du eine E-Mail mit einem pers\u00f6nlichen Vouchercode f\u00fcr ein Jahr Norton 360 Deluxe Antivirus kostenlos.<\/p>\n","protected":false},"featured_media":0,"comment_status":"closed","ping_status":"open","template":"","meta":{"_acf_changed":false},"brand":[148],"product_brand":[],"product_cat":[8884],"product_tag":[8885],"class_list":{"0":"post-82243","1":"product","2":"type-product","3":"status-publish","5":"brand-apple","6":"product_cat-laptops","7":"product_tag-macbooks-qwertz","8":"pa_condition-new","9":"pa_coolblue-de-verzending-morgen-gratis-geliefert","10":"pa_ean-25138","11":"pa_mpn-mc7v4d-a","13":"first","14":"instock","15":"product-type-external"},"acf":[],"_links":{"self":[{"href":"https:\/\/onlinehardwareshop.de\/index.php\/wp-json\/wp\/v2\/product\/82243","targetHints":{"allow":["GET"]}}],"collection":[{"href":"https:\/\/onlinehardwareshop.de\/index.php\/wp-json\/wp\/v2\/product"}],"about":[{"href":"https:\/\/onlinehardwareshop.de\/index.php\/wp-json\/wp\/v2\/types\/product"}],"replies":[{"embeddable":true,"href":"https:\/\/onlinehardwareshop.de\/index.php\/wp-json\/wp\/v2\/comments?post=82243"}],"wp:attachment":[{"href":"https:\/\/onlinehardwareshop.de\/index.php\/wp-json\/wp\/v2\/media?parent=82243"}],"wp:term":[{"taxonomy":"brand","embeddable":true,"href":"https:\/\/onlinehardwareshop.de\/index.php\/wp-json\/wp\/v2\/brand?post=82243"},{"taxonomy":"product_brand","embeddable":true,"href":"https:\/\/onlinehardwareshop.de\/index.php\/wp-json\/wp\/v2\/product_brand?post=82243"},{"taxonomy":"product_cat","embeddable":true,"href":"https:\/\/onlinehardwareshop.de\/index.php\/wp-json\/wp\/v2\/product_cat?post=82243"},{"taxonomy":"product_tag","embeddable":true,"href":"https:\/\/onlinehardwareshop.de\/index.php\/wp-json\/wp\/v2\/product_tag?post=82243"}],"curies":[{"name":"wp","href":"https:\/\/api.w.org\/{rel}","templated":true}]}}