{"id":82222,"date":"2024-02-17T10:52:21","date_gmt":"2024-02-17T10:52:21","guid":{"rendered":"https:\/\/onlinehardwareshop.de\/index.php\/produkt\/apple-macbook-pro-14-m4-10-core-cpu-10-core-gpu-24gb-1tb-space-schwarz-qwertz-2\/"},"modified":"2025-05-14T15:55:57","modified_gmt":"2025-05-14T15:55:57","slug":"apple-macbook-pro-14-m4-10-core-cpu-10-core-gpu-24gb-1tb-space-schwarz-qwertz","status":"publish","type":"product","link":"https:\/\/onlinehardwareshop.de\/index.php\/produkt\/apple-macbook-pro-14-m4-10-core-cpu-10-core-gpu-24gb-1tb-space-schwarz-qwertz\/","title":{"rendered":"Apple MacBook Pro 14&#34; M4 (10 Core CPU \/ 10 Core GPU) 24GB\/1TB Space Schwarz QWERTZ"},"content":{"rendered":"<p>Mit dem Apple Apple MacBook Pro 14 Zoll M4 (10 Core CPU \/ 10 Core GPU) 16\u00a0GB \/ 1\u00a0TB Space Schwarz QWERTZ f\u00fchrst du reibungslos mehrere leistungshungrige Aufgaben gleichzeitig aus. So bearbeitest du Videos in Programmen wie iMovie. W\u00e4hrend dein Video rendert, bearbeitest du Fotos in Adobe Photoshop. Daf\u00fcr sind der Apple M4 Chip, der 24\u00a0GB gro\u00dfe Arbeitsspeicher und die 16-Core-NPU leistungsstark genug. Du speicherst Dateien auf der gro\u00dfen 1-TB-Festplatte. Auf dem 1.600 Nits Liquid Retina XDR Bildschirm arbeitest du problemlos in hell beleuchteten R\u00e4umen, profitierst von realistischen Farben und siehst jedes Detail gut. M\u00f6chtest du mehr Bildschirmplatz? Dann schlie\u00dft du m\u00fchelos zwei zus\u00e4tzliche Bildschirme mit hoher Aufl\u00f6sung an. Dieses MacBook hat sechs USB-C-Ports, wobei drei Eing\u00e4nge mit Thunderbolt 5 funktionieren. Dadurch \u00fcbertr\u00e4gst du Daten noch schneller und schlie\u00dft noch mehr Peripherieger\u00e4te an deine Dockingstations an. Du arbeitest problemlos einen ganzen Tag an deinen Kreationen, denn ein vollst\u00e4ndig aufgeladenes MacBook Pro h\u00e4lt bis zu 24 Stunden lang durch. L\u00e4ufst du bei Videogespr\u00e4chen gerne herum? Das ist gar kein Problem, denn mit der Folgemodus Technologie bist du mit der Webcam immer in der Bildmitte zu sehen.  Empfehlung unseres Apple-Experten Internet, E-Mail und Textverarbeitung: geeignet Filme und Serien ansehen: geeignet Fotobearbeitung: geeignet Videobearbeitung: geeignet 3D-Entw\u00fcrfe erstellen und rendern: m\u00f6glich, aber schneller mit dem M4 Max Apps in Xcode entwickeln: ungeeignet, mindestens ein M4 Max und 36\u00a0GB Arbeitsspeicher erforderlich Gaming: m\u00f6glich, aber vor allem Low-End-Games. Alle Spiele von Apple Arcade sind allerdings geeignet.<\/p>\n","protected":false},"excerpt":{"rendered":"<p>Mit dem Apple Apple MacBook Pro 14 Zoll M4 (10 Core CPU \/ 10 Core GPU) 16\u00a0GB \/ 1\u00a0TB Space Schwarz QWERTZ f\u00fchrst du reibungslos mehrere leistungshungrige Aufgaben gleichzeitig aus. So bearbeitest du Videos in Programmen wie iMovie. W\u00e4hrend dein Video rendert, bearbeitest du Fotos in Adobe Photoshop. Daf\u00fcr sind der Apple M4 Chip, der 24\u00a0GB gro\u00dfe Arbeitsspeicher und die 16-Core-NPU leistungsstark genug. Du speicherst Dateien auf der gro\u00dfen 1-TB-Festplatte. Auf dem 1.600 Nits Liquid Retina XDR Bildschirm arbeitest du problemlos in hell beleuchteten R\u00e4umen, profitierst von realistischen Farben und siehst jedes Detail gut. M\u00f6chtest du mehr Bildschirmplatz? Dann schlie\u00dft du m\u00fchelos zwei zus\u00e4tzliche Bildschirme mit hoher Aufl\u00f6sung an. Dieses MacBook hat sechs USB-C-Ports, wobei drei Eing\u00e4nge mit Thunderbolt 5 funktionieren. Dadurch \u00fcbertr\u00e4gst du Daten noch schneller und schlie\u00dft noch mehr Peripherieger\u00e4te an deine Dockingstations an. Du arbeitest problemlos einen ganzen Tag an deinen Kreationen, denn ein vollst\u00e4ndig aufgeladenes MacBook Pro h\u00e4lt bis zu 24 Stunden lang durch. L\u00e4ufst du bei Videogespr\u00e4chen gerne herum? Das ist gar kein Problem, denn mit der Folgemodus Technologie bist du mit der Webcam immer in der Bildmitte zu sehen.  Empfehlung unseres Apple-Experten Internet, E-Mail und Textverarbeitung: geeignet Filme und Serien ansehen: geeignet Fotobearbeitung: geeignet Videobearbeitung: geeignet 3D-Entw\u00fcrfe erstellen und rendern: m\u00f6glich, aber schneller mit dem M4 Max Apps in Xcode entwickeln: ungeeignet, mindestens ein M4 Max und 36\u00a0GB Arbeitsspeicher erforderlich Gaming: m\u00f6glich, aber vor allem Low-End-Games. Alle Spiele von Apple Arcade sind allerdings geeignet.<\/p>\n","protected":false},"featured_media":0,"comment_status":"closed","ping_status":"open","template":"","meta":{"_acf_changed":false},"brand":[148],"product_brand":[],"product_cat":[8884],"product_tag":[8885],"class_list":{"0":"post-82222","1":"product","2":"type-product","3":"status-publish","5":"brand-apple","6":"product_cat-laptops","7":"product_tag-macbooks-qwertz","8":"pa_condition-new","9":"pa_coolblue-de-verzending-morgen-gratis-geliefert","10":"pa_ean-25094","11":"pa_mpn-mcx04d-a","13":"first","14":"instock","15":"product-type-external"},"acf":[],"_links":{"self":[{"href":"https:\/\/onlinehardwareshop.de\/index.php\/wp-json\/wp\/v2\/product\/82222","targetHints":{"allow":["GET"]}}],"collection":[{"href":"https:\/\/onlinehardwareshop.de\/index.php\/wp-json\/wp\/v2\/product"}],"about":[{"href":"https:\/\/onlinehardwareshop.de\/index.php\/wp-json\/wp\/v2\/types\/product"}],"replies":[{"embeddable":true,"href":"https:\/\/onlinehardwareshop.de\/index.php\/wp-json\/wp\/v2\/comments?post=82222"}],"wp:attachment":[{"href":"https:\/\/onlinehardwareshop.de\/index.php\/wp-json\/wp\/v2\/media?parent=82222"}],"wp:term":[{"taxonomy":"brand","embeddable":true,"href":"https:\/\/onlinehardwareshop.de\/index.php\/wp-json\/wp\/v2\/brand?post=82222"},{"taxonomy":"product_brand","embeddable":true,"href":"https:\/\/onlinehardwareshop.de\/index.php\/wp-json\/wp\/v2\/product_brand?post=82222"},{"taxonomy":"product_cat","embeddable":true,"href":"https:\/\/onlinehardwareshop.de\/index.php\/wp-json\/wp\/v2\/product_cat?post=82222"},{"taxonomy":"product_tag","embeddable":true,"href":"https:\/\/onlinehardwareshop.de\/index.php\/wp-json\/wp\/v2\/product_tag?post=82222"}],"curies":[{"name":"wp","href":"https:\/\/api.w.org\/{rel}","templated":true}]}}