{"id":82213,"date":"2025-04-09T09:30:30","date_gmt":"2025-04-09T09:30:30","guid":{"rendered":"https:\/\/onlinehardwareshop.de\/index.php\/produkt\/alphatheta-ddj-flx2-2\/"},"modified":"2025-05-14T15:55:06","modified_gmt":"2025-05-14T15:55:06","slug":"alphatheta-ddj-flx2","status":"publish","type":"product","link":"https:\/\/onlinehardwareshop.de\/index.php\/produkt\/alphatheta-ddj-flx2\/","title":{"rendered":"AlphaTheta DDJ-FLX2"},"content":{"rendered":"<p>Der AlphaTheta DDJ-FLX2 ist ein DJ-Controller f\u00fcr den Einstieg, mit dem du schnell loslegst. Nachdem du ein DJ-Programm wie Rekordbox installiert hast, beginnst du sofort mit dem Mischen. Die meisten DJ-Programme umfassen auch Streaming-Dienste, sodass dir viele verschiedene Lieder zum Mischen zur Auswahl stehen. Mit Smart CFX kombinierst du Lieder wie professionelle DJs. Das geht ganz einfach auf Knopfdruck. Du verbindest unterschiedliche Songs oder hebst einen bestimmten Teil des Lieds besonders hervor. Die Smart Fader Funktion sorgt daf\u00fcr, dass der \u00dcbergang zwischen zwei Liedern fl\u00fcssig klingt. Die Funktion passt die Lautst\u00e4rke, das Tempo und den Bass automatisch aneinander an. So mischst du auch ganz einfach unterschiedliche Genres miteinander. Der Controller l\u00e4uft \u00fcber den Strom deines Laptops, sodass du in der N\u00e4he keine Steckdose brauchst.<\/p>\n","protected":false},"excerpt":{"rendered":"<p>Der AlphaTheta DDJ-FLX2 ist ein DJ-Controller f\u00fcr den Einstieg, mit dem du schnell loslegst. Nachdem du ein DJ-Programm wie Rekordbox installiert hast, beginnst du sofort mit dem Mischen. Die meisten DJ-Programme umfassen auch Streaming-Dienste, sodass dir viele verschiedene Lieder zum Mischen zur Auswahl stehen. Mit Smart CFX kombinierst du Lieder wie professionelle DJs. Das geht ganz einfach auf Knopfdruck. Du verbindest unterschiedliche Songs oder hebst einen bestimmten Teil des Lieds besonders hervor. Die Smart Fader Funktion sorgt daf\u00fcr, dass der \u00dcbergang zwischen zwei Liedern fl\u00fcssig klingt. Die Funktion passt die Lautst\u00e4rke, das Tempo und den Bass automatisch aneinander an. So mischst du auch ganz einfach unterschiedliche Genres miteinander. Der Controller l\u00e4uft \u00fcber den Strom deines Laptops, sodass du in der N\u00e4he keine Steckdose brauchst.<\/p>\n","protected":false},"featured_media":0,"comment_status":"closed","ping_status":"open","template":"","meta":{"_acf_changed":false},"brand":[17681],"product_brand":[],"product_cat":[4528],"product_tag":[4529],"class_list":{"0":"post-82213","1":"product","2":"type-product","3":"status-publish","5":"brand-alphatheta","6":"product_cat-dj-controller","7":"product_tag-dj-controllers","8":"pa_condition-new","9":"pa_coolblue-de-verzending-morgen-gratis-geliefert","10":"pa_ean-30241","11":"pa_mpn-ddj-flx2","13":"first","14":"instock","15":"product-type-external"},"acf":[],"_links":{"self":[{"href":"https:\/\/onlinehardwareshop.de\/index.php\/wp-json\/wp\/v2\/product\/82213","targetHints":{"allow":["GET"]}}],"collection":[{"href":"https:\/\/onlinehardwareshop.de\/index.php\/wp-json\/wp\/v2\/product"}],"about":[{"href":"https:\/\/onlinehardwareshop.de\/index.php\/wp-json\/wp\/v2\/types\/product"}],"replies":[{"embeddable":true,"href":"https:\/\/onlinehardwareshop.de\/index.php\/wp-json\/wp\/v2\/comments?post=82213"}],"wp:attachment":[{"href":"https:\/\/onlinehardwareshop.de\/index.php\/wp-json\/wp\/v2\/media?parent=82213"}],"wp:term":[{"taxonomy":"brand","embeddable":true,"href":"https:\/\/onlinehardwareshop.de\/index.php\/wp-json\/wp\/v2\/brand?post=82213"},{"taxonomy":"product_brand","embeddable":true,"href":"https:\/\/onlinehardwareshop.de\/index.php\/wp-json\/wp\/v2\/product_brand?post=82213"},{"taxonomy":"product_cat","embeddable":true,"href":"https:\/\/onlinehardwareshop.de\/index.php\/wp-json\/wp\/v2\/product_cat?post=82213"},{"taxonomy":"product_tag","embeddable":true,"href":"https:\/\/onlinehardwareshop.de\/index.php\/wp-json\/wp\/v2\/product_tag?post=82213"}],"curies":[{"name":"wp","href":"https:\/\/api.w.org\/{rel}","templated":true}]}}