{"id":82212,"date":"2024-09-27T11:29:19","date_gmt":"2024-09-27T11:29:19","guid":{"rendered":"https:\/\/onlinehardwareshop.de\/index.php\/produkt\/boya-boyamic-2\/"},"modified":"2025-05-14T15:55:01","modified_gmt":"2025-05-14T15:55:01","slug":"boya-boyamic","status":"publish","type":"product","link":"https:\/\/onlinehardwareshop.de\/index.php\/produkt\/boya-boyamic\/","title":{"rendered":"Boya Boyamic"},"content":{"rendered":"<p>Mit dem Boya Boyamic erstellt du deutliche Tonaufnahmen. Das Set enth\u00e4lt zwei Sender, zwei Ansteckmikrofone, einen Empf\u00e4nger und ein praktisches Ladecase. Die Mikrofone verf\u00fcgen \u00fcber integriertes Noise Cancelling, sodass du weniger Umgebungsger\u00e4usche aufnimmst. Dadurch klingen Stimmen besonders deutlich. Auf dem 8\u00a0GB gro\u00dfen, integrierten Speicher erstellst du ein Back-up der Tonaufnahme. Das bietet dir bei einer wichtigen Aufnahme zus\u00e4tzliche Sicherheit. Die Sender haben eine gro\u00dfe Reichweite von 300 Metern, was dir mehr Bewegungsfreiheit bietet. Filmst du mit Kamera und Smartphone gleichzeitig, zum Beispiel f\u00fcr sowohl YouTube als auch Instagram? Du schlie\u00dft den Empf\u00e4nger an beide Ger\u00e4te gleichzeitig an und nimmst so einen deutlichen Klang f\u00fcr all deine Social-Media-Kan\u00e4le auf.<\/p>\n","protected":false},"excerpt":{"rendered":"<p>Mit dem Boya Boyamic erstellt du deutliche Tonaufnahmen. Das Set enth\u00e4lt zwei Sender, zwei Ansteckmikrofone, einen Empf\u00e4nger und ein praktisches Ladecase. Die Mikrofone verf\u00fcgen \u00fcber integriertes Noise Cancelling, sodass du weniger Umgebungsger\u00e4usche aufnimmst. Dadurch klingen Stimmen besonders deutlich. Auf dem 8\u00a0GB gro\u00dfen, integrierten Speicher erstellst du ein Back-up der Tonaufnahme. Das bietet dir bei einer wichtigen Aufnahme zus\u00e4tzliche Sicherheit. Die Sender haben eine gro\u00dfe Reichweite von 300 Metern, was dir mehr Bewegungsfreiheit bietet. Filmst du mit Kamera und Smartphone gleichzeitig, zum Beispiel f\u00fcr sowohl YouTube als auch Instagram? Du schlie\u00dft den Empf\u00e4nger an beide Ger\u00e4te gleichzeitig an und nimmst so einen deutlichen Klang f\u00fcr all deine Social-Media-Kan\u00e4le auf.<\/p>\n","protected":false},"featured_media":0,"comment_status":"closed","ping_status":"open","template":"","meta":{"_acf_changed":false},"brand":[3417],"product_brand":[],"product_cat":[1570],"product_tag":[1571],"class_list":{"0":"post-82212","1":"product","2":"type-product","3":"status-publish","5":"brand-boya","6":"product_cat-kameramikrofone","7":"product_tag-cameramicrofoons","8":"pa_condition-new","9":"pa_coolblue-de-verzending-morgen-gratis-geliefert","10":"pa_ean-25071","11":"pa_mpn-25072","13":"first","14":"instock","15":"product-type-external"},"acf":[],"_links":{"self":[{"href":"https:\/\/onlinehardwareshop.de\/index.php\/wp-json\/wp\/v2\/product\/82212","targetHints":{"allow":["GET"]}}],"collection":[{"href":"https:\/\/onlinehardwareshop.de\/index.php\/wp-json\/wp\/v2\/product"}],"about":[{"href":"https:\/\/onlinehardwareshop.de\/index.php\/wp-json\/wp\/v2\/types\/product"}],"replies":[{"embeddable":true,"href":"https:\/\/onlinehardwareshop.de\/index.php\/wp-json\/wp\/v2\/comments?post=82212"}],"wp:attachment":[{"href":"https:\/\/onlinehardwareshop.de\/index.php\/wp-json\/wp\/v2\/media?parent=82212"}],"wp:term":[{"taxonomy":"brand","embeddable":true,"href":"https:\/\/onlinehardwareshop.de\/index.php\/wp-json\/wp\/v2\/brand?post=82212"},{"taxonomy":"product_brand","embeddable":true,"href":"https:\/\/onlinehardwareshop.de\/index.php\/wp-json\/wp\/v2\/product_brand?post=82212"},{"taxonomy":"product_cat","embeddable":true,"href":"https:\/\/onlinehardwareshop.de\/index.php\/wp-json\/wp\/v2\/product_cat?post=82212"},{"taxonomy":"product_tag","embeddable":true,"href":"https:\/\/onlinehardwareshop.de\/index.php\/wp-json\/wp\/v2\/product_tag?post=82212"}],"curies":[{"name":"wp","href":"https:\/\/api.w.org\/{rel}","templated":true}]}}