{"id":82211,"date":"2024-12-21T03:50:04","date_gmt":"2024-12-21T03:50:04","guid":{"rendered":"https:\/\/onlinehardwareshop.de\/index.php\/produkt\/boya-by-wm3t-d2-lightning-2\/"},"modified":"2025-05-14T15:54:56","modified_gmt":"2025-05-14T15:54:56","slug":"boya-by-wm3t-d2-lightning","status":"publish","type":"product","link":"https:\/\/onlinehardwareshop.de\/index.php\/produkt\/boya-by-wm3t-d2-lightning\/","title":{"rendered":"Boya BY-WM3T-D2 Lightning"},"content":{"rendered":"<p>Mit dem Boya BY-WM3T-D2 Lightning verbesserst du die Tonqualit\u00e4t deiner Videos. Dieses Set besteht aus zwei Sendern, einem Empf\u00e4nger und einem praktischen Ladecase. Mit den beiden Sendern interviewst du zwei Menschen gleichzeitig, zum Beispiel f\u00fcr eine Reportage. \u00dcber den Lightning-Anschluss verbindest du den Empf\u00e4nger ganz einfach mit deinem Smartphone mit Lightning-Port. Die Sender haben eine Akkulaufzeit von zehn Stunden, sodass du sie problemlos einen Tag lang unterwegs mitnimmst. Wenn die Akkus leer sind, l\u00e4dst du die Sender innerhalb von zwei Stunden im Ladecase wieder auf. So filmst du schnell weiter. Bei einer Au\u00dfenaufnahme nutzt du den mitgelieferten Windschutz. Das reduziert Rauschen in den Aufnamen, sodass sie deutlich klingen.<\/p>\n","protected":false},"excerpt":{"rendered":"<p>Mit dem Boya BY-WM3T-D2 Lightning verbesserst du die Tonqualit\u00e4t deiner Videos. Dieses Set besteht aus zwei Sendern, einem Empf\u00e4nger und einem praktischen Ladecase. Mit den beiden Sendern interviewst du zwei Menschen gleichzeitig, zum Beispiel f\u00fcr eine Reportage. \u00dcber den Lightning-Anschluss verbindest du den Empf\u00e4nger ganz einfach mit deinem Smartphone mit Lightning-Port. Die Sender haben eine Akkulaufzeit von zehn Stunden, sodass du sie problemlos einen Tag lang unterwegs mitnimmst. Wenn die Akkus leer sind, l\u00e4dst du die Sender innerhalb von zwei Stunden im Ladecase wieder auf. So filmst du schnell weiter. Bei einer Au\u00dfenaufnahme nutzt du den mitgelieferten Windschutz. Das reduziert Rauschen in den Aufnamen, sodass sie deutlich klingen.<\/p>\n","protected":false},"featured_media":0,"comment_status":"closed","ping_status":"open","template":"","meta":{"_acf_changed":false},"brand":[3417],"product_brand":[],"product_cat":[1570],"product_tag":[1571],"class_list":{"0":"post-82211","1":"product","2":"type-product","3":"status-publish","5":"brand-boya","6":"product_cat-kameramikrofone","7":"product_tag-cameramicrofoons","8":"pa_condition-new","9":"pa_coolblue-de-verzending-morgen-gratis-geliefert","10":"pa_ean-25069","11":"pa_mpn-25070","13":"first","14":"instock","15":"product-type-external"},"acf":[],"_links":{"self":[{"href":"https:\/\/onlinehardwareshop.de\/index.php\/wp-json\/wp\/v2\/product\/82211","targetHints":{"allow":["GET"]}}],"collection":[{"href":"https:\/\/onlinehardwareshop.de\/index.php\/wp-json\/wp\/v2\/product"}],"about":[{"href":"https:\/\/onlinehardwareshop.de\/index.php\/wp-json\/wp\/v2\/types\/product"}],"replies":[{"embeddable":true,"href":"https:\/\/onlinehardwareshop.de\/index.php\/wp-json\/wp\/v2\/comments?post=82211"}],"wp:attachment":[{"href":"https:\/\/onlinehardwareshop.de\/index.php\/wp-json\/wp\/v2\/media?parent=82211"}],"wp:term":[{"taxonomy":"brand","embeddable":true,"href":"https:\/\/onlinehardwareshop.de\/index.php\/wp-json\/wp\/v2\/brand?post=82211"},{"taxonomy":"product_brand","embeddable":true,"href":"https:\/\/onlinehardwareshop.de\/index.php\/wp-json\/wp\/v2\/product_brand?post=82211"},{"taxonomy":"product_cat","embeddable":true,"href":"https:\/\/onlinehardwareshop.de\/index.php\/wp-json\/wp\/v2\/product_cat?post=82211"},{"taxonomy":"product_tag","embeddable":true,"href":"https:\/\/onlinehardwareshop.de\/index.php\/wp-json\/wp\/v2\/product_tag?post=82211"}],"curies":[{"name":"wp","href":"https:\/\/api.w.org\/{rel}","templated":true}]}}