{"id":82171,"date":"2024-06-06T18:43:56","date_gmt":"2024-06-06T18:43:56","guid":{"rendered":"https:\/\/onlinehardwareshop.de\/index.php\/produkt\/easypix-my-studio-kabelloses-mikrofon-uno-2\/"},"modified":"2025-05-14T15:51:38","modified_gmt":"2025-05-14T15:51:38","slug":"easypix-my-studio-kabelloses-mikrofon-uno","status":"publish","type":"product","link":"https:\/\/onlinehardwareshop.de\/index.php\/produkt\/easypix-my-studio-kabelloses-mikrofon-uno\/","title":{"rendered":"Easypix My Studio Kabelloses Mikrofon Uno"},"content":{"rendered":"<p>Beim Easypix My Studio kabellosen Mikrofon Uno handelt es sich um ein praktisches Set f\u00fcr Journalisten, Filmemacher oder Vlogger. Es besteht aus einem kabellosen Mikrofon sowie einem Empf\u00e4nger. Dank des kompakten Designs des Mikrofons l\u00e4sst es sich ganz einfach \u00fcberallhin mitnehmen. Praktisch, wenn du oft an verschiedenen Sets unterwegs bist. Mit einer Reichweite von 100 Metern genie\u00dft du w\u00e4hrend deiner Aufnahmen viel Bewegungsfreiheit. Du entfernst dich also auch problemlos von der Kamera. Zus\u00e4tzlich erh\u00e4ltst du eine robuste Aufbewahrungsh\u00fclle, in die das Mikrofon, der Empf\u00e4nger und dein Zubeh\u00f6r hineinpassen. So hast du immer alles sicher dabei.<\/p>\n","protected":false},"excerpt":{"rendered":"<p>Beim Easypix My Studio kabellosen Mikrofon Uno handelt es sich um ein praktisches Set f\u00fcr Journalisten, Filmemacher oder Vlogger. Es besteht aus einem kabellosen Mikrofon sowie einem Empf\u00e4nger. Dank des kompakten Designs des Mikrofons l\u00e4sst es sich ganz einfach \u00fcberallhin mitnehmen. Praktisch, wenn du oft an verschiedenen Sets unterwegs bist. Mit einer Reichweite von 100 Metern genie\u00dft du w\u00e4hrend deiner Aufnahmen viel Bewegungsfreiheit. Du entfernst dich also auch problemlos von der Kamera. Zus\u00e4tzlich erh\u00e4ltst du eine robuste Aufbewahrungsh\u00fclle, in die das Mikrofon, der Empf\u00e4nger und dein Zubeh\u00f6r hineinpassen. So hast du immer alles sicher dabei.<\/p>\n","protected":false},"featured_media":0,"comment_status":"closed","ping_status":"open","template":"","meta":{"_acf_changed":false},"brand":[6255],"product_brand":[],"product_cat":[1570],"product_tag":[1571],"class_list":{"0":"post-82171","1":"product","2":"type-product","3":"status-publish","5":"brand-easypix","6":"product_cat-kameramikrofone","7":"product_tag-cameramicrofoons","8":"pa_condition-new","9":"pa_coolblue-de-verzending-morgen-gratis-geliefert","10":"pa_ean-24994","11":"pa_mpn-24995","13":"first","14":"instock","15":"product-type-external"},"acf":[],"_links":{"self":[{"href":"https:\/\/onlinehardwareshop.de\/index.php\/wp-json\/wp\/v2\/product\/82171","targetHints":{"allow":["GET"]}}],"collection":[{"href":"https:\/\/onlinehardwareshop.de\/index.php\/wp-json\/wp\/v2\/product"}],"about":[{"href":"https:\/\/onlinehardwareshop.de\/index.php\/wp-json\/wp\/v2\/types\/product"}],"replies":[{"embeddable":true,"href":"https:\/\/onlinehardwareshop.de\/index.php\/wp-json\/wp\/v2\/comments?post=82171"}],"wp:attachment":[{"href":"https:\/\/onlinehardwareshop.de\/index.php\/wp-json\/wp\/v2\/media?parent=82171"}],"wp:term":[{"taxonomy":"brand","embeddable":true,"href":"https:\/\/onlinehardwareshop.de\/index.php\/wp-json\/wp\/v2\/brand?post=82171"},{"taxonomy":"product_brand","embeddable":true,"href":"https:\/\/onlinehardwareshop.de\/index.php\/wp-json\/wp\/v2\/product_brand?post=82171"},{"taxonomy":"product_cat","embeddable":true,"href":"https:\/\/onlinehardwareshop.de\/index.php\/wp-json\/wp\/v2\/product_cat?post=82171"},{"taxonomy":"product_tag","embeddable":true,"href":"https:\/\/onlinehardwareshop.de\/index.php\/wp-json\/wp\/v2\/product_tag?post=82171"}],"curies":[{"name":"wp","href":"https:\/\/api.w.org\/{rel}","templated":true}]}}