{"id":82145,"date":"2025-01-31T00:27:33","date_gmt":"2025-01-31T00:27:33","guid":{"rendered":"https:\/\/onlinehardwareshop.de\/index.php\/produkt\/vitamix-e320-schwarz-2\/"},"modified":"2025-05-14T15:49:17","modified_gmt":"2025-05-14T15:49:17","slug":"vitamix-e320-schwarz","status":"publish","type":"product","link":"https:\/\/onlinehardwareshop.de\/index.php\/produkt\/vitamix-e320-schwarz\/","title":{"rendered":"Vitamix E320 Schwarz"},"content":{"rendered":"<p>Bereite mit dem Vitamix E320 Schwarz Smoothies f\u00fcr die ganze Familie zu. Das Fassungsverm\u00f6gen von 2 Litern reicht f\u00fcr die Zubereitung von f\u00fcnf bis sechs Gl\u00e4sern gleichzeitig aus. Dieser Standmixer hat ein Leistungsverm\u00f6gen von 1.200 Watt. Damit zauberst du aber nicht nur Smoothies, sondern verarbeitest auch harte Zutaten. So l\u00e4sst du den Standmixer zum Beispiel dein Gem\u00fcse zerkleinern. Mit den zehn Geschwindigkeitsstufen passt du die Mixgeschwindigkeit ganz genau an deine Zubereitung an. Zum Mixen harter Zutaten w\u00e4hlst du eine hohe Geschwindigkeit, w\u00e4hrend du f\u00fcr ein grobes Pesto eine niedrigere Stufe einstellst. Du hast Lust auf eine cremige Pastaso\u00dfe? Dann nutze den Pulsmodus, um ein besonders homogenes Ergebnis zu erzielen. Der Standmixer reinigt sich au\u00dferdem selbst und ist innerhalb von nur einer Minute wieder vollkommen sauber.<\/p>\n","protected":false},"excerpt":{"rendered":"<p>Bereite mit dem Vitamix E320 Schwarz Smoothies f\u00fcr die ganze Familie zu. Das Fassungsverm\u00f6gen von 2 Litern reicht f\u00fcr die Zubereitung von f\u00fcnf bis sechs Gl\u00e4sern gleichzeitig aus. Dieser Standmixer hat ein Leistungsverm\u00f6gen von 1.200 Watt. Damit zauberst du aber nicht nur Smoothies, sondern verarbeitest auch harte Zutaten. So l\u00e4sst du den Standmixer zum Beispiel dein Gem\u00fcse zerkleinern. Mit den zehn Geschwindigkeitsstufen passt du die Mixgeschwindigkeit ganz genau an deine Zubereitung an. Zum Mixen harter Zutaten w\u00e4hlst du eine hohe Geschwindigkeit, w\u00e4hrend du f\u00fcr ein grobes Pesto eine niedrigere Stufe einstellst. Du hast Lust auf eine cremige Pastaso\u00dfe? Dann nutze den Pulsmodus, um ein besonders homogenes Ergebnis zu erzielen. Der Standmixer reinigt sich au\u00dferdem selbst und ist innerhalb von nur einer Minute wieder vollkommen sauber.<\/p>\n","protected":false},"featured_media":0,"comment_status":"closed","ping_status":"open","template":"","meta":{"_acf_changed":false},"brand":[3472],"product_brand":[],"product_cat":[1606],"product_tag":[1607],"class_list":{"0":"post-82145","1":"product","2":"type-product","3":"status-publish","5":"brand-vitamix","6":"product_cat-standmixer","7":"product_tag-blenders","8":"pa_condition-new","9":"pa_coolblue-de-verzending-morgen-gratis-geliefert","10":"pa_ean-24950","11":"pa_mpn-24951","13":"first","14":"instock","15":"product-type-external"},"acf":[],"_links":{"self":[{"href":"https:\/\/onlinehardwareshop.de\/index.php\/wp-json\/wp\/v2\/product\/82145","targetHints":{"allow":["GET"]}}],"collection":[{"href":"https:\/\/onlinehardwareshop.de\/index.php\/wp-json\/wp\/v2\/product"}],"about":[{"href":"https:\/\/onlinehardwareshop.de\/index.php\/wp-json\/wp\/v2\/types\/product"}],"replies":[{"embeddable":true,"href":"https:\/\/onlinehardwareshop.de\/index.php\/wp-json\/wp\/v2\/comments?post=82145"}],"wp:attachment":[{"href":"https:\/\/onlinehardwareshop.de\/index.php\/wp-json\/wp\/v2\/media?parent=82145"}],"wp:term":[{"taxonomy":"brand","embeddable":true,"href":"https:\/\/onlinehardwareshop.de\/index.php\/wp-json\/wp\/v2\/brand?post=82145"},{"taxonomy":"product_brand","embeddable":true,"href":"https:\/\/onlinehardwareshop.de\/index.php\/wp-json\/wp\/v2\/product_brand?post=82145"},{"taxonomy":"product_cat","embeddable":true,"href":"https:\/\/onlinehardwareshop.de\/index.php\/wp-json\/wp\/v2\/product_cat?post=82145"},{"taxonomy":"product_tag","embeddable":true,"href":"https:\/\/onlinehardwareshop.de\/index.php\/wp-json\/wp\/v2\/product_tag?post=82145"}],"curies":[{"name":"wp","href":"https:\/\/api.w.org\/{rel}","templated":true}]}}