{"id":82141,"date":"2024-09-07T19:22:55","date_gmt":"2024-09-07T19:22:55","guid":{"rendered":"https:\/\/onlinehardwareshop.de\/index.php\/produkt\/rode-wireless-micro-schwarz-usb-c-2\/"},"modified":"2025-05-14T15:48:57","modified_gmt":"2025-05-14T15:48:57","slug":"rode-wireless-micro-schwarz-usb-c","status":"publish","type":"product","link":"https:\/\/onlinehardwareshop.de\/index.php\/produkt\/rode-wireless-micro-schwarz-usb-c\/","title":{"rendered":"Rode Wireless Micro Schwarz USB-C"},"content":{"rendered":"<p>Mit dem Rode Wireless Micro Schwarz USB-C verbesserst du die Tonqualit\u00e4t deiner mobilen Inhalte. Du schlie\u00dft den Empf\u00e4nger ganz einfach an den USB-C-Anschluss deines Smartphones an. Das Set enth\u00e4lt zwei Sender mit integriertem Mikrofon. Diese Sender verbindest du kabellos mit dem Empf\u00e4nger. So legst du sofort mit dem Filmen los und hast viel Bewegungsfreiheit. Du interviewst zum Beispiel zwei Menschen gleichzeitig f\u00fcr ein TikTok oder Instagram Video. Die Mikrofone haben eine kompakte Gr\u00f6\u00dfe, sodass sie beim Filmen weniger auffallen. Du steckst sie ganz einfach an deine Kleidung, zum Beispiel an dein T-Shirt. Wenn die Akkus der Sender leer sind, l\u00e4dst du sie im Ladecase wieder auf. Mit dem mitgelieferten Windschutz verringerst du Rauschen in deiner Aufnahme, zum Beispiel, wenn du drau\u00dfen im Wind filmst. So erstellst du ganz einfach klare Tonaufnahmen.<\/p>\n","protected":false},"excerpt":{"rendered":"<p>Mit dem Rode Wireless Micro Schwarz USB-C verbesserst du die Tonqualit\u00e4t deiner mobilen Inhalte. Du schlie\u00dft den Empf\u00e4nger ganz einfach an den USB-C-Anschluss deines Smartphones an. Das Set enth\u00e4lt zwei Sender mit integriertem Mikrofon. Diese Sender verbindest du kabellos mit dem Empf\u00e4nger. So legst du sofort mit dem Filmen los und hast viel Bewegungsfreiheit. Du interviewst zum Beispiel zwei Menschen gleichzeitig f\u00fcr ein TikTok oder Instagram Video. Die Mikrofone haben eine kompakte Gr\u00f6\u00dfe, sodass sie beim Filmen weniger auffallen. Du steckst sie ganz einfach an deine Kleidung, zum Beispiel an dein T-Shirt. Wenn die Akkus der Sender leer sind, l\u00e4dst du sie im Ladecase wieder auf. Mit dem mitgelieferten Windschutz verringerst du Rauschen in deiner Aufnahme, zum Beispiel, wenn du drau\u00dfen im Wind filmst. So erstellst du ganz einfach klare Tonaufnahmen.<\/p>\n","protected":false},"featured_media":0,"comment_status":"closed","ping_status":"open","template":"","meta":{"_acf_changed":false},"brand":[1569],"product_brand":[],"product_cat":[1570],"product_tag":[1571],"class_list":{"0":"post-82141","1":"product","2":"type-product","3":"status-publish","5":"brand-rode-microphones","6":"product_cat-kameramikrofone","7":"product_tag-cameramicrofoons","8":"pa_condition-new","9":"pa_coolblue-de-verzending-morgen-gratis-geliefert","10":"pa_ean-24946","11":"pa_mpn-wimicroc","13":"first","14":"instock","15":"product-type-external"},"acf":[],"_links":{"self":[{"href":"https:\/\/onlinehardwareshop.de\/index.php\/wp-json\/wp\/v2\/product\/82141","targetHints":{"allow":["GET"]}}],"collection":[{"href":"https:\/\/onlinehardwareshop.de\/index.php\/wp-json\/wp\/v2\/product"}],"about":[{"href":"https:\/\/onlinehardwareshop.de\/index.php\/wp-json\/wp\/v2\/types\/product"}],"replies":[{"embeddable":true,"href":"https:\/\/onlinehardwareshop.de\/index.php\/wp-json\/wp\/v2\/comments?post=82141"}],"wp:attachment":[{"href":"https:\/\/onlinehardwareshop.de\/index.php\/wp-json\/wp\/v2\/media?parent=82141"}],"wp:term":[{"taxonomy":"brand","embeddable":true,"href":"https:\/\/onlinehardwareshop.de\/index.php\/wp-json\/wp\/v2\/brand?post=82141"},{"taxonomy":"product_brand","embeddable":true,"href":"https:\/\/onlinehardwareshop.de\/index.php\/wp-json\/wp\/v2\/product_brand?post=82141"},{"taxonomy":"product_cat","embeddable":true,"href":"https:\/\/onlinehardwareshop.de\/index.php\/wp-json\/wp\/v2\/product_cat?post=82141"},{"taxonomy":"product_tag","embeddable":true,"href":"https:\/\/onlinehardwareshop.de\/index.php\/wp-json\/wp\/v2\/product_tag?post=82141"}],"curies":[{"name":"wp","href":"https:\/\/api.w.org\/{rel}","templated":true}]}}