{"id":82117,"date":"2024-10-21T21:33:23","date_gmt":"2024-10-21T21:33:23","guid":{"rendered":"https:\/\/onlinehardwareshop.de\/index.php\/produkt\/pocketbook-cover-flip-inkpad-eo-schwarz-2\/"},"modified":"2025-05-14T15:46:51","modified_gmt":"2025-05-14T15:46:51","slug":"pocketbook-cover-flip-inkpad-eo-schwarz","status":"publish","type":"product","link":"https:\/\/onlinehardwareshop.de\/index.php\/produkt\/pocketbook-cover-flip-inkpad-eo-schwarz\/","title":{"rendered":"PocketBook Cover Flip InkPad Eo Schwarz"},"content":{"rendered":"<p>Sch\u00fctze deinen eBook-Reader mit dem PocketBook Cover Flip InkPad Eo Schwarz vor Dellen und Kratzern. Das Flip Case sch\u00fctzt Vorder- und R\u00fcckseite deines eBook-Readers. Deshalb ist es kein Problem, wenn du zusammen mit deinen Schl\u00fcsseln in dieselbe Tasche steckst. Wenn du die H\u00fclle aufklappst, schaltet sich der eBook-Reader sofort ein. Sobald du die H\u00fclle schlie\u00dft, wird das Ger\u00e4t in den Ruhemodus versetzt. Deshalb h\u00e4lt die Batterie deines eBook-Readers l\u00e4nger durch. Diese H\u00fclle ist exakt an den InkPad Eo angepasst.<\/p>\n","protected":false},"excerpt":{"rendered":"<p>Sch\u00fctze deinen eBook-Reader mit dem PocketBook Cover Flip InkPad Eo Schwarz vor Dellen und Kratzern. Das Flip Case sch\u00fctzt Vorder- und R\u00fcckseite deines eBook-Readers. Deshalb ist es kein Problem, wenn du zusammen mit deinen Schl\u00fcsseln in dieselbe Tasche steckst. Wenn du die H\u00fclle aufklappst, schaltet sich der eBook-Reader sofort ein. Sobald du die H\u00fclle schlie\u00dft, wird das Ger\u00e4t in den Ruhemodus versetzt. Deshalb h\u00e4lt die Batterie deines eBook-Readers l\u00e4nger durch. Diese H\u00fclle ist exakt an den InkPad Eo angepasst.<\/p>\n","protected":false},"featured_media":0,"comment_status":"closed","ping_status":"open","template":"","meta":{"_acf_changed":false},"brand":[8955],"product_brand":[],"product_cat":[19175],"product_tag":[19176],"class_list":{"0":"post-82117","1":"product","2":"type-product","3":"status-publish","5":"brand-pocketbook","6":"product_cat-hllen-fr-digitale-notizblcke","7":"product_tag-hoesjes-voor-digitale-notitieblokken","8":"pa_condition-new","9":"pa_coolblue-de-verzending-morgen-gratis-geliefert","10":"pa_ean-24912","11":"pa_mpn-fl-1042-bk-ww","13":"first","14":"instock","15":"product-type-external"},"acf":[],"_links":{"self":[{"href":"https:\/\/onlinehardwareshop.de\/index.php\/wp-json\/wp\/v2\/product\/82117","targetHints":{"allow":["GET"]}}],"collection":[{"href":"https:\/\/onlinehardwareshop.de\/index.php\/wp-json\/wp\/v2\/product"}],"about":[{"href":"https:\/\/onlinehardwareshop.de\/index.php\/wp-json\/wp\/v2\/types\/product"}],"replies":[{"embeddable":true,"href":"https:\/\/onlinehardwareshop.de\/index.php\/wp-json\/wp\/v2\/comments?post=82117"}],"wp:attachment":[{"href":"https:\/\/onlinehardwareshop.de\/index.php\/wp-json\/wp\/v2\/media?parent=82117"}],"wp:term":[{"taxonomy":"brand","embeddable":true,"href":"https:\/\/onlinehardwareshop.de\/index.php\/wp-json\/wp\/v2\/brand?post=82117"},{"taxonomy":"product_brand","embeddable":true,"href":"https:\/\/onlinehardwareshop.de\/index.php\/wp-json\/wp\/v2\/product_brand?post=82117"},{"taxonomy":"product_cat","embeddable":true,"href":"https:\/\/onlinehardwareshop.de\/index.php\/wp-json\/wp\/v2\/product_cat?post=82117"},{"taxonomy":"product_tag","embeddable":true,"href":"https:\/\/onlinehardwareshop.de\/index.php\/wp-json\/wp\/v2\/product_tag?post=82117"}],"curies":[{"name":"wp","href":"https:\/\/api.w.org\/{rel}","templated":true}]}}