{"id":82114,"date":"2025-04-19T14:43:54","date_gmt":"2025-04-19T14:43:54","guid":{"rendered":"https:\/\/onlinehardwareshop.de\/index.php\/produkt\/pocketbook-cover-charge-era-era-color-schwarz-2\/"},"modified":"2025-05-14T15:46:32","modified_gmt":"2025-05-14T15:46:32","slug":"pocketbook-cover-charge-era-era-color-schwarz","status":"publish","type":"product","link":"https:\/\/onlinehardwareshop.de\/index.php\/produkt\/pocketbook-cover-charge-era-era-color-schwarz\/","title":{"rendered":"PocketBook Cover Charge Era \/ Era Color Schwarz"},"content":{"rendered":"<p>Sch\u00fctze deinen Era oder Era Color mit dem PocketBook Charge Era \/ Era Color Schwarz vor Dellen und Kratzern. Dieses Book Case sch\u00fctzt die Vorder- und R\u00fcckseite sowie die Seiten deines eBook-Readers. Du steckst ihn also vollkommen bedenkenlos zusammen mit deinen Schl\u00fcsseln in die Tasche. Mit einem kabellosen Ladeger\u00e4t l\u00e4dst du den eBook-Reader schnell und ohne Kabelsalat auf, ohne ihn daf\u00fcr erst aus der H\u00fclle zu nehmen. Wenn du die H\u00fclle aufklappst, schaltet sich der eBook-Reader direkt ein. Wenn du sie zuklappst, geht er direkt in den Ruhemodus \u00fcber. Dadurch h\u00e4lt der Akku deines eBook-Readers l\u00e4nger. Diese H\u00fclle ist ma\u00dfgefertigt f\u00fcr den Era und Era Color.<\/p>\n","protected":false},"excerpt":{"rendered":"<p>Sch\u00fctze deinen Era oder Era Color mit dem PocketBook Charge Era \/ Era Color Schwarz vor Dellen und Kratzern. Dieses Book Case sch\u00fctzt die Vorder- und R\u00fcckseite sowie die Seiten deines eBook-Readers. Du steckst ihn also vollkommen bedenkenlos zusammen mit deinen Schl\u00fcsseln in die Tasche. Mit einem kabellosen Ladeger\u00e4t l\u00e4dst du den eBook-Reader schnell und ohne Kabelsalat auf, ohne ihn daf\u00fcr erst aus der H\u00fclle zu nehmen. Wenn du die H\u00fclle aufklappst, schaltet sich der eBook-Reader direkt ein. Wenn du sie zuklappst, geht er direkt in den Ruhemodus \u00fcber. Dadurch h\u00e4lt der Akku deines eBook-Readers l\u00e4nger. Diese H\u00fclle ist ma\u00dfgefertigt f\u00fcr den Era und Era Color.<\/p>\n","protected":false},"featured_media":0,"comment_status":"closed","ping_status":"open","template":"","meta":{"_acf_changed":false},"brand":[8955],"product_brand":[],"product_cat":[13328],"product_tag":[13329],"class_list":{"0":"post-82114","1":"product","2":"type-product","3":"status-publish","5":"brand-pocketbook","6":"product_cat-hllen-fr-ebook-reader","7":"product_tag-cases-e-readers","8":"pa_condition-new","9":"pa_coolblue-de-verzending-morgen-gratis-geliefert","10":"pa_ean-24904","11":"pa_mpn-hn-qi-pu-700-bk-ww","13":"first","14":"instock","15":"product-type-external"},"acf":[],"_links":{"self":[{"href":"https:\/\/onlinehardwareshop.de\/index.php\/wp-json\/wp\/v2\/product\/82114","targetHints":{"allow":["GET"]}}],"collection":[{"href":"https:\/\/onlinehardwareshop.de\/index.php\/wp-json\/wp\/v2\/product"}],"about":[{"href":"https:\/\/onlinehardwareshop.de\/index.php\/wp-json\/wp\/v2\/types\/product"}],"replies":[{"embeddable":true,"href":"https:\/\/onlinehardwareshop.de\/index.php\/wp-json\/wp\/v2\/comments?post=82114"}],"wp:attachment":[{"href":"https:\/\/onlinehardwareshop.de\/index.php\/wp-json\/wp\/v2\/media?parent=82114"}],"wp:term":[{"taxonomy":"brand","embeddable":true,"href":"https:\/\/onlinehardwareshop.de\/index.php\/wp-json\/wp\/v2\/brand?post=82114"},{"taxonomy":"product_brand","embeddable":true,"href":"https:\/\/onlinehardwareshop.de\/index.php\/wp-json\/wp\/v2\/product_brand?post=82114"},{"taxonomy":"product_cat","embeddable":true,"href":"https:\/\/onlinehardwareshop.de\/index.php\/wp-json\/wp\/v2\/product_cat?post=82114"},{"taxonomy":"product_tag","embeddable":true,"href":"https:\/\/onlinehardwareshop.de\/index.php\/wp-json\/wp\/v2\/product_tag?post=82114"}],"curies":[{"name":"wp","href":"https:\/\/api.w.org\/{rel}","templated":true}]}}