{"id":82112,"date":"2024-03-29T03:43:08","date_gmt":"2024-03-29T03:43:08","guid":{"rendered":"https:\/\/onlinehardwareshop.de\/index.php\/produkt\/pocketbook-cover-shell-verse-verse-pro-verse-pro-color-blau-2\/"},"modified":"2025-05-14T15:46:22","modified_gmt":"2025-05-14T15:46:22","slug":"pocketbook-cover-shell-verse-verse-pro-verse-pro-color-blau","status":"publish","type":"product","link":"https:\/\/onlinehardwareshop.de\/index.php\/produkt\/pocketbook-cover-shell-verse-verse-pro-verse-pro-color-blau\/","title":{"rendered":"PocketBook Cover Shell Verse \/ Verse Pro \/ Verse Pro Color Blau"},"content":{"rendered":"<p>Sch\u00fctze dein Verse oder Verse Pro mit dem PocketBook Shell Verse \/ Verse Pro Blau vor Dellen und Kratzern. Das Book Case sch\u00fctzt die Vorder- und R\u00fcckseite sowie die Seiten deines eBook-Readers. Deshalb ist es kein Problem, wenn du es zusammen mit deinen Schl\u00fcsseln in dieselbe Tasche steckst. Wenn du die H\u00fclle aufklappst, schaltet sich der eBook-Reader sofort ein. Sobald du die H\u00fclle schlie\u00dft, geht das Ger\u00e4t in den Ruhemodus \u00fcber. Deshalb h\u00e4lt die Batterie deines eBook-Readers l\u00e4nger durch. Diese H\u00fclle ist exakt an den Verse, Verse Pro und Verse Pro Color angepasst.<\/p>\n","protected":false},"excerpt":{"rendered":"<p>Sch\u00fctze dein Verse oder Verse Pro mit dem PocketBook Shell Verse \/ Verse Pro Blau vor Dellen und Kratzern. Das Book Case sch\u00fctzt die Vorder- und R\u00fcckseite sowie die Seiten deines eBook-Readers. Deshalb ist es kein Problem, wenn du es zusammen mit deinen Schl\u00fcsseln in dieselbe Tasche steckst. Wenn du die H\u00fclle aufklappst, schaltet sich der eBook-Reader sofort ein. Sobald du die H\u00fclle schlie\u00dft, geht das Ger\u00e4t in den Ruhemodus \u00fcber. Deshalb h\u00e4lt die Batterie deines eBook-Readers l\u00e4nger durch. Diese H\u00fclle ist exakt an den Verse, Verse Pro und Verse Pro Color angepasst.<\/p>\n","protected":false},"featured_media":0,"comment_status":"closed","ping_status":"open","template":"","meta":{"_acf_changed":false},"brand":[8955],"product_brand":[],"product_cat":[13328],"product_tag":[13329],"class_list":{"0":"post-82112","1":"product","2":"type-product","3":"status-publish","5":"brand-pocketbook","6":"product_cat-hllen-fr-ebook-reader","7":"product_tag-cases-e-readers","8":"pa_condition-new","9":"pa_coolblue-de-verzending-morgen-gratis-geliefert","10":"pa_ean-24900","11":"pa_mpn-h-s-634-b-ww","13":"first","14":"instock","15":"product-type-external"},"acf":[],"_links":{"self":[{"href":"https:\/\/onlinehardwareshop.de\/index.php\/wp-json\/wp\/v2\/product\/82112","targetHints":{"allow":["GET"]}}],"collection":[{"href":"https:\/\/onlinehardwareshop.de\/index.php\/wp-json\/wp\/v2\/product"}],"about":[{"href":"https:\/\/onlinehardwareshop.de\/index.php\/wp-json\/wp\/v2\/types\/product"}],"replies":[{"embeddable":true,"href":"https:\/\/onlinehardwareshop.de\/index.php\/wp-json\/wp\/v2\/comments?post=82112"}],"wp:attachment":[{"href":"https:\/\/onlinehardwareshop.de\/index.php\/wp-json\/wp\/v2\/media?parent=82112"}],"wp:term":[{"taxonomy":"brand","embeddable":true,"href":"https:\/\/onlinehardwareshop.de\/index.php\/wp-json\/wp\/v2\/brand?post=82112"},{"taxonomy":"product_brand","embeddable":true,"href":"https:\/\/onlinehardwareshop.de\/index.php\/wp-json\/wp\/v2\/product_brand?post=82112"},{"taxonomy":"product_cat","embeddable":true,"href":"https:\/\/onlinehardwareshop.de\/index.php\/wp-json\/wp\/v2\/product_cat?post=82112"},{"taxonomy":"product_tag","embeddable":true,"href":"https:\/\/onlinehardwareshop.de\/index.php\/wp-json\/wp\/v2\/product_tag?post=82112"}],"curies":[{"name":"wp","href":"https:\/\/api.w.org\/{rel}","templated":true}]}}