{"id":82084,"date":"2024-01-07T10:48:09","date_gmt":"2024-01-07T10:48:09","guid":{"rendered":"https:\/\/onlinehardwareshop.de\/index.php\/produkt\/tolino-epos-3-origami-falttasche-schwarz-2\/"},"modified":"2025-05-14T15:43:37","modified_gmt":"2025-05-14T15:43:37","slug":"tolino-epos-3-origami-falttasche-schwarz","status":"publish","type":"product","link":"https:\/\/onlinehardwareshop.de\/index.php\/produkt\/tolino-epos-3-origami-falttasche-schwarz\/","title":{"rendered":"tolino epos 3 &#8211; Origami Falttasche &#8211; Schwarz"},"content":{"rendered":"<p>Mit der tolino epos 3 Origami Falttasche in Schwarz bleibt dein tolino epos 3 m\u00f6glichst lange wie neu. Die H\u00fclle sch\u00fctzt die Vorder- und R\u00fcckseite sowie die Seiten deines eBook-Readers. Sie h\u00e4lt dein Display zudem frei von Schmutz und Kratzern. So steckst du deinen eBook-Reader unbesorgt in dieselbe Tasche wie deine Schl\u00fcssel. Dank des Magnetverschlusses bleibt die H\u00fclle fest verschlossen. Wenn du die H\u00fclle aufklappst, schaltet sich der eBook-Reader sofort ein. Sobald du sie schlie\u00dft, geht das Ger\u00e4t in den Ruhemodus. Keine Lust, deinen eBook-Reader beim Lesen festzuhalten? Dann falte die Frontklappe zu einem St\u00e4nder, auf dem du ihn aufrecht hinstellst.<\/p>\n","protected":false},"excerpt":{"rendered":"<p>Mit der tolino epos 3 Origami Falttasche in Schwarz bleibt dein tolino epos 3 m\u00f6glichst lange wie neu. Die H\u00fclle sch\u00fctzt die Vorder- und R\u00fcckseite sowie die Seiten deines eBook-Readers. Sie h\u00e4lt dein Display zudem frei von Schmutz und Kratzern. So steckst du deinen eBook-Reader unbesorgt in dieselbe Tasche wie deine Schl\u00fcssel. Dank des Magnetverschlusses bleibt die H\u00fclle fest verschlossen. Wenn du die H\u00fclle aufklappst, schaltet sich der eBook-Reader sofort ein. Sobald du sie schlie\u00dft, geht das Ger\u00e4t in den Ruhemodus. Keine Lust, deinen eBook-Reader beim Lesen festzuhalten? Dann falte die Frontklappe zu einem St\u00e4nder, auf dem du ihn aufrecht hinstellst.<\/p>\n","protected":false},"featured_media":0,"comment_status":"closed","ping_status":"open","template":"","meta":{"_acf_changed":false},"brand":[23320],"product_brand":[],"product_cat":[13328],"product_tag":[13329],"class_list":{"0":"post-82084","1":"product","2":"type-product","3":"status-publish","5":"brand-tolino","6":"product_cat-hllen-fr-ebook-reader","7":"product_tag-cases-e-readers","8":"pa_condition-new","9":"pa_coolblue-de-verzending-morgen-gratis-geliefert","10":"pa_ean-24855","11":"pa_mpn-24856","13":"first","14":"instock","15":"product-type-external"},"acf":[],"_links":{"self":[{"href":"https:\/\/onlinehardwareshop.de\/index.php\/wp-json\/wp\/v2\/product\/82084","targetHints":{"allow":["GET"]}}],"collection":[{"href":"https:\/\/onlinehardwareshop.de\/index.php\/wp-json\/wp\/v2\/product"}],"about":[{"href":"https:\/\/onlinehardwareshop.de\/index.php\/wp-json\/wp\/v2\/types\/product"}],"replies":[{"embeddable":true,"href":"https:\/\/onlinehardwareshop.de\/index.php\/wp-json\/wp\/v2\/comments?post=82084"}],"wp:attachment":[{"href":"https:\/\/onlinehardwareshop.de\/index.php\/wp-json\/wp\/v2\/media?parent=82084"}],"wp:term":[{"taxonomy":"brand","embeddable":true,"href":"https:\/\/onlinehardwareshop.de\/index.php\/wp-json\/wp\/v2\/brand?post=82084"},{"taxonomy":"product_brand","embeddable":true,"href":"https:\/\/onlinehardwareshop.de\/index.php\/wp-json\/wp\/v2\/product_brand?post=82084"},{"taxonomy":"product_cat","embeddable":true,"href":"https:\/\/onlinehardwareshop.de\/index.php\/wp-json\/wp\/v2\/product_cat?post=82084"},{"taxonomy":"product_tag","embeddable":true,"href":"https:\/\/onlinehardwareshop.de\/index.php\/wp-json\/wp\/v2\/product_tag?post=82084"}],"curies":[{"name":"wp","href":"https:\/\/api.w.org\/{rel}","templated":true}]}}