{"id":82082,"date":"2024-10-17T04:48:04","date_gmt":"2024-10-17T04:48:04","guid":{"rendered":"https:\/\/onlinehardwareshop.de\/index.php\/produkt\/tolino-vision-color-stylus-tasche-black-2\/"},"modified":"2025-05-14T15:43:20","modified_gmt":"2025-05-14T15:43:20","slug":"tolino-vision-color-stylus-tasche-black","status":"publish","type":"product","link":"https:\/\/onlinehardwareshop.de\/index.php\/produkt\/tolino-vision-color-stylus-tasche-black\/","title":{"rendered":"tolino vision color &#8211; stylus Tasche &#8211; Black"},"content":{"rendered":"<p>Sch\u00fctze deinen tolino vision color vor Dellen, Kratzern und Staub mit der tolino vision color stylus Tasche in Black. Die H\u00fclle bietet zus\u00e4tzlich Platz f\u00fcr deinen tolino stylus, damit du ihn jederzeit griffbereit hast. So bleibt er sicher verstaut und du machst schnell Notizen in deinen B\u00fcchern. Der Magnetverschluss h\u00e4lt die H\u00fclle fest verschlossen, wenn sie zugeklappt wird. Das Display sowie die Vorder- und R\u00fcckseite deines eBook-Readers bleiben dadurch gut gesch\u00fctzt. Lege deinen tolino vision color beruhigt in die gleiche Tasche wie deine Schl\u00fcssel. Beim \u00d6ffnen der H\u00fclle schaltet sich dein eBook-Reader sofort ein. Beim Schlie\u00dfen geht er in den Ruhemodus, was den Akku schont und l\u00e4nger h\u00e4lt.  Hinweis: Der tolino stylus ist nicht im Lieferumfang enthalten. Bestelle ihn dir separat dazu.<\/p>\n","protected":false},"excerpt":{"rendered":"<p>Sch\u00fctze deinen tolino vision color vor Dellen, Kratzern und Staub mit der tolino vision color stylus Tasche in Black. Die H\u00fclle bietet zus\u00e4tzlich Platz f\u00fcr deinen tolino stylus, damit du ihn jederzeit griffbereit hast. So bleibt er sicher verstaut und du machst schnell Notizen in deinen B\u00fcchern. Der Magnetverschluss h\u00e4lt die H\u00fclle fest verschlossen, wenn sie zugeklappt wird. Das Display sowie die Vorder- und R\u00fcckseite deines eBook-Readers bleiben dadurch gut gesch\u00fctzt. Lege deinen tolino vision color beruhigt in die gleiche Tasche wie deine Schl\u00fcssel. Beim \u00d6ffnen der H\u00fclle schaltet sich dein eBook-Reader sofort ein. Beim Schlie\u00dfen geht er in den Ruhemodus, was den Akku schont und l\u00e4nger h\u00e4lt.  Hinweis: Der tolino stylus ist nicht im Lieferumfang enthalten. Bestelle ihn dir separat dazu.<\/p>\n","protected":false},"featured_media":0,"comment_status":"closed","ping_status":"open","template":"","meta":{"_acf_changed":false},"brand":[23320],"product_brand":[],"product_cat":[13328],"product_tag":[13329],"class_list":{"0":"post-82082","1":"product","2":"type-product","3":"status-publish","5":"brand-tolino","6":"product_cat-hllen-fr-ebook-reader","7":"product_tag-cases-e-readers","8":"pa_condition-new","9":"pa_coolblue-de-verzending-morgen-gratis-geliefert","10":"pa_ean-33356","11":"pa_mpn-33357","13":"first","14":"instock","15":"product-type-external"},"acf":[],"_links":{"self":[{"href":"https:\/\/onlinehardwareshop.de\/index.php\/wp-json\/wp\/v2\/product\/82082","targetHints":{"allow":["GET"]}}],"collection":[{"href":"https:\/\/onlinehardwareshop.de\/index.php\/wp-json\/wp\/v2\/product"}],"about":[{"href":"https:\/\/onlinehardwareshop.de\/index.php\/wp-json\/wp\/v2\/types\/product"}],"replies":[{"embeddable":true,"href":"https:\/\/onlinehardwareshop.de\/index.php\/wp-json\/wp\/v2\/comments?post=82082"}],"wp:attachment":[{"href":"https:\/\/onlinehardwareshop.de\/index.php\/wp-json\/wp\/v2\/media?parent=82082"}],"wp:term":[{"taxonomy":"brand","embeddable":true,"href":"https:\/\/onlinehardwareshop.de\/index.php\/wp-json\/wp\/v2\/brand?post=82082"},{"taxonomy":"product_brand","embeddable":true,"href":"https:\/\/onlinehardwareshop.de\/index.php\/wp-json\/wp\/v2\/product_brand?post=82082"},{"taxonomy":"product_cat","embeddable":true,"href":"https:\/\/onlinehardwareshop.de\/index.php\/wp-json\/wp\/v2\/product_cat?post=82082"},{"taxonomy":"product_tag","embeddable":true,"href":"https:\/\/onlinehardwareshop.de\/index.php\/wp-json\/wp\/v2\/product_tag?post=82082"}],"curies":[{"name":"wp","href":"https:\/\/api.w.org\/{rel}","templated":true}]}}