{"id":82079,"date":"2025-03-13T06:08:36","date_gmt":"2025-03-13T06:08:36","guid":{"rendered":"https:\/\/onlinehardwareshop.de\/index.php\/produkt\/tolino-shine-origami-falttasche-cayenne-red-2\/"},"modified":"2025-05-14T15:43:06","modified_gmt":"2025-05-14T15:43:06","slug":"tolino-shine-origami-falttasche-cayenne-red","status":"publish","type":"product","link":"https:\/\/onlinehardwareshop.de\/index.php\/produkt\/tolino-shine-origami-falttasche-cayenne-red\/","title":{"rendered":"tolino shine &#8211; Origami Falttasche &#8211; Cayenne Red"},"content":{"rendered":"<p>Sch\u00fctze deinen tolino shine oder tolino shine color eBook-Reader vor Dellen, Kratzern und Staub mit der tolino shine Origami Falttasche in Cayenne Red. Dank des Magnetverschlusses ist die H\u00fclle fest verschlossen, wenn du sie zuklappst. Dadurch schont die H\u00fclle das Display sowie die Vorder- und R\u00fcckseite deines eBook-Readers. Deshalb steckst du deinen tolino shine oder tolino shine color ruhigen Gewissens in die gleiche Tasche wie deine Schl\u00fcssel. Wenn du die H\u00fclle aufklappst, geht dein eBook-Reader direkt an. Sobald du sie zuklappst, geht er in den Ruhemodus. Dadurch h\u00e4lt der Akku l\u00e4nger. Hast du keine Lust, deinen eBook-Reader beim Lesen festzuhalten? Mit der Frontklappe mit integriertem St\u00e4nder stellst du ihn aufrecht hin.<\/p>\n","protected":false},"excerpt":{"rendered":"<p>Sch\u00fctze deinen tolino shine oder tolino shine color eBook-Reader vor Dellen, Kratzern und Staub mit der tolino shine Origami Falttasche in Cayenne Red. Dank des Magnetverschlusses ist die H\u00fclle fest verschlossen, wenn du sie zuklappst. Dadurch schont die H\u00fclle das Display sowie die Vorder- und R\u00fcckseite deines eBook-Readers. Deshalb steckst du deinen tolino shine oder tolino shine color ruhigen Gewissens in die gleiche Tasche wie deine Schl\u00fcssel. Wenn du die H\u00fclle aufklappst, geht dein eBook-Reader direkt an. Sobald du sie zuklappst, geht er in den Ruhemodus. Dadurch h\u00e4lt der Akku l\u00e4nger. Hast du keine Lust, deinen eBook-Reader beim Lesen festzuhalten? Mit der Frontklappe mit integriertem St\u00e4nder stellst du ihn aufrecht hin.<\/p>\n","protected":false},"featured_media":0,"comment_status":"closed","ping_status":"open","template":"","meta":{"_acf_changed":false},"brand":[23320],"product_brand":[],"product_cat":[13328],"product_tag":[13329],"class_list":{"0":"post-82079","1":"product","2":"type-product","3":"status-publish","5":"brand-tolino","6":"product_cat-hllen-fr-ebook-reader","7":"product_tag-cases-e-readers","8":"pa_condition-new","9":"pa_coolblue-de-verzending-morgen-gratis-geliefert","10":"pa_ean-33350","11":"pa_mpn-33351","13":"first","14":"instock","15":"product-type-external"},"acf":[],"_links":{"self":[{"href":"https:\/\/onlinehardwareshop.de\/index.php\/wp-json\/wp\/v2\/product\/82079","targetHints":{"allow":["GET"]}}],"collection":[{"href":"https:\/\/onlinehardwareshop.de\/index.php\/wp-json\/wp\/v2\/product"}],"about":[{"href":"https:\/\/onlinehardwareshop.de\/index.php\/wp-json\/wp\/v2\/types\/product"}],"replies":[{"embeddable":true,"href":"https:\/\/onlinehardwareshop.de\/index.php\/wp-json\/wp\/v2\/comments?post=82079"}],"wp:attachment":[{"href":"https:\/\/onlinehardwareshop.de\/index.php\/wp-json\/wp\/v2\/media?parent=82079"}],"wp:term":[{"taxonomy":"brand","embeddable":true,"href":"https:\/\/onlinehardwareshop.de\/index.php\/wp-json\/wp\/v2\/brand?post=82079"},{"taxonomy":"product_brand","embeddable":true,"href":"https:\/\/onlinehardwareshop.de\/index.php\/wp-json\/wp\/v2\/product_brand?post=82079"},{"taxonomy":"product_cat","embeddable":true,"href":"https:\/\/onlinehardwareshop.de\/index.php\/wp-json\/wp\/v2\/product_cat?post=82079"},{"taxonomy":"product_tag","embeddable":true,"href":"https:\/\/onlinehardwareshop.de\/index.php\/wp-json\/wp\/v2\/product_tag?post=82079"}],"curies":[{"name":"wp","href":"https:\/\/api.w.org\/{rel}","templated":true}]}}