{"id":82057,"date":"2025-01-04T19:31:01","date_gmt":"2025-01-04T19:31:01","guid":{"rendered":"https:\/\/onlinehardwareshop.de\/index.php\/produkt\/hp-deskjet-4220e-1-satz-xl-ersatzpatronen-2\/"},"modified":"2025-05-14T15:41:21","modified_gmt":"2025-05-14T15:41:21","slug":"hp-deskjet-4220e-1-satz-xl-ersatzpatronen","status":"publish","type":"product","link":"https:\/\/onlinehardwareshop.de\/index.php\/produkt\/hp-deskjet-4220e-1-satz-xl-ersatzpatronen\/","title":{"rendered":"HP DeskJet 4220e + 1 Satz XL-Ersatzpatronen"},"content":{"rendered":"<p>Mit dem Set aus HP DeskJet 4220e + 1 Satz XL-Ersatzpatronen erh\u00e4ltst du zu deinem Drucker auch gleich ein Set an XL-Patronen. Mit den XL-Patronen druckst du bis zu 200 Farbseiten und bis zu 240 Schwarz-Wei\u00df-Seiten, sodass du erst einmal genug Tinte hast. Der HP DeskJet 4220e ist ein Allesk\u00f6nner zum t\u00e4glichen Drucken. Ganz egal, ob du ein Zeugnis ausdruckst, eine Rechnung einscannst oder ein Arbeitsdokument faxt, dieser 4-in-1-Drucker kann einfach alles. Mit einer Druckaufl\u00f6sung von 4.800\u00a0x 1.200\u00a0dpi druckst du Texte und Abbildungen scharf aus. Dank des automatischen Dokumenteneinzugs scannst oder kopierst du m\u00fchelos einen ganzen Stapel Papier auf einmal. Lege bis zu 35 Papierb\u00f6gen in den Dokumenteneinzug und der Drucker erledigt alles Weitere. \u00dcber Apple AirPrint oder die HP Smart App versendest du deine Druckauftr\u00e4ge kabellos.     Geeignet f\u00fcr HP Instant Ink Mit dem HP Instant Ink Abonnement bekommst du automatisch Tinte nach Hause geliefert und sparst Druckkosten. Mit einem HP DeskJet ist ein Tintenabo sogar g\u00fcnstiger, wenn du nur ab und zu druckst. Bei diesem Drucker erh\u00e4ltst du einen kostenlosen Testzeitraum von drei Monaten. So druckst du in den ersten drei Monaten bis zu 700 Seiten kostenlos. Danach bezahlst du einen festen Betrag im Monat. Du kannst dein Tintenabo jederzeit \u00e4ndern. Mehr Informationen zu HP Instant Ink? Schau dir unseren Beratungsartikel an.   Drucker mit dynamischer Sicherheit  Bestimmte HP Drucker sind daf\u00fcr ausgelegt, nur mit Patronen zu funktionieren, die neue oder wiederverwendete HP Chips oder elektronische HP Schaltkreise aufweisen. Diese Drucker nutzen dynamische Sicherheitsfunktionen, um Patronen zu blockieren, die mit einem Chip oder einem elektronischen Schaltkreis ausgestattet sind, die nicht von HP stammen. Die Wirksamkeit dieser Funktionen wird durch regelm\u00e4\u00dfige Firmware-Updates garantiert, sodass auch Patronen blockiert werden, die fr\u00fcher durchaus funktioniert haben. Wiederverwendete HP Chips und elektronische HP Schaltkreise erm\u00f6glichen die Nutzung wiederverwendeter, recycelter und neu bef\u00fcllter Patronen.<\/p>\n","protected":false},"excerpt":{"rendered":"<p>Mit dem Set aus HP DeskJet 4220e + 1 Satz XL-Ersatzpatronen erh\u00e4ltst du zu deinem Drucker auch gleich ein Set an XL-Patronen. Mit den XL-Patronen druckst du bis zu 200 Farbseiten und bis zu 240 Schwarz-Wei\u00df-Seiten, sodass du erst einmal genug Tinte hast. Der HP DeskJet 4220e ist ein Allesk\u00f6nner zum t\u00e4glichen Drucken. Ganz egal, ob du ein Zeugnis ausdruckst, eine Rechnung einscannst oder ein Arbeitsdokument faxt, dieser 4-in-1-Drucker kann einfach alles. Mit einer Druckaufl\u00f6sung von 4.800\u00a0x 1.200\u00a0dpi druckst du Texte und Abbildungen scharf aus. Dank des automatischen Dokumenteneinzugs scannst oder kopierst du m\u00fchelos einen ganzen Stapel Papier auf einmal. Lege bis zu 35 Papierb\u00f6gen in den Dokumenteneinzug und der Drucker erledigt alles Weitere. \u00dcber Apple AirPrint oder die HP Smart App versendest du deine Druckauftr\u00e4ge kabellos.     Geeignet f\u00fcr HP Instant Ink Mit dem HP Instant Ink Abonnement bekommst du automatisch Tinte nach Hause geliefert und sparst Druckkosten. Mit einem HP DeskJet ist ein Tintenabo sogar g\u00fcnstiger, wenn du nur ab und zu druckst. Bei diesem Drucker erh\u00e4ltst du einen kostenlosen Testzeitraum von drei Monaten. So druckst du in den ersten drei Monaten bis zu 700 Seiten kostenlos. Danach bezahlst du einen festen Betrag im Monat. Du kannst dein Tintenabo jederzeit \u00e4ndern. Mehr Informationen zu HP Instant Ink? Schau dir unseren Beratungsartikel an.   Drucker mit dynamischer Sicherheit  Bestimmte HP Drucker sind daf\u00fcr ausgelegt, nur mit Patronen zu funktionieren, die neue oder wiederverwendete HP Chips oder elektronische HP Schaltkreise aufweisen. Diese Drucker nutzen dynamische Sicherheitsfunktionen, um Patronen zu blockieren, die mit einem Chip oder einem elektronischen Schaltkreis ausgestattet sind, die nicht von HP stammen. Die Wirksamkeit dieser Funktionen wird durch regelm\u00e4\u00dfige Firmware-Updates garantiert, sodass auch Patronen blockiert werden, die fr\u00fcher durchaus funktioniert haben. Wiederverwendete HP Chips und elektronische HP Schaltkreise erm\u00f6glichen die Nutzung wiederverwendeter, recycelter und neu bef\u00fcllter Patronen.<\/p>\n","protected":false},"featured_media":0,"comment_status":"closed","ping_status":"open","template":"","meta":{"_acf_changed":false},"brand":[90],"product_brand":[],"product_cat":[2205],"product_tag":[2206],"class_list":{"0":"post-82057","1":"product","2":"type-product","3":"status-publish","5":"brand-hp","6":"product_cat-drucker","7":"product_tag-inkjetprinters","8":"pa_condition-new","9":"pa_coolblue-de-verzending-morgen-gratis-geliefert","10":"pa_ean-24830","12":"first","13":"instock","14":"product-type-external"},"acf":[],"_links":{"self":[{"href":"https:\/\/onlinehardwareshop.de\/index.php\/wp-json\/wp\/v2\/product\/82057","targetHints":{"allow":["GET"]}}],"collection":[{"href":"https:\/\/onlinehardwareshop.de\/index.php\/wp-json\/wp\/v2\/product"}],"about":[{"href":"https:\/\/onlinehardwareshop.de\/index.php\/wp-json\/wp\/v2\/types\/product"}],"replies":[{"embeddable":true,"href":"https:\/\/onlinehardwareshop.de\/index.php\/wp-json\/wp\/v2\/comments?post=82057"}],"wp:attachment":[{"href":"https:\/\/onlinehardwareshop.de\/index.php\/wp-json\/wp\/v2\/media?parent=82057"}],"wp:term":[{"taxonomy":"brand","embeddable":true,"href":"https:\/\/onlinehardwareshop.de\/index.php\/wp-json\/wp\/v2\/brand?post=82057"},{"taxonomy":"product_brand","embeddable":true,"href":"https:\/\/onlinehardwareshop.de\/index.php\/wp-json\/wp\/v2\/product_brand?post=82057"},{"taxonomy":"product_cat","embeddable":true,"href":"https:\/\/onlinehardwareshop.de\/index.php\/wp-json\/wp\/v2\/product_cat?post=82057"},{"taxonomy":"product_tag","embeddable":true,"href":"https:\/\/onlinehardwareshop.de\/index.php\/wp-json\/wp\/v2\/product_tag?post=82057"}],"curies":[{"name":"wp","href":"https:\/\/api.w.org\/{rel}","templated":true}]}}