{"id":82054,"date":"2024-11-01T13:36:19","date_gmt":"2024-11-01T13:36:19","guid":{"rendered":"https:\/\/onlinehardwareshop.de\/index.php\/produkt\/canon-pixma-ts3750i-2\/"},"modified":"2025-05-14T15:41:12","modified_gmt":"2025-05-14T15:41:12","slug":"canon-pixma-ts3750i","status":"publish","type":"product","link":"https:\/\/onlinehardwareshop.de\/index.php\/produkt\/canon-pixma-ts3750i\/","title":{"rendered":"Canon PIXMA TS3750i"},"content":{"rendered":"<p>Mit dem Canon PIXMA TS3750i bekommst du einen benutzerfreundlichen Multifunktions-Tintenstrahl-Farbdrucker f\u00fcr zu Hause. \u00dcber die Canon PRINT App verbindest du problemlos kabellose Ger\u00e4te mit dem PIXMA Drucker. Bist du in einem anderen Raum und ben\u00f6tigst schnell einen Bericht? Drucke das Dokument ganz einfach von deinem Smartphone oder Tablet aus. Der Canon Drucker ist kompakt, sodass er auf deinem Schreibtisch nicht viel Platz einnimmt. Der Drucker verf\u00fcgt \u00fcber eine schwarze und eine 3-in-1-Farbpatrone.   Geeignet f\u00fcr den Canon PIXMA Print Plan  Dieser Drucker eignet sich f\u00fcr den Canon PIXMA Print Plan. Dabei handelt es sich um einen Tintenservice, der dir eine bestimmte Anzahl Ausdrucke f\u00fcr einen festen Monatsbetrag zur Verf\u00fcgung stellt. Dein Drucker bestellt selbstst\u00e4ndig neue Patronen, wenn diese fast leer sind, die kostenlos geliefert werden. So geht dir nie mehr die Tinte aus. M\u00f6chtest du mehr \u00fcber den PIXMA Print Plan erfahren? Sieh dir unseren Beratungsartikel an.<\/p>\n","protected":false},"excerpt":{"rendered":"<p>Mit dem Canon PIXMA TS3750i bekommst du einen benutzerfreundlichen Multifunktions-Tintenstrahl-Farbdrucker f\u00fcr zu Hause. \u00dcber die Canon PRINT App verbindest du problemlos kabellose Ger\u00e4te mit dem PIXMA Drucker. Bist du in einem anderen Raum und ben\u00f6tigst schnell einen Bericht? Drucke das Dokument ganz einfach von deinem Smartphone oder Tablet aus. Der Canon Drucker ist kompakt, sodass er auf deinem Schreibtisch nicht viel Platz einnimmt. Der Drucker verf\u00fcgt \u00fcber eine schwarze und eine 3-in-1-Farbpatrone.   Geeignet f\u00fcr den Canon PIXMA Print Plan  Dieser Drucker eignet sich f\u00fcr den Canon PIXMA Print Plan. Dabei handelt es sich um einen Tintenservice, der dir eine bestimmte Anzahl Ausdrucke f\u00fcr einen festen Monatsbetrag zur Verf\u00fcgung stellt. Dein Drucker bestellt selbstst\u00e4ndig neue Patronen, wenn diese fast leer sind, die kostenlos geliefert werden. So geht dir nie mehr die Tinte aus. M\u00f6chtest du mehr \u00fcber den PIXMA Print Plan erfahren? Sieh dir unseren Beratungsartikel an.<\/p>\n","protected":false},"featured_media":0,"comment_status":"closed","ping_status":"open","template":"","meta":{"_acf_changed":false},"brand":[61],"product_brand":[],"product_cat":[2205],"product_tag":[2206],"class_list":{"0":"post-82054","1":"product","2":"type-product","3":"status-publish","5":"brand-canon","6":"product_cat-drucker","7":"product_tag-inkjetprinters","8":"pa_condition-new","9":"pa_coolblue-de-verzending-morgen-gratis-geliefert","10":"pa_ean-24825","11":"pa_mpn-6671c006","13":"first","14":"instock","15":"product-type-external"},"acf":[],"_links":{"self":[{"href":"https:\/\/onlinehardwareshop.de\/index.php\/wp-json\/wp\/v2\/product\/82054","targetHints":{"allow":["GET"]}}],"collection":[{"href":"https:\/\/onlinehardwareshop.de\/index.php\/wp-json\/wp\/v2\/product"}],"about":[{"href":"https:\/\/onlinehardwareshop.de\/index.php\/wp-json\/wp\/v2\/types\/product"}],"replies":[{"embeddable":true,"href":"https:\/\/onlinehardwareshop.de\/index.php\/wp-json\/wp\/v2\/comments?post=82054"}],"wp:attachment":[{"href":"https:\/\/onlinehardwareshop.de\/index.php\/wp-json\/wp\/v2\/media?parent=82054"}],"wp:term":[{"taxonomy":"brand","embeddable":true,"href":"https:\/\/onlinehardwareshop.de\/index.php\/wp-json\/wp\/v2\/brand?post=82054"},{"taxonomy":"product_brand","embeddable":true,"href":"https:\/\/onlinehardwareshop.de\/index.php\/wp-json\/wp\/v2\/product_brand?post=82054"},{"taxonomy":"product_cat","embeddable":true,"href":"https:\/\/onlinehardwareshop.de\/index.php\/wp-json\/wp\/v2\/product_cat?post=82054"},{"taxonomy":"product_tag","embeddable":true,"href":"https:\/\/onlinehardwareshop.de\/index.php\/wp-json\/wp\/v2\/product_tag?post=82054"}],"curies":[{"name":"wp","href":"https:\/\/api.w.org\/{rel}","templated":true}]}}