{"id":82043,"date":"2024-12-01T00:40:40","date_gmt":"2024-12-01T00:40:40","guid":{"rendered":"https:\/\/onlinehardwareshop.de\/index.php\/produkt\/razer-kraken-v4-2\/"},"modified":"2025-05-14T15:40:16","modified_gmt":"2025-05-14T15:40:16","slug":"razer-kraken-v4","status":"publish","type":"product","link":"https:\/\/onlinehardwareshop.de\/index.php\/produkt\/razer-kraken-v4\/","title":{"rendered":"Razer Kraken V4"},"content":{"rendered":"<p>Mit dem Razer Kraken V4 kabellosen Gaming-Headset erlebst du deine Spiele in bester Tonqualit\u00e4t. Du verbindest dieses Headset \u00fcber Bluetooth oder den USB-C-Dongle kabellos mit deinem PC oder deiner PlayStation. So hast du beim Gaming keinen Kabelsalat. \u00dcber das Mikrofon mit Herzcharakteristik kommunizierst du mit deinem Team immer deutlich. Mit dieser Technik nimmt das Mikrofon den Ton n\u00e4mlich nur an einer Seite auf, sodass du immer gut zu verstehen bist. Dank Surround Sound erlebst du den Spielesound in 360 Grad um dich herum, sodass du immer genau wei\u00dft, aus welcher Richtung sich deine Gegenspieler n\u00e4hern. Dank der Rauschunterdr\u00fcckung des Mikrofons sprichst du mit deinen Freunden zudem ohne l\u00e4stige Hintergrundger\u00e4usche. So kommen deine Kommentare immer deutlich an. Die Ohrmuscheln des Razer Kraken verf\u00fcgen \u00fcber eine RGB-Beleuchtung. W\u00e4hle aus 16,8 Millionen Farben und spiele deine Spiele mit Stil. Die durchschnittliche Akkulaufzeit des Headsets betr\u00e4gt bei eingeschalteter RGB-Beleuchtung 35 Stunden. Du spielst also lange durch, ohne das Headset zwischendurch aufzuladen. Ohne RGB-Beleuchtung h\u00e4lt der Akku ungef\u00e4hr 70 Stunden lang. Spielst du \u00f6fter alleine und ben\u00f6tigst deshalb kein Mikrofon? Dann nimm es einfach vom Headset ab. So ist es dir nicht im Weg und du spielst ungest\u00f6rt weiter. \u00dcber die Razer Synapse Software passt du die Einstellungen des Headsets au\u00dferdem ganz bequem an.<\/p>\n","protected":false},"excerpt":{"rendered":"<p>Mit dem Razer Kraken V4 kabellosen Gaming-Headset erlebst du deine Spiele in bester Tonqualit\u00e4t. Du verbindest dieses Headset \u00fcber Bluetooth oder den USB-C-Dongle kabellos mit deinem PC oder deiner PlayStation. So hast du beim Gaming keinen Kabelsalat. \u00dcber das Mikrofon mit Herzcharakteristik kommunizierst du mit deinem Team immer deutlich. Mit dieser Technik nimmt das Mikrofon den Ton n\u00e4mlich nur an einer Seite auf, sodass du immer gut zu verstehen bist. Dank Surround Sound erlebst du den Spielesound in 360 Grad um dich herum, sodass du immer genau wei\u00dft, aus welcher Richtung sich deine Gegenspieler n\u00e4hern. Dank der Rauschunterdr\u00fcckung des Mikrofons sprichst du mit deinen Freunden zudem ohne l\u00e4stige Hintergrundger\u00e4usche. So kommen deine Kommentare immer deutlich an. Die Ohrmuscheln des Razer Kraken verf\u00fcgen \u00fcber eine RGB-Beleuchtung. W\u00e4hle aus 16,8 Millionen Farben und spiele deine Spiele mit Stil. Die durchschnittliche Akkulaufzeit des Headsets betr\u00e4gt bei eingeschalteter RGB-Beleuchtung 35 Stunden. Du spielst also lange durch, ohne das Headset zwischendurch aufzuladen. Ohne RGB-Beleuchtung h\u00e4lt der Akku ungef\u00e4hr 70 Stunden lang. Spielst du \u00f6fter alleine und ben\u00f6tigst deshalb kein Mikrofon? Dann nimm es einfach vom Headset ab. So ist es dir nicht im Weg und du spielst ungest\u00f6rt weiter. \u00dcber die Razer Synapse Software passt du die Einstellungen des Headsets au\u00dferdem ganz bequem an.<\/p>\n","protected":false},"featured_media":0,"comment_status":"closed","ping_status":"open","template":"","meta":{"_acf_changed":false},"brand":[3451],"product_brand":[],"product_cat":[3435],"product_tag":[3436],"class_list":{"0":"post-82043","1":"product","2":"type-product","3":"status-publish","5":"brand-razer","6":"product_cat-gaming-headsets","7":"product_tag-gaming-headsets","8":"pa_condition-new","9":"pa_coolblue-de-verzending-morgen-gratis-geliefert","10":"pa_ean-24810","11":"pa_mpn-rz04-05170100-r3m1","13":"first","14":"instock","15":"product-type-external"},"acf":[],"_links":{"self":[{"href":"https:\/\/onlinehardwareshop.de\/index.php\/wp-json\/wp\/v2\/product\/82043","targetHints":{"allow":["GET"]}}],"collection":[{"href":"https:\/\/onlinehardwareshop.de\/index.php\/wp-json\/wp\/v2\/product"}],"about":[{"href":"https:\/\/onlinehardwareshop.de\/index.php\/wp-json\/wp\/v2\/types\/product"}],"replies":[{"embeddable":true,"href":"https:\/\/onlinehardwareshop.de\/index.php\/wp-json\/wp\/v2\/comments?post=82043"}],"wp:attachment":[{"href":"https:\/\/onlinehardwareshop.de\/index.php\/wp-json\/wp\/v2\/media?parent=82043"}],"wp:term":[{"taxonomy":"brand","embeddable":true,"href":"https:\/\/onlinehardwareshop.de\/index.php\/wp-json\/wp\/v2\/brand?post=82043"},{"taxonomy":"product_brand","embeddable":true,"href":"https:\/\/onlinehardwareshop.de\/index.php\/wp-json\/wp\/v2\/product_brand?post=82043"},{"taxonomy":"product_cat","embeddable":true,"href":"https:\/\/onlinehardwareshop.de\/index.php\/wp-json\/wp\/v2\/product_cat?post=82043"},{"taxonomy":"product_tag","embeddable":true,"href":"https:\/\/onlinehardwareshop.de\/index.php\/wp-json\/wp\/v2\/product_tag?post=82043"}],"curies":[{"name":"wp","href":"https:\/\/api.w.org\/{rel}","templated":true}]}}