{"id":82010,"date":"2024-02-06T03:40:50","date_gmt":"2024-02-06T03:40:50","guid":{"rendered":"https:\/\/onlinehardwareshop.de\/index.php\/produkt\/epson-ecotank-et-2861-2\/"},"modified":"2025-05-14T15:37:41","modified_gmt":"2025-05-14T15:37:41","slug":"epson-ecotank-et-2861","status":"publish","type":"product","link":"https:\/\/onlinehardwareshop.de\/index.php\/produkt\/epson-ecotank-et-2861\/","title":{"rendered":"Epson EcoTank ET-2861"},"content":{"rendered":"<p>Mit dem Epson EcoTank ET-2861 Multifunktionsdrucker sparst du ordentlich Druckkosten. Dieser Drucker druckt nicht mit teuren Patronen, sondern mit preiswerten Tintenflaschen. Mit einem Tintenflaschenset druckst du bis zu 4.500 Schwarz-Wei\u00df-Seiten und bis zu 7.500 Farbseiten. Damit f\u00fcllst du den Tintentank des Druckers ganz einfach auf. Mit diesem Multifunktionsmodell scannst du auch deinen Ausweis ein oder kopierst ein Hand-out. Der EcoTank ET-2861 hat eine Druckaufl\u00f6sung von 5.760\u00a0x 1.440\u00a0dpi. Daher erscheinen deine Urlaubsfotos als scharfer Ausdruck f\u00fcr die Wand oder dein Fotoalbum. Du versendest Druckauftr\u00e4ge kabelgebunden \u00fcber ein USB-Kabel oder auch kabellos \u00fcber WLAN oder Wi-Fi Direct. \u00dcber die Epson Smart Panel App ist die Bedienung des Druckers ganz einfach.<\/p>\n","protected":false},"excerpt":{"rendered":"<p>Mit dem Epson EcoTank ET-2861 Multifunktionsdrucker sparst du ordentlich Druckkosten. Dieser Drucker druckt nicht mit teuren Patronen, sondern mit preiswerten Tintenflaschen. Mit einem Tintenflaschenset druckst du bis zu 4.500 Schwarz-Wei\u00df-Seiten und bis zu 7.500 Farbseiten. Damit f\u00fcllst du den Tintentank des Druckers ganz einfach auf. Mit diesem Multifunktionsmodell scannst du auch deinen Ausweis ein oder kopierst ein Hand-out. Der EcoTank ET-2861 hat eine Druckaufl\u00f6sung von 5.760\u00a0x 1.440\u00a0dpi. Daher erscheinen deine Urlaubsfotos als scharfer Ausdruck f\u00fcr die Wand oder dein Fotoalbum. Du versendest Druckauftr\u00e4ge kabelgebunden \u00fcber ein USB-Kabel oder auch kabellos \u00fcber WLAN oder Wi-Fi Direct. \u00dcber die Epson Smart Panel App ist die Bedienung des Druckers ganz einfach.<\/p>\n","protected":false},"featured_media":0,"comment_status":"closed","ping_status":"open","template":"","meta":{"_acf_changed":false},"brand":[267],"product_brand":[],"product_cat":[2205],"product_tag":[4745],"class_list":{"0":"post-82010","1":"product","2":"type-product","3":"status-publish","5":"brand-epson","6":"product_cat-drucker","7":"product_tag-inkttank-printers","8":"pa_condition-new","9":"pa_coolblue-de-verzending-morgen-gratis-geliefert","10":"pa_ean-24741","11":"pa_mpn-c11cj67429","13":"first","14":"instock","15":"product-type-external"},"acf":[],"_links":{"self":[{"href":"https:\/\/onlinehardwareshop.de\/index.php\/wp-json\/wp\/v2\/product\/82010","targetHints":{"allow":["GET"]}}],"collection":[{"href":"https:\/\/onlinehardwareshop.de\/index.php\/wp-json\/wp\/v2\/product"}],"about":[{"href":"https:\/\/onlinehardwareshop.de\/index.php\/wp-json\/wp\/v2\/types\/product"}],"replies":[{"embeddable":true,"href":"https:\/\/onlinehardwareshop.de\/index.php\/wp-json\/wp\/v2\/comments?post=82010"}],"wp:attachment":[{"href":"https:\/\/onlinehardwareshop.de\/index.php\/wp-json\/wp\/v2\/media?parent=82010"}],"wp:term":[{"taxonomy":"brand","embeddable":true,"href":"https:\/\/onlinehardwareshop.de\/index.php\/wp-json\/wp\/v2\/brand?post=82010"},{"taxonomy":"product_brand","embeddable":true,"href":"https:\/\/onlinehardwareshop.de\/index.php\/wp-json\/wp\/v2\/product_brand?post=82010"},{"taxonomy":"product_cat","embeddable":true,"href":"https:\/\/onlinehardwareshop.de\/index.php\/wp-json\/wp\/v2\/product_cat?post=82010"},{"taxonomy":"product_tag","embeddable":true,"href":"https:\/\/onlinehardwareshop.de\/index.php\/wp-json\/wp\/v2\/product_tag?post=82010"}],"curies":[{"name":"wp","href":"https:\/\/api.w.org\/{rel}","templated":true}]}}