{"id":81991,"date":"2024-03-01T04:05:33","date_gmt":"2024-03-01T04:05:33","guid":{"rendered":"https:\/\/onlinehardwareshop.de\/index.php\/produkt\/jura-glacette-wei-2\/"},"modified":"2025-05-14T15:35:52","modified_gmt":"2025-05-14T15:35:52","slug":"jura-glacette-wei","status":"publish","type":"product","link":"https:\/\/onlinehardwareshop.de\/index.php\/produkt\/jura-glacette-wei\/","title":{"rendered":"Jura Glacette Wei&#xDF;"},"content":{"rendered":"<p>Mit dem Jura Glacette K\u00fchler in Wei\u00df bleibt die Milch in deinem Jura Milchbeh\u00e4lter l\u00e4nger frisch. Du legst zun\u00e4chst die mitgelieferte K\u00fchlmanschette in das Gefrierfach, um sie kalt zu stellen. Wenige Stunden sp\u00e4ter platzierst du sie dann in den Jura Glacette K\u00fchler. So wird deine Milch ganz ohne Stromversorgung f\u00fcr bis zu zwei Stunden gek\u00fchlt. Du genie\u00dft daher deinen Cappuccino oder Latte Macchiato mit cremigem Milchschaum ganz ohne Bedenken.<\/p>\n","protected":false},"excerpt":{"rendered":"<p>Mit dem Jura Glacette K\u00fchler in Wei\u00df bleibt die Milch in deinem Jura Milchbeh\u00e4lter l\u00e4nger frisch. Du legst zun\u00e4chst die mitgelieferte K\u00fchlmanschette in das Gefrierfach, um sie kalt zu stellen. Wenige Stunden sp\u00e4ter platzierst du sie dann in den Jura Glacette K\u00fchler. So wird deine Milch ganz ohne Stromversorgung f\u00fcr bis zu zwei Stunden gek\u00fchlt. Du genie\u00dft daher deinen Cappuccino oder Latte Macchiato mit cremigem Milchschaum ganz ohne Bedenken.<\/p>\n","protected":false},"featured_media":0,"comment_status":"closed","ping_status":"open","template":"","meta":{"_acf_changed":false},"brand":[608],"product_brand":[],"product_cat":[2291],"product_tag":[2292],"class_list":{"0":"post-81991","1":"product","2":"type-product","3":"status-publish","5":"brand-jura","6":"product_cat-milchbehlter-fr-kaffeemaschinen","7":"product_tag-melkreservoirs-voor-koffiezetapparaten","8":"pa_condition-new","9":"pa_coolblue-de-verzending-morgen-gratis-geliefert","10":"pa_ean-24701","11":"pa_mpn-cp-ma-00000815-01","13":"first","14":"instock","15":"product-type-external"},"acf":[],"_links":{"self":[{"href":"https:\/\/onlinehardwareshop.de\/index.php\/wp-json\/wp\/v2\/product\/81991","targetHints":{"allow":["GET"]}}],"collection":[{"href":"https:\/\/onlinehardwareshop.de\/index.php\/wp-json\/wp\/v2\/product"}],"about":[{"href":"https:\/\/onlinehardwareshop.de\/index.php\/wp-json\/wp\/v2\/types\/product"}],"replies":[{"embeddable":true,"href":"https:\/\/onlinehardwareshop.de\/index.php\/wp-json\/wp\/v2\/comments?post=81991"}],"wp:attachment":[{"href":"https:\/\/onlinehardwareshop.de\/index.php\/wp-json\/wp\/v2\/media?parent=81991"}],"wp:term":[{"taxonomy":"brand","embeddable":true,"href":"https:\/\/onlinehardwareshop.de\/index.php\/wp-json\/wp\/v2\/brand?post=81991"},{"taxonomy":"product_brand","embeddable":true,"href":"https:\/\/onlinehardwareshop.de\/index.php\/wp-json\/wp\/v2\/product_brand?post=81991"},{"taxonomy":"product_cat","embeddable":true,"href":"https:\/\/onlinehardwareshop.de\/index.php\/wp-json\/wp\/v2\/product_cat?post=81991"},{"taxonomy":"product_tag","embeddable":true,"href":"https:\/\/onlinehardwareshop.de\/index.php\/wp-json\/wp\/v2\/product_tag?post=81991"}],"curies":[{"name":"wp","href":"https:\/\/api.w.org\/{rel}","templated":true}]}}