{"id":81948,"date":"2025-02-04T07:32:21","date_gmt":"2025-02-04T07:32:21","guid":{"rendered":"https:\/\/onlinehardwareshop.de\/index.php\/produkt\/canon-maxify-gx4050-1-satz-canon-tintenflaschen-2\/"},"modified":"2025-05-14T15:32:21","modified_gmt":"2025-05-14T15:32:21","slug":"canon-maxify-gx4050-1-satz-canon-tintenflaschen","status":"publish","type":"product","link":"https:\/\/onlinehardwareshop.de\/index.php\/produkt\/canon-maxify-gx4050-1-satz-canon-tintenflaschen\/","title":{"rendered":"Canon MAXIFY GX4050 + 1 Satz Canon Tintenflaschen"},"content":{"rendered":"<p>Mit dem Canon MAXIFY GX4050 4-in-1-Tintenstrahldrucker + einem Satz Tintenflaschen druckst du noch l\u00e4nger bevor du ihn nachf\u00fcllst. Er eignet sich ideal f\u00fcr dein Home Office oder ein kleines B\u00fcro, denn er druckt, scannt, kopiert und faxt. Gro\u00dfe Dokumente scannt oder kopiert der MAXIFY GX4050 automatisch einseitig, was dir Zeit spart. \u00dcber WiFi Direct schickst du Druckauftr\u00e4ge kabellos vom Schreibtisch aus direkt an den Canon Drucker, ohne einen Router zu ben\u00f6tigen. Dank der nachf\u00fcllbaren Tintentanks mittels Tintenflaschen sparst du Druckkosten. Denn ein Satz Tintenflaschen reicht f\u00fcr bis zu 14.000 Farbseiten und 6.000 Schwarz-Wei\u00df-Seiten. Das ist nicht nur g\u00fcnstig, sondern auch umweltfreundlich. Die einzigartige D\u00fcse der Flasche ist so gestaltet, dass du nur den richtigen Tintentank deines Druckers damit f\u00fcllst.<\/p>\n","protected":false},"excerpt":{"rendered":"<p>Mit dem Canon MAXIFY GX4050 4-in-1-Tintenstrahldrucker + einem Satz Tintenflaschen druckst du noch l\u00e4nger bevor du ihn nachf\u00fcllst. Er eignet sich ideal f\u00fcr dein Home Office oder ein kleines B\u00fcro, denn er druckt, scannt, kopiert und faxt. Gro\u00dfe Dokumente scannt oder kopiert der MAXIFY GX4050 automatisch einseitig, was dir Zeit spart. \u00dcber WiFi Direct schickst du Druckauftr\u00e4ge kabellos vom Schreibtisch aus direkt an den Canon Drucker, ohne einen Router zu ben\u00f6tigen. Dank der nachf\u00fcllbaren Tintentanks mittels Tintenflaschen sparst du Druckkosten. Denn ein Satz Tintenflaschen reicht f\u00fcr bis zu 14.000 Farbseiten und 6.000 Schwarz-Wei\u00df-Seiten. Das ist nicht nur g\u00fcnstig, sondern auch umweltfreundlich. Die einzigartige D\u00fcse der Flasche ist so gestaltet, dass du nur den richtigen Tintentank deines Druckers damit f\u00fcllst.<\/p>\n","protected":false},"featured_media":0,"comment_status":"closed","ping_status":"open","template":"","meta":{"_acf_changed":false},"brand":[61],"product_brand":[],"product_cat":[2205],"product_tag":[4745],"class_list":{"0":"post-81948","1":"product","2":"type-product","3":"status-publish","5":"brand-canon","6":"product_cat-drucker","7":"product_tag-inkttank-printers","8":"pa_condition-new","9":"pa_coolblue-de-verzending-morgen-gratis-geliefert","10":"pa_ean-27125","12":"first","13":"instock","14":"product-type-external"},"acf":[],"_links":{"self":[{"href":"https:\/\/onlinehardwareshop.de\/index.php\/wp-json\/wp\/v2\/product\/81948","targetHints":{"allow":["GET"]}}],"collection":[{"href":"https:\/\/onlinehardwareshop.de\/index.php\/wp-json\/wp\/v2\/product"}],"about":[{"href":"https:\/\/onlinehardwareshop.de\/index.php\/wp-json\/wp\/v2\/types\/product"}],"replies":[{"embeddable":true,"href":"https:\/\/onlinehardwareshop.de\/index.php\/wp-json\/wp\/v2\/comments?post=81948"}],"wp:attachment":[{"href":"https:\/\/onlinehardwareshop.de\/index.php\/wp-json\/wp\/v2\/media?parent=81948"}],"wp:term":[{"taxonomy":"brand","embeddable":true,"href":"https:\/\/onlinehardwareshop.de\/index.php\/wp-json\/wp\/v2\/brand?post=81948"},{"taxonomy":"product_brand","embeddable":true,"href":"https:\/\/onlinehardwareshop.de\/index.php\/wp-json\/wp\/v2\/product_brand?post=81948"},{"taxonomy":"product_cat","embeddable":true,"href":"https:\/\/onlinehardwareshop.de\/index.php\/wp-json\/wp\/v2\/product_cat?post=81948"},{"taxonomy":"product_tag","embeddable":true,"href":"https:\/\/onlinehardwareshop.de\/index.php\/wp-json\/wp\/v2\/product_tag?post=81948"}],"curies":[{"name":"wp","href":"https:\/\/api.w.org\/{rel}","templated":true}]}}