{"id":81904,"date":"2024-12-24T05:26:20","date_gmt":"2024-12-24T05:26:20","guid":{"rendered":"https:\/\/onlinehardwareshop.de\/index.php\/produkt\/epson-ecotank-et-m1120-1-schwarze-ersatztintenflasche\/"},"modified":"2025-05-14T15:28:01","modified_gmt":"2025-05-14T15:28:01","slug":"epson-ecotank-et-m1120-1-schwarze-ersatztintenflasche","status":"publish","type":"product","link":"https:\/\/onlinehardwareshop.de\/index.php\/produkt\/epson-ecotank-et-m1120-1-schwarze-ersatztintenflasche\/","title":{"rendered":"Epson EcoTank ET-M1120 + 1 schwarze Ersatztintenflasche"},"content":{"rendered":"<p>Mit dem Set aus Epson EcoTank ET-M1120 + 1 schwarze Ersatztintenflasche druckst du bis zu 11.000 Schwarz-Wei\u00df-Seiten. Der Epson EcoTank ET-M1120 druckt Schwarz-Wei\u00df-Dokumente in hohem Tempo aus. Mit einer Druckgeschwindigkeit von 15 Seiten pro Minute musst du nicht lange auf deine gedruckten Seiten warten. Der ET-M1120 verwendet keine Patronen. Stattdessen hat er einen Tintentank, den du selbst mit Tinte aus einer Flasche wieder auff\u00fcllst. Das ist g\u00fcnstiger als der Einsatz von Patronen. Verbinde deinen PC, Laptop, dein Smartphone oder Tablet \u00fcber WLAN mit diesem Drucker und versende kabellos Druckauftr\u00e4ge an den ET-M1120.<\/p>\n","protected":false},"excerpt":{"rendered":"<p>Mit dem Set aus Epson EcoTank ET-M1120 + 1 schwarze Ersatztintenflasche druckst du bis zu 11.000 Schwarz-Wei\u00df-Seiten. Der Epson EcoTank ET-M1120 druckt Schwarz-Wei\u00df-Dokumente in hohem Tempo aus. Mit einer Druckgeschwindigkeit von 15 Seiten pro Minute musst du nicht lange auf deine gedruckten Seiten warten. Der ET-M1120 verwendet keine Patronen. Stattdessen hat er einen Tintentank, den du selbst mit Tinte aus einer Flasche wieder auff\u00fcllst. Das ist g\u00fcnstiger als der Einsatz von Patronen. Verbinde deinen PC, Laptop, dein Smartphone oder Tablet \u00fcber WLAN mit diesem Drucker und versende kabellos Druckauftr\u00e4ge an den ET-M1120.<\/p>\n","protected":false},"featured_media":0,"comment_status":"closed","ping_status":"open","template":"","meta":{"_acf_changed":false},"brand":[267],"product_brand":[],"product_cat":[2205],"product_tag":[4745],"class_list":{"0":"post-81904","1":"product","2":"type-product","3":"status-publish","5":"brand-epson","6":"product_cat-drucker","7":"product_tag-inkttank-printers","8":"pa_condition-new","9":"pa_coolblue-de-verzending-morgen-gratis-geliefert","10":"pa_ean-24547","12":"first","13":"instock","14":"product-type-external"},"acf":[],"_links":{"self":[{"href":"https:\/\/onlinehardwareshop.de\/index.php\/wp-json\/wp\/v2\/product\/81904","targetHints":{"allow":["GET"]}}],"collection":[{"href":"https:\/\/onlinehardwareshop.de\/index.php\/wp-json\/wp\/v2\/product"}],"about":[{"href":"https:\/\/onlinehardwareshop.de\/index.php\/wp-json\/wp\/v2\/types\/product"}],"replies":[{"embeddable":true,"href":"https:\/\/onlinehardwareshop.de\/index.php\/wp-json\/wp\/v2\/comments?post=81904"}],"wp:attachment":[{"href":"https:\/\/onlinehardwareshop.de\/index.php\/wp-json\/wp\/v2\/media?parent=81904"}],"wp:term":[{"taxonomy":"brand","embeddable":true,"href":"https:\/\/onlinehardwareshop.de\/index.php\/wp-json\/wp\/v2\/brand?post=81904"},{"taxonomy":"product_brand","embeddable":true,"href":"https:\/\/onlinehardwareshop.de\/index.php\/wp-json\/wp\/v2\/product_brand?post=81904"},{"taxonomy":"product_cat","embeddable":true,"href":"https:\/\/onlinehardwareshop.de\/index.php\/wp-json\/wp\/v2\/product_cat?post=81904"},{"taxonomy":"product_tag","embeddable":true,"href":"https:\/\/onlinehardwareshop.de\/index.php\/wp-json\/wp\/v2\/product_tag?post=81904"}],"curies":[{"name":"wp","href":"https:\/\/api.w.org\/{rel}","templated":true}]}}