{"id":81890,"date":"2024-05-26T20:36:04","date_gmt":"2024-05-26T20:36:04","guid":{"rendered":"https:\/\/onlinehardwareshop.de\/index.php\/produkt\/house-of-marley-stir-it-up-staubabdeckung-2\/"},"modified":"2025-05-14T15:27:24","modified_gmt":"2025-05-14T15:27:24","slug":"house-of-marley-stir-it-up-staubabdeckung","status":"publish","type":"product","link":"https:\/\/onlinehardwareshop.de\/index.php\/produkt\/house-of-marley-stir-it-up-staubabdeckung\/","title":{"rendered":"House of Marley Stir It Up Staubabdeckung"},"content":{"rendered":"<p>Mit der House of Marley Stir It Up Staubabdeckung sch\u00fctzt du deinen Plattenspieler vor Staub. Dadurch kommt kein Schmutz oder Staub auf das Ger\u00e4t. So h\u00f6rst du kein Knacksen in der Musik und genie\u00dft einen klaren Klang.<\/p>\n","protected":false},"excerpt":{"rendered":"<p>Mit der House of Marley Stir It Up Staubabdeckung sch\u00fctzt du deinen Plattenspieler vor Staub. Dadurch kommt kein Schmutz oder Staub auf das Ger\u00e4t. So h\u00f6rst du kein Knacksen in der Musik und genie\u00dft einen klaren Klang.<\/p>\n","protected":false},"featured_media":0,"comment_status":"closed","ping_status":"open","template":"","meta":{"_acf_changed":false},"brand":[4871],"product_brand":[],"product_cat":[14446],"product_tag":[14447],"class_list":{"0":"post-81890","1":"product","2":"type-product","3":"status-publish","5":"brand-house-of-marley","6":"product_cat-hllen-fr-dj-controller","7":"product_tag-beschermhoezen-voor-dj-controllers","8":"pa_condition-new","9":"pa_coolblue-de-verzending-morgen-gratis-geliefert","10":"pa_ean-24529","11":"pa_mpn-em-jt220","13":"first","14":"instock","15":"product-type-external"},"acf":[],"_links":{"self":[{"href":"https:\/\/onlinehardwareshop.de\/index.php\/wp-json\/wp\/v2\/product\/81890","targetHints":{"allow":["GET"]}}],"collection":[{"href":"https:\/\/onlinehardwareshop.de\/index.php\/wp-json\/wp\/v2\/product"}],"about":[{"href":"https:\/\/onlinehardwareshop.de\/index.php\/wp-json\/wp\/v2\/types\/product"}],"replies":[{"embeddable":true,"href":"https:\/\/onlinehardwareshop.de\/index.php\/wp-json\/wp\/v2\/comments?post=81890"}],"wp:attachment":[{"href":"https:\/\/onlinehardwareshop.de\/index.php\/wp-json\/wp\/v2\/media?parent=81890"}],"wp:term":[{"taxonomy":"brand","embeddable":true,"href":"https:\/\/onlinehardwareshop.de\/index.php\/wp-json\/wp\/v2\/brand?post=81890"},{"taxonomy":"product_brand","embeddable":true,"href":"https:\/\/onlinehardwareshop.de\/index.php\/wp-json\/wp\/v2\/product_brand?post=81890"},{"taxonomy":"product_cat","embeddable":true,"href":"https:\/\/onlinehardwareshop.de\/index.php\/wp-json\/wp\/v2\/product_cat?post=81890"},{"taxonomy":"product_tag","embeddable":true,"href":"https:\/\/onlinehardwareshop.de\/index.php\/wp-json\/wp\/v2\/product_tag?post=81890"}],"curies":[{"name":"wp","href":"https:\/\/api.w.org\/{rel}","templated":true}]}}