{"id":81884,"date":"2024-04-16T21:33:13","date_gmt":"2024-04-16T21:33:13","guid":{"rendered":"https:\/\/onlinehardwareshop.de\/index.php\/produkt\/einhell-tp-jst-18-135-li-bl-solo-ohne-akku-2\/"},"modified":"2025-05-14T15:26:55","modified_gmt":"2025-05-14T15:26:55","slug":"einhell-tp-jst-18-135-li-bl-solo-ohne-akku","status":"publish","type":"product","link":"https:\/\/onlinehardwareshop.de\/index.php\/produkt\/einhell-tp-jst-18-135-li-bl-solo-ohne-akku\/","title":{"rendered":"Einhell TP-JST 18\/135 Li BL Solo (ohne Akku)"},"content":{"rendered":"<p>Mit der Einhell TP-JST 18 Li BL Solo (ohne Akku) s\u00e4gst du schnell und m\u00fchelos durch verschiedene Materialien wie Holz und Metall. Diese Stichs\u00e4ge s\u00e4gt bis zu 135\u00a0mm tief in Holz und bis zu 10\u00a0mm tief in Stahl. Du s\u00e4gst gerade und schr\u00e4g (auf Gehrung), sodass du viele verschiedene Arbeiten erledigst. Mit der Blasfunktion h\u00e4ltst du deinen Arbeitsbereich sauber und sorgst f\u00fcr gute Sicht. Das integrierte Licht ist dabei in dunklen R\u00e4umen n\u00fctzlich. Die S\u00e4gebl\u00e4tter lassen sich schnell und einfach ohne zus\u00e4tzliches Werkzeug wechseln. Diese Stichs\u00e4ge ist Teil des Power X-Change 18V Akkusystems. Wenn du bereits einen Akku dieses Systems besitzt, dann verwendest du ihn auch in dieser Maschine.<\/p>\n","protected":false},"excerpt":{"rendered":"<p>Mit der Einhell TP-JST 18 Li BL Solo (ohne Akku) s\u00e4gst du schnell und m\u00fchelos durch verschiedene Materialien wie Holz und Metall. Diese Stichs\u00e4ge s\u00e4gt bis zu 135\u00a0mm tief in Holz und bis zu 10\u00a0mm tief in Stahl. Du s\u00e4gst gerade und schr\u00e4g (auf Gehrung), sodass du viele verschiedene Arbeiten erledigst. Mit der Blasfunktion h\u00e4ltst du deinen Arbeitsbereich sauber und sorgst f\u00fcr gute Sicht. Das integrierte Licht ist dabei in dunklen R\u00e4umen n\u00fctzlich. Die S\u00e4gebl\u00e4tter lassen sich schnell und einfach ohne zus\u00e4tzliches Werkzeug wechseln. Diese Stichs\u00e4ge ist Teil des Power X-Change 18V Akkusystems. Wenn du bereits einen Akku dieses Systems besitzt, dann verwendest du ihn auch in dieser Maschine.<\/p>\n","protected":false},"featured_media":0,"comment_status":"closed","ping_status":"open","template":"","meta":{"_acf_changed":false},"brand":[1564],"product_brand":[],"product_cat":[43],"product_tag":[2773],"class_list":{"0":"post-81884","1":"product","2":"type-product","3":"status-publish","5":"brand-einhell","6":"product_cat-stichsgen","7":"product_tag-accu-decoupeerzagen","8":"pa_condition-new","9":"pa_coolblue-de-verzending-morgen-gratis-geliefert","10":"pa_ean-24513","11":"pa_mpn-24514","13":"first","14":"instock","15":"product-type-external"},"acf":[],"_links":{"self":[{"href":"https:\/\/onlinehardwareshop.de\/index.php\/wp-json\/wp\/v2\/product\/81884","targetHints":{"allow":["GET"]}}],"collection":[{"href":"https:\/\/onlinehardwareshop.de\/index.php\/wp-json\/wp\/v2\/product"}],"about":[{"href":"https:\/\/onlinehardwareshop.de\/index.php\/wp-json\/wp\/v2\/types\/product"}],"replies":[{"embeddable":true,"href":"https:\/\/onlinehardwareshop.de\/index.php\/wp-json\/wp\/v2\/comments?post=81884"}],"wp:attachment":[{"href":"https:\/\/onlinehardwareshop.de\/index.php\/wp-json\/wp\/v2\/media?parent=81884"}],"wp:term":[{"taxonomy":"brand","embeddable":true,"href":"https:\/\/onlinehardwareshop.de\/index.php\/wp-json\/wp\/v2\/brand?post=81884"},{"taxonomy":"product_brand","embeddable":true,"href":"https:\/\/onlinehardwareshop.de\/index.php\/wp-json\/wp\/v2\/product_brand?post=81884"},{"taxonomy":"product_cat","embeddable":true,"href":"https:\/\/onlinehardwareshop.de\/index.php\/wp-json\/wp\/v2\/product_cat?post=81884"},{"taxonomy":"product_tag","embeddable":true,"href":"https:\/\/onlinehardwareshop.de\/index.php\/wp-json\/wp\/v2\/product_tag?post=81884"}],"curies":[{"name":"wp","href":"https:\/\/api.w.org\/{rel}","templated":true}]}}