{"id":81883,"date":"2024-12-05T22:59:38","date_gmt":"2024-12-05T22:59:38","guid":{"rendered":"https:\/\/onlinehardwareshop.de\/index.php\/produkt\/einhell-tp-js-18-135-li-bl-solo-ohne-akku-2\/"},"modified":"2025-05-14T15:26:51","modified_gmt":"2025-05-14T15:26:51","slug":"einhell-tp-js-18-135-li-bl-solo-ohne-akku","status":"publish","type":"product","link":"https:\/\/onlinehardwareshop.de\/index.php\/produkt\/einhell-tp-js-18-135-li-bl-solo-ohne-akku\/","title":{"rendered":"Einhell TP-JS 18\/135 Li BL Solo (ohne Akku)"},"content":{"rendered":"<p>Mit der Einhell Professional TP-JS 18\/135 Li BL Solo (ohne Akku) s\u00e4gst du m\u00fchelos durch verschiedene Materialien wie Holz oder Metall. Der leistungsstarke PurePOWER Motor ohne Kohleb\u00fcrsten sorgt f\u00fcr mehr Kraft und h\u00e4lt au\u00dferdem mit nur einer Akkuladung l\u00e4nger durch. Du s\u00e4gst pr\u00e4zise und schaltest f\u00fcr schnellere Schnitte einfach den Pendelhub zu. Diese Stichs\u00e4ge s\u00e4gt bis zu 135\u00a0mm tief in Holz und bis zu 10\u00a0mm tief in Stahl. Zudem setzt du m\u00fchelos Schr\u00e4gschnitte (auf Gehrung) bis 45 Grad. Mit der Blasfunktion h\u00e4ltst du deinen Arbeitsbereich sauber und sorgst f\u00fcr gute Sicht. Das integrierte Licht hilft bei der Arbeit in dunklen R\u00e4umen. Die S\u00e4gebl\u00e4tter lassen sich schnell und einfach ohne zus\u00e4tzliches Werkzeug wechseln. Diese Stichs\u00e4ge ist Teil des Power X-Change 18V Akkusystems. Wenn du bereits einen Akku dieses Systems besitzt, dann verwendest du ihn auch in dieser Maschine.<\/p>\n","protected":false},"excerpt":{"rendered":"<p>Mit der Einhell Professional TP-JS 18\/135 Li BL Solo (ohne Akku) s\u00e4gst du m\u00fchelos durch verschiedene Materialien wie Holz oder Metall. Der leistungsstarke PurePOWER Motor ohne Kohleb\u00fcrsten sorgt f\u00fcr mehr Kraft und h\u00e4lt au\u00dferdem mit nur einer Akkuladung l\u00e4nger durch. Du s\u00e4gst pr\u00e4zise und schaltest f\u00fcr schnellere Schnitte einfach den Pendelhub zu. Diese Stichs\u00e4ge s\u00e4gt bis zu 135\u00a0mm tief in Holz und bis zu 10\u00a0mm tief in Stahl. Zudem setzt du m\u00fchelos Schr\u00e4gschnitte (auf Gehrung) bis 45 Grad. Mit der Blasfunktion h\u00e4ltst du deinen Arbeitsbereich sauber und sorgst f\u00fcr gute Sicht. Das integrierte Licht hilft bei der Arbeit in dunklen R\u00e4umen. Die S\u00e4gebl\u00e4tter lassen sich schnell und einfach ohne zus\u00e4tzliches Werkzeug wechseln. Diese Stichs\u00e4ge ist Teil des Power X-Change 18V Akkusystems. Wenn du bereits einen Akku dieses Systems besitzt, dann verwendest du ihn auch in dieser Maschine.<\/p>\n","protected":false},"featured_media":0,"comment_status":"closed","ping_status":"open","template":"","meta":{"_acf_changed":false},"brand":[1564],"product_brand":[],"product_cat":[43],"product_tag":[2773],"class_list":{"0":"post-81883","1":"product","2":"type-product","3":"status-publish","5":"brand-einhell","6":"product_cat-stichsgen","7":"product_tag-accu-decoupeerzagen","8":"pa_condition-new","9":"pa_coolblue-de-verzending-morgen-gratis-geliefert","10":"pa_ean-24511","11":"pa_mpn-24512","13":"first","14":"instock","15":"product-type-external"},"acf":[],"_links":{"self":[{"href":"https:\/\/onlinehardwareshop.de\/index.php\/wp-json\/wp\/v2\/product\/81883","targetHints":{"allow":["GET"]}}],"collection":[{"href":"https:\/\/onlinehardwareshop.de\/index.php\/wp-json\/wp\/v2\/product"}],"about":[{"href":"https:\/\/onlinehardwareshop.de\/index.php\/wp-json\/wp\/v2\/types\/product"}],"replies":[{"embeddable":true,"href":"https:\/\/onlinehardwareshop.de\/index.php\/wp-json\/wp\/v2\/comments?post=81883"}],"wp:attachment":[{"href":"https:\/\/onlinehardwareshop.de\/index.php\/wp-json\/wp\/v2\/media?parent=81883"}],"wp:term":[{"taxonomy":"brand","embeddable":true,"href":"https:\/\/onlinehardwareshop.de\/index.php\/wp-json\/wp\/v2\/brand?post=81883"},{"taxonomy":"product_brand","embeddable":true,"href":"https:\/\/onlinehardwareshop.de\/index.php\/wp-json\/wp\/v2\/product_brand?post=81883"},{"taxonomy":"product_cat","embeddable":true,"href":"https:\/\/onlinehardwareshop.de\/index.php\/wp-json\/wp\/v2\/product_cat?post=81883"},{"taxonomy":"product_tag","embeddable":true,"href":"https:\/\/onlinehardwareshop.de\/index.php\/wp-json\/wp\/v2\/product_tag?post=81883"}],"curies":[{"name":"wp","href":"https:\/\/api.w.org\/{rel}","templated":true}]}}