{"id":81881,"date":"2025-02-03T05:01:16","date_gmt":"2025-02-03T05:01:16","guid":{"rendered":"https:\/\/onlinehardwareshop.de\/index.php\/produkt\/einhell-te-rh-32-1600-4f-2\/"},"modified":"2025-05-14T15:26:31","modified_gmt":"2025-05-14T15:26:31","slug":"einhell-te-rh-32-1600-4f","status":"publish","type":"product","link":"https:\/\/onlinehardwareshop.de\/index.php\/produkt\/einhell-te-rh-32-1600-4f\/","title":{"rendered":"Einhell TE-RH 32-1600 4F"},"content":{"rendered":"<p>Bohre mit dem Einhell TE-RH 32-1600 4F m\u00fchelos L\u00f6cher von bis zu 32\u00a0mm Durchmesser in Beton oder Stein. Mit einer Schlagst\u00e4rke von 4,5 Joule schl\u00e4gst du problemlos Fliesen von der Wand oder rei\u00dft eine kleine Mauer ab. In der SDS-Plus Aufnahme befestigst du Bohrer und Mei\u00dfel. Das Bohrfutter sorgt dabei daf\u00fcr, dass sich die Bohrer nicht l\u00f6sen k\u00f6nnen. Dank des zweiten Griffs arbeitest du komfortabel und hast mehr Kontrolle \u00fcber den Bohrhammer. Au\u00dferdem arbeitest du mit diesem Kombihammer lange Zeit am St\u00fcck, da er \u00fcber Netzanschluss l\u00e4uft. Fertig mit Werkeln? Dann verstaue den Kombihammer ordentlich im mitgelieferten Koffer.<\/p>\n","protected":false},"excerpt":{"rendered":"<p>Bohre mit dem Einhell TE-RH 32-1600 4F m\u00fchelos L\u00f6cher von bis zu 32\u00a0mm Durchmesser in Beton oder Stein. Mit einer Schlagst\u00e4rke von 4,5 Joule schl\u00e4gst du problemlos Fliesen von der Wand oder rei\u00dft eine kleine Mauer ab. In der SDS-Plus Aufnahme befestigst du Bohrer und Mei\u00dfel. Das Bohrfutter sorgt dabei daf\u00fcr, dass sich die Bohrer nicht l\u00f6sen k\u00f6nnen. Dank des zweiten Griffs arbeitest du komfortabel und hast mehr Kontrolle \u00fcber den Bohrhammer. Au\u00dferdem arbeitest du mit diesem Kombihammer lange Zeit am St\u00fcck, da er \u00fcber Netzanschluss l\u00e4uft. Fertig mit Werkeln? Dann verstaue den Kombihammer ordentlich im mitgelieferten Koffer.<\/p>\n","protected":false},"featured_media":0,"comment_status":"closed","ping_status":"open","template":"","meta":{"_acf_changed":false},"brand":[1564],"product_brand":[],"product_cat":[261],"product_tag":[262],"class_list":{"0":"post-81881","1":"product","2":"type-product","3":"status-publish","5":"brand-einhell","6":"product_cat-bohrmaschinen","7":"product_tag-boorhamers","8":"pa_condition-new","9":"pa_coolblue-de-verzending-morgen-gratis-geliefert","10":"pa_ean-24503","11":"pa_mpn-24504","13":"first","14":"instock","15":"product-type-external"},"acf":[],"_links":{"self":[{"href":"https:\/\/onlinehardwareshop.de\/index.php\/wp-json\/wp\/v2\/product\/81881","targetHints":{"allow":["GET"]}}],"collection":[{"href":"https:\/\/onlinehardwareshop.de\/index.php\/wp-json\/wp\/v2\/product"}],"about":[{"href":"https:\/\/onlinehardwareshop.de\/index.php\/wp-json\/wp\/v2\/types\/product"}],"replies":[{"embeddable":true,"href":"https:\/\/onlinehardwareshop.de\/index.php\/wp-json\/wp\/v2\/comments?post=81881"}],"wp:attachment":[{"href":"https:\/\/onlinehardwareshop.de\/index.php\/wp-json\/wp\/v2\/media?parent=81881"}],"wp:term":[{"taxonomy":"brand","embeddable":true,"href":"https:\/\/onlinehardwareshop.de\/index.php\/wp-json\/wp\/v2\/brand?post=81881"},{"taxonomy":"product_brand","embeddable":true,"href":"https:\/\/onlinehardwareshop.de\/index.php\/wp-json\/wp\/v2\/product_brand?post=81881"},{"taxonomy":"product_cat","embeddable":true,"href":"https:\/\/onlinehardwareshop.de\/index.php\/wp-json\/wp\/v2\/product_cat?post=81881"},{"taxonomy":"product_tag","embeddable":true,"href":"https:\/\/onlinehardwareshop.de\/index.php\/wp-json\/wp\/v2\/product_tag?post=81881"}],"curies":[{"name":"wp","href":"https:\/\/api.w.org\/{rel}","templated":true}]}}