{"id":81880,"date":"2025-01-16T12:53:43","date_gmt":"2025-01-16T12:53:43","guid":{"rendered":"https:\/\/onlinehardwareshop.de\/index.php\/produkt\/einhell-tc-rh-620-4f-2\/"},"modified":"2025-05-14T15:26:27","modified_gmt":"2025-05-14T15:26:27","slug":"einhell-tc-rh-620-4f","status":"publish","type":"product","link":"https:\/\/onlinehardwareshop.de\/index.php\/produkt\/einhell-tc-rh-620-4f\/","title":{"rendered":"Einhell TC-RH 620 4F"},"content":{"rendered":"<p>Bohre mit dem Einhell TC-RH 620 4F m\u00fchelos L\u00f6cher von bis zu 20\u00a0mm Durchmesser in Beton und Stein. Mit dem Bohrhammer schl\u00e4gst du problemlos Fliesen von deiner Badezimmerwand oder rei\u00dft mithilfe des Drehstopps eine kleine Mauer ab. Dank der Schlagst\u00e4rke von 2,2 Joule bohrst du m\u00fchelos in h\u00e4rtere Steinsorten. Der einstellbare Tiefenanschlag sorgt dabei daf\u00fcr, dass du immer auf der richtigen Tiefe arbeitest. Dank des zweiten Griffs und des geringen Gewichts von 2,6\u00a0kg arbeitest du komfortabel. Da der Kombihammer \u00fcber Netzanschluss l\u00e4uft, arbeitest du au\u00dferdem lange Zeit am St\u00fcck. Die Maschine ist so jederzeit einsatzbereit. Wenn du fertig bist, verstaust du den Kombihammer ordentlich im mitgelieferten Koffer.<\/p>\n","protected":false},"excerpt":{"rendered":"<p>Bohre mit dem Einhell TC-RH 620 4F m\u00fchelos L\u00f6cher von bis zu 20\u00a0mm Durchmesser in Beton und Stein. Mit dem Bohrhammer schl\u00e4gst du problemlos Fliesen von deiner Badezimmerwand oder rei\u00dft mithilfe des Drehstopps eine kleine Mauer ab. Dank der Schlagst\u00e4rke von 2,2 Joule bohrst du m\u00fchelos in h\u00e4rtere Steinsorten. Der einstellbare Tiefenanschlag sorgt dabei daf\u00fcr, dass du immer auf der richtigen Tiefe arbeitest. Dank des zweiten Griffs und des geringen Gewichts von 2,6\u00a0kg arbeitest du komfortabel. Da der Kombihammer \u00fcber Netzanschluss l\u00e4uft, arbeitest du au\u00dferdem lange Zeit am St\u00fcck. Die Maschine ist so jederzeit einsatzbereit. Wenn du fertig bist, verstaust du den Kombihammer ordentlich im mitgelieferten Koffer.<\/p>\n","protected":false},"featured_media":0,"comment_status":"closed","ping_status":"open","template":"","meta":{"_acf_changed":false},"brand":[1564],"product_brand":[],"product_cat":[261],"product_tag":[262],"class_list":{"0":"post-81880","1":"product","2":"type-product","3":"status-publish","5":"brand-einhell","6":"product_cat-bohrmaschinen","7":"product_tag-boorhamers","8":"pa_condition-new","9":"pa_coolblue-de-verzending-morgen-gratis-geliefert","10":"pa_ean-24501","11":"pa_mpn-24502","13":"first","14":"instock","15":"product-type-external"},"acf":[],"_links":{"self":[{"href":"https:\/\/onlinehardwareshop.de\/index.php\/wp-json\/wp\/v2\/product\/81880","targetHints":{"allow":["GET"]}}],"collection":[{"href":"https:\/\/onlinehardwareshop.de\/index.php\/wp-json\/wp\/v2\/product"}],"about":[{"href":"https:\/\/onlinehardwareshop.de\/index.php\/wp-json\/wp\/v2\/types\/product"}],"replies":[{"embeddable":true,"href":"https:\/\/onlinehardwareshop.de\/index.php\/wp-json\/wp\/v2\/comments?post=81880"}],"wp:attachment":[{"href":"https:\/\/onlinehardwareshop.de\/index.php\/wp-json\/wp\/v2\/media?parent=81880"}],"wp:term":[{"taxonomy":"brand","embeddable":true,"href":"https:\/\/onlinehardwareshop.de\/index.php\/wp-json\/wp\/v2\/brand?post=81880"},{"taxonomy":"product_brand","embeddable":true,"href":"https:\/\/onlinehardwareshop.de\/index.php\/wp-json\/wp\/v2\/product_brand?post=81880"},{"taxonomy":"product_cat","embeddable":true,"href":"https:\/\/onlinehardwareshop.de\/index.php\/wp-json\/wp\/v2\/product_cat?post=81880"},{"taxonomy":"product_tag","embeddable":true,"href":"https:\/\/onlinehardwareshop.de\/index.php\/wp-json\/wp\/v2\/product_tag?post=81880"}],"curies":[{"name":"wp","href":"https:\/\/api.w.org\/{rel}","templated":true}]}}