{"id":81875,"date":"2024-03-26T18:20:02","date_gmt":"2024-03-26T18:20:02","guid":{"rendered":"https:\/\/onlinehardwareshop.de\/index.php\/produkt\/lexar-sl500m-magsafe-portable-ssd-4tb-2\/"},"modified":"2025-05-14T15:26:00","modified_gmt":"2025-05-14T15:26:00","slug":"lexar-sl500m-magsafe-portable-ssd-4tb","status":"publish","type":"product","link":"https:\/\/onlinehardwareshop.de\/index.php\/produkt\/lexar-sl500m-magsafe-portable-ssd-4tb\/","title":{"rendered":"Lexar SL500M MagSafe Portable SSD 4TB"},"content":{"rendered":"<p>Speichere auf der Lexar SL500M MagSafe Portable SSD 4\u00a0TB wichtige Dateien ab und nimm sie \u00fcberallhin mit. Diese externe Festplatte hat ein magnetisches Geh\u00e4use. Damit befestigst du sie einfach an deinem Smartphone oder Laptop. Dar\u00fcber hinaus speicherst du bis zu 400.000 Fotos oder 132 Stunden an 4K-Videomaterial auf dem 4\u00a0TB gro\u00dfen Speicher ab. Die SL500M bietet eine maximale Lesegeschwindigkeit von 2.000\u00a0MB\/s und eine Schreibgeschwindigkeit von 1.800\u00a0MB\/s. Damit \u00fcbertr\u00e4gst du deine Dateien in Sekundenschnelle. Du nutzt diese externe SSD au\u00dferdem f\u00fcr Filme im Format Apple ProRes 4K 60\u00a0fps. Diese tragbare SSD ist f\u00fcr Windows und Mac Ger\u00e4te sowie f\u00fcr Gaming-Konsolen geeignet. Sie erstellt au\u00dferdem automatisch Backups. Dank der 256-Bit AES Verschl\u00fcsselung sind deine Daten sicher. Das Metallgeh\u00e4use macht die SSD zudem besonders stabil. Du erh\u00e4ltst ganze 5 Jahre Garantie von Lexar.<\/p>\n","protected":false},"excerpt":{"rendered":"<p>Speichere auf der Lexar SL500M MagSafe Portable SSD 4\u00a0TB wichtige Dateien ab und nimm sie \u00fcberallhin mit. Diese externe Festplatte hat ein magnetisches Geh\u00e4use. Damit befestigst du sie einfach an deinem Smartphone oder Laptop. Dar\u00fcber hinaus speicherst du bis zu 400.000 Fotos oder 132 Stunden an 4K-Videomaterial auf dem 4\u00a0TB gro\u00dfen Speicher ab. Die SL500M bietet eine maximale Lesegeschwindigkeit von 2.000\u00a0MB\/s und eine Schreibgeschwindigkeit von 1.800\u00a0MB\/s. Damit \u00fcbertr\u00e4gst du deine Dateien in Sekundenschnelle. Du nutzt diese externe SSD au\u00dferdem f\u00fcr Filme im Format Apple ProRes 4K 60\u00a0fps. Diese tragbare SSD ist f\u00fcr Windows und Mac Ger\u00e4te sowie f\u00fcr Gaming-Konsolen geeignet. Sie erstellt au\u00dferdem automatisch Backups. Dank der 256-Bit AES Verschl\u00fcsselung sind deine Daten sicher. Das Metallgeh\u00e4use macht die SSD zudem besonders stabil. Du erh\u00e4ltst ganze 5 Jahre Garantie von Lexar.<\/p>\n","protected":false},"featured_media":0,"comment_status":"closed","ping_status":"open","template":"","meta":{"_acf_changed":false},"brand":[12499],"product_brand":[],"product_cat":[4819],"product_tag":[4820],"class_list":{"0":"post-81875","1":"product","2":"type-product","3":"status-publish","5":"brand-lexar","6":"product_cat-externe-ssds","7":"product_tag-harde-schijven-extern-ssd","8":"pa_condition-new","9":"pa_coolblue-de-verzending-morgen-gratis-geliefert","10":"pa_ean-24491","11":"pa_mpn-24492","13":"first","14":"instock","15":"product-type-external"},"acf":[],"_links":{"self":[{"href":"https:\/\/onlinehardwareshop.de\/index.php\/wp-json\/wp\/v2\/product\/81875","targetHints":{"allow":["GET"]}}],"collection":[{"href":"https:\/\/onlinehardwareshop.de\/index.php\/wp-json\/wp\/v2\/product"}],"about":[{"href":"https:\/\/onlinehardwareshop.de\/index.php\/wp-json\/wp\/v2\/types\/product"}],"replies":[{"embeddable":true,"href":"https:\/\/onlinehardwareshop.de\/index.php\/wp-json\/wp\/v2\/comments?post=81875"}],"wp:attachment":[{"href":"https:\/\/onlinehardwareshop.de\/index.php\/wp-json\/wp\/v2\/media?parent=81875"}],"wp:term":[{"taxonomy":"brand","embeddable":true,"href":"https:\/\/onlinehardwareshop.de\/index.php\/wp-json\/wp\/v2\/brand?post=81875"},{"taxonomy":"product_brand","embeddable":true,"href":"https:\/\/onlinehardwareshop.de\/index.php\/wp-json\/wp\/v2\/product_brand?post=81875"},{"taxonomy":"product_cat","embeddable":true,"href":"https:\/\/onlinehardwareshop.de\/index.php\/wp-json\/wp\/v2\/product_cat?post=81875"},{"taxonomy":"product_tag","embeddable":true,"href":"https:\/\/onlinehardwareshop.de\/index.php\/wp-json\/wp\/v2\/product_tag?post=81875"}],"curies":[{"name":"wp","href":"https:\/\/api.w.org\/{rel}","templated":true}]}}